
{"id":11186,"date":"2023-10-17T14:51:38","date_gmt":"2023-10-17T14:51:38","guid":{"rendered":"https:\/\/sandsiv.com\/?page_id=11186"},"modified":"2024-01-24T14:29:00","modified_gmt":"2024-01-24T14:29:00","slug":"kontakt-zu-cx-advisor","status":"publish","type":"page","link":"https:\/\/sandsiv.com\/de\/kontakt-zu-cx-advisor\/","title":{"rendered":"Kontakt zu CX Advisor"},"content":{"rendered":"<div id=\"card-block_2e4071ef55cd064ee277439ee5646847\"\n    class=\"card scroll-fade\">\n    <div\n        class=\"module \">\n        <div class=\"container\">\n            <div class=\"card__inner\">\n                <div class=\"card__header\">\n                                        <h4 class=\"tag_line\">Wir k\u00f6nnen Ihnen dabei helfen                    <\/h4>                                         <h1\n                        class=\"heading heading__Big\">\n                        Lassen Sie uns reden!                         <\/h4>                                                 <div class=\"description\"><p>Fordern Sie ein kostenloses Beratungsgespr\u00e4ch mit unserem Experten an. In nur 30 Minuten k\u00f6nnen wir Ihnen helfen, die Verbesserungsbereiche f\u00fcr Ihr CX-Projekt zu verstehen.<\/p>\n                        <\/div>                 <\/div>\n                                                \n            <\/div>\n        <\/div>\n    <\/div>\n<\/div>\n\n\r\n<div id=\"forms_section-block_4a3f60f6f388ea33aa5b9e7255a2918f\" class=\"forms_section scroll-fade\">\r\n    <div class=\"module mt_0 \">  \r\n        <div class=\"bg_clr_section bg_clr_white\">                \r\n            <div class=\"container\">\r\n                <div class=\"forms_inner\"> \r\n                                                                <div class=\"contact_form_section\">\r\n                            <script type=\"text\/javascript\" src=\"https:\/\/mautic.sandsiv.com\/form\/generate.js?id=123\"><\/script>                        <\/div>\r\n                                    <\/div>\r\n            <\/div>\r\n        <\/div>\r\n    <\/div>\r\n<\/div>\n\n\r\n<div id=\"frames_section-block_fbdd1904a0144d3e1a668100a6fd0461\" class=\"frames_section scroll-fade\">\r\n    <div class=\"module mt_0  mb_0\">  \r\n        <div class=\"bg_clr_section bg_clr_turquoise\">               \r\n            <div class=\"container\">\r\n                <div class=\"frames_section_inner\"> \r\n                                            <div class=\"heading\">\r\n                            <span style=\"color: #404040;\">Unser Expertenteam steht zu Ihrer Verf\u00fcgung<\/span>                        <\/div>\r\n                                                                <div class=\"text\">\r\n                            <p><span style=\"color: #404040;\">Wir sind ein Team aus neugierigen Entdeckern, Weltforschern, Berg- und Meeresliebhabern, Sportfans, M\u00fcttern, V\u00e4tern und leidenschaftlichen F\u00fchrungspers\u00f6nlichkeiten aller Art.<\/span><\/p>\n<p><span style=\"color: #404040;\">Gemeinsam sind wir etwas besonderes.<\/span><\/p>\n                        <\/div>\r\n                                                                <div class=\"button_section\">\r\n                            <a class=\"btn btn--white \" href=\"https:\/\/sandsiv.com\/de\/menschen-karriere\/\" >\r\n                                Menschen &#038; Karriere                            <\/a>\r\n                        <\/div>\r\n                                    <\/div>\r\n            <\/div>\r\n        <\/div>\r\n    <\/div>\r\n<\/div>\n\n<div id=\"card-block_46eee01d0ffa31fc7015e0506e7cee19\"\n    class=\"card scroll-fade\">\n    <div\n        class=\"module  mb_0\">\n        <div class=\"container\">\n            <div class=\"card__inner\">\n                <div class=\"card__header\">\n                                                            <h1\n                        class=\"heading heading__Big\">\n                        B\u00fcro                        <\/h4>                                                 <div class=\"description\"><p>Rufen Sie uns unter +41 43 205 2132 an<\/p>\n                        <\/div>                 <\/div>\n                                <div\n                    class=\"card__news_list custom_list list_column4\">\n                                        <div class=\"newsItem\">\n                        <div\n                            class=\"newsItem__inner \">\n                                                        <div class=\"image\"\n                                                                style=\"background-image: url('https:\/\/sandsiv.com\/wp-content\/uploads\/2021\/08\/company_map_1.svg');\"\n                                >\n                                <img decoding=\"async\" src=\"https:\/\/sandsiv.com\/wp-content\/uploads\/2021\/08\/company_map_1.svg\"\n                                    alt=\"contact switzerland\" \/>\n                            <\/div>\n                                                        <div class=\"contant\">\n                                                                <h2 class=\"title\">Z\u00fcrich                                <\/h2>                                                                <div class=\"short_description\">\n                                    Technoparkstrasse, 1 \u2013 8005 \u2013 Schweiz                                                                <\/div>\n                                                                                                                                                            <\/div>\n                        <\/div>\n                    <\/div>\n                                        <div class=\"newsItem\">\n                        <div\n                            class=\"newsItem__inner \">\n                                                        <div class=\"image\"\n                                                                style=\"background-image: url('https:\/\/sandsiv.com\/wp-content\/uploads\/2023\/05\/sandsiv-social-WEB-99.png');\"\n                                >\n                                <img decoding=\"async\" src=\"https:\/\/sandsiv.com\/wp-content\/uploads\/2023\/05\/sandsiv-social-WEB-99.png\"\n                                    alt=\"Riyadh \" \/>\n                            <\/div>\n                                                        <div class=\"contant\">\n                                                                <h2 class=\"title\">Riyadh                                <\/h2>                                                                <div class=\"short_description\">\n                                    Khalid Ibn Alwaleed St X King Abdullah Rd. King Fisal Dist. Riyadh 11655 &#8211; Saudi-Arabien                                                                <\/div>\n                                                                                                                                                            <\/div>\n                        <\/div>\n                    <\/div>\n                                        <div class=\"newsItem\">\n                        <div\n                            class=\"newsItem__inner \">\n                                                        <div class=\"image\"\n                                                                style=\"background-image: url('https:\/\/sandsiv.com\/wp-content\/uploads\/2021\/08\/company_map_3.svg');\"\n                                >\n                                <img decoding=\"async\" src=\"https:\/\/sandsiv.com\/wp-content\/uploads\/2021\/08\/company_map_3.svg\"\n                                    alt=\"contact uk\" \/>\n                            <\/div>\n                                                        <div class=\"contant\">\n                                                                <h2 class=\"title\">London                                <\/h2>                                                                <div class=\"short_description\">\n                                    Forbury Square \u2013 Reading RG1 3EU \u2013 Vereinigtes K\u00f6nigreich                                                                <\/div>\n                                                                                                                                                            <\/div>\n                        <\/div>\n                    <\/div>\n                                        <div class=\"newsItem\">\n                        <div\n                            class=\"newsItem__inner \">\n                                                        <div class=\"image\"\n                                                                style=\"background-image: url('https:\/\/sandsiv.com\/wp-content\/uploads\/2022\/02\/company_map_5.svg');\"\n                                >\n                                <img decoding=\"async\" src=\"https:\/\/sandsiv.com\/wp-content\/uploads\/2022\/02\/company_map_5.svg\"\n                                    alt=\"contact spain\" \/>\n                            <\/div>\n                                                        <div class=\"contant\">\n                                                                <h2 class=\"title\">Valencia                                <\/h2>                                                                <div class=\"short_description\">\n                                    Carrer del Moro Zeid, 11, 46001 Valencia \u2013 Spanien                                                                <\/div>\n                                                                                                                                                            <\/div>\n                        <\/div>\n                    <\/div>\n                                    <\/div>\n                                                \n            <\/div>\n        <\/div>\n    <\/div>\n<\/div>\n\n\r\n<div id=\"frames_section-block_9f55c132bbed40a0b2daad6e078f6b60\" class=\"frames_section scroll-fade\">\r\n    <div class=\"module mt_0  mb_0\">  \r\n        <div class=\"bg_clr_section bg_clr_red\">               \r\n            <div class=\"container\">\r\n                <div class=\"frames_section_inner\"> \r\n                                            <div class=\"heading\">\r\n                            Es erwartet Sie ein grossartiges Kundenerlebnis                        <\/div>\r\n                                                                <div class=\"text\">\r\n                            <p><span data-sheets-value=\"{&quot;1&quot;:2,&quot;2&quot;:&quot;Wir glauben an die Kraft des Voice of the customer und die positive Wirkung von CX auf die Unternehmensleistung.&quot;}\" data-sheets-userformat=\"{&quot;2&quot;:15105,&quot;3&quot;:{&quot;1&quot;:0},&quot;11&quot;:4,&quot;12&quot;:0,&quot;14&quot;:{&quot;1&quot;:3,&quot;3&quot;:1},&quot;15&quot;:&quot;Arial&quot;,&quot;16&quot;:10}\">Wir glauben an die Kraft des Voice of the customer und die positive Wirkung von CX auf die Unternehmensleistung.<\/span><\/p>\n                        <\/div>\r\n                                                                <div class=\"button_section\">\r\n                            <a class=\"btn btn--white \" href=\"https:\/\/sandsiv.com\/de\/produktuebersicht\/\" >\r\n                                Produkt\u00fcbersicht                            <\/a>\r\n                        <\/div>\r\n                                    <\/div>\r\n            <\/div>\r\n        <\/div>\r\n    <\/div>\r\n<\/div>","protected":false},"excerpt":{"rendered":"","protected":false},"author":3,"featured_media":0,"parent":0,"menu_order":0,"comment_status":"closed","ping_status":"closed","template":"","meta":{"content-type":"","footnotes":""},"class_list":["post-11186","page","type-page","status-publish","hentry"],"acf":[],"yoast_head":"<!-- This site is optimized with the Yoast SEO Premium plugin v26.9 (Yoast SEO v27.4) - https:\/\/yoast.com\/product\/yoast-seo-premium-wordpress\/ -->\n<title>Kontakt zu CX Advisor - sandsiv+<\/title>\n<meta name=\"description\" content=\"Nehmen Sie Kontakt mit unserem CX Advisor auf und entdecken Sie in nur 30 Minuten, wie sandsiv+ Ihr Unternehmen ver\u00e4ndern kann.\" \/>\n<meta name=\"robots\" content=\"index, follow, max-snippet:-1, max-image-preview:large, max-video-preview:-1\" \/>\n<link rel=\"canonical\" href=\"https:\/\/sandsiv.com\/de\/kontakt-zu-cx-advisor\/\" \/>\n<meta property=\"og:locale\" content=\"de_DE\" \/>\n<meta property=\"og:type\" content=\"article\" \/>\n<meta property=\"og:title\" content=\"Kontakt zu CX Advisor\" \/>\n<meta property=\"og:description\" content=\"Nehmen Sie Kontakt mit unserem CX Advisor auf und entdecken Sie in nur 30 Minuten, wie sandsiv+ Ihr Unternehmen ver\u00e4ndern kann.\" \/>\n<meta property=\"og:url\" content=\"https:\/\/sandsiv.com\/de\/kontakt-zu-cx-advisor\/\" \/>\n<meta property=\"og:site_name\" content=\"sandsiv+\" \/>\n<meta property=\"article:modified_time\" content=\"2024-01-24T14:29:00+00:00\" \/>\n<meta name=\"twitter:card\" content=\"summary_large_image\" \/>\n<meta name=\"twitter:label1\" content=\"Gesch\u00e4tzte Lesezeit\" \/>\n\t<meta name=\"twitter:data1\" content=\"1 Minute\" \/>\n<script type=\"application\/ld+json\" class=\"yoast-schema-graph\">{\"@context\":\"https:\\\/\\\/schema.org\",\"@graph\":[{\"@type\":\"WebPage\",\"@id\":\"https:\\\/\\\/sandsiv.com\\\/de\\\/kontakt-zu-cx-advisor\\\/\",\"url\":\"https:\\\/\\\/sandsiv.com\\\/de\\\/kontakt-zu-cx-advisor\\\/\",\"name\":\"Kontakt zu CX Advisor - sandsiv+\",\"isPartOf\":{\"@id\":\"https:\\\/\\\/sandsiv.com\\\/#website\"},\"datePublished\":\"2023-10-17T14:51:38+00:00\",\"dateModified\":\"2024-01-24T14:29:00+00:00\",\"description\":\"Nehmen Sie Kontakt mit unserem CX Advisor auf und entdecken Sie in nur 30 Minuten, wie sandsiv+ Ihr Unternehmen ver\u00e4ndern kann.\",\"breadcrumb\":{\"@id\":\"https:\\\/\\\/sandsiv.com\\\/de\\\/kontakt-zu-cx-advisor\\\/#breadcrumb\"},\"inLanguage\":\"de-DE\",\"potentialAction\":[{\"@type\":\"ReadAction\",\"target\":[\"https:\\\/\\\/sandsiv.com\\\/de\\\/kontakt-zu-cx-advisor\\\/\"]}]},{\"@type\":\"BreadcrumbList\",\"@id\":\"https:\\\/\\\/sandsiv.com\\\/de\\\/kontakt-zu-cx-advisor\\\/#breadcrumb\",\"itemListElement\":[{\"@type\":\"ListItem\",\"position\":1,\"name\":\"Home\",\"item\":\"https:\\\/\\\/sandsiv.com\\\/de\\\/\"},{\"@type\":\"ListItem\",\"position\":2,\"name\":\"Kontakt zu CX Advisor\"}]},{\"@type\":\"WebSite\",\"@id\":\"https:\\\/\\\/sandsiv.com\\\/#website\",\"url\":\"https:\\\/\\\/sandsiv.com\\\/\",\"name\":\"sandsiv+\",\"description\":\"Customer Intelligence Made In Switzerland\",\"publisher\":{\"@id\":\"https:\\\/\\\/sandsiv.com\\\/#organization\"},\"potentialAction\":[{\"@type\":\"SearchAction\",\"target\":{\"@type\":\"EntryPoint\",\"urlTemplate\":\"https:\\\/\\\/sandsiv.com\\\/?s={search_term_string}\"},\"query-input\":{\"@type\":\"PropertyValueSpecification\",\"valueRequired\":true,\"valueName\":\"search_term_string\"}}],\"inLanguage\":\"de-DE\"},{\"@type\":\"Organization\",\"@id\":\"https:\\\/\\\/sandsiv.com\\\/#organization\",\"name\":\"sandsiv+\",\"url\":\"https:\\\/\\\/sandsiv.com\\\/\",\"logo\":{\"@type\":\"ImageObject\",\"inLanguage\":\"de-DE\",\"@id\":\"https:\\\/\\\/sandsiv.com\\\/#\\\/schema\\\/logo\\\/image\\\/\",\"url\":\"https:\\\/\\\/sandsiv.com\\\/wp-content\\\/uploads\\\/2021\\\/08\\\/logo-light-normal.svg\",\"contentUrl\":\"https:\\\/\\\/sandsiv.com\\\/wp-content\\\/uploads\\\/2021\\\/08\\\/logo-light-normal.svg\",\"width\":376,\"height\":67,\"caption\":\"sandsiv+\"},\"image\":{\"@id\":\"https:\\\/\\\/sandsiv.com\\\/#\\\/schema\\\/logo\\\/image\\\/\"}}]}<\/script>\n<!-- \/ Yoast SEO Premium plugin. -->","yoast_head_json":{"title":"Kontakt zu CX Advisor - sandsiv+","description":"Nehmen Sie Kontakt mit unserem CX Advisor auf und entdecken Sie in nur 30 Minuten, wie sandsiv+ Ihr Unternehmen ver\u00e4ndern kann.","robots":{"index":"index","follow":"follow","max-snippet":"max-snippet:-1","max-image-preview":"max-image-preview:large","max-video-preview":"max-video-preview:-1"},"canonical":"https:\/\/sandsiv.com\/de\/kontakt-zu-cx-advisor\/","og_locale":"de_DE","og_type":"article","og_title":"Kontakt zu CX Advisor","og_description":"Nehmen Sie Kontakt mit unserem CX Advisor auf und entdecken Sie in nur 30 Minuten, wie sandsiv+ Ihr Unternehmen ver\u00e4ndern kann.","og_url":"https:\/\/sandsiv.com\/de\/kontakt-zu-cx-advisor\/","og_site_name":"sandsiv+","article_modified_time":"2024-01-24T14:29:00+00:00","twitter_card":"summary_large_image","twitter_misc":{"Gesch\u00e4tzte Lesezeit":"1 Minute"},"schema":{"@context":"https:\/\/schema.org","@graph":[{"@type":"WebPage","@id":"https:\/\/sandsiv.com\/de\/kontakt-zu-cx-advisor\/","url":"https:\/\/sandsiv.com\/de\/kontakt-zu-cx-advisor\/","name":"Kontakt zu CX Advisor - sandsiv+","isPartOf":{"@id":"https:\/\/sandsiv.com\/#website"},"datePublished":"2023-10-17T14:51:38+00:00","dateModified":"2024-01-24T14:29:00+00:00","description":"Nehmen Sie Kontakt mit unserem CX Advisor auf und entdecken Sie in nur 30 Minuten, wie sandsiv+ Ihr Unternehmen ver\u00e4ndern kann.","breadcrumb":{"@id":"https:\/\/sandsiv.com\/de\/kontakt-zu-cx-advisor\/#breadcrumb"},"inLanguage":"de-DE","potentialAction":[{"@type":"ReadAction","target":["https:\/\/sandsiv.com\/de\/kontakt-zu-cx-advisor\/"]}]},{"@type":"BreadcrumbList","@id":"https:\/\/sandsiv.com\/de\/kontakt-zu-cx-advisor\/#breadcrumb","itemListElement":[{"@type":"ListItem","position":1,"name":"Home","item":"https:\/\/sandsiv.com\/de\/"},{"@type":"ListItem","position":2,"name":"Kontakt zu CX Advisor"}]},{"@type":"WebSite","@id":"https:\/\/sandsiv.com\/#website","url":"https:\/\/sandsiv.com\/","name":"sandsiv+","description":"Customer Intelligence Made In Switzerland","publisher":{"@id":"https:\/\/sandsiv.com\/#organization"},"potentialAction":[{"@type":"SearchAction","target":{"@type":"EntryPoint","urlTemplate":"https:\/\/sandsiv.com\/?s={search_term_string}"},"query-input":{"@type":"PropertyValueSpecification","valueRequired":true,"valueName":"search_term_string"}}],"inLanguage":"de-DE"},{"@type":"Organization","@id":"https:\/\/sandsiv.com\/#organization","name":"sandsiv+","url":"https:\/\/sandsiv.com\/","logo":{"@type":"ImageObject","inLanguage":"de-DE","@id":"https:\/\/sandsiv.com\/#\/schema\/logo\/image\/","url":"https:\/\/sandsiv.com\/wp-content\/uploads\/2021\/08\/logo-light-normal.svg","contentUrl":"https:\/\/sandsiv.com\/wp-content\/uploads\/2021\/08\/logo-light-normal.svg","width":376,"height":67,"caption":"sandsiv+"},"image":{"@id":"https:\/\/sandsiv.com\/#\/schema\/logo\/image\/"}}]}},"_links":{"self":[{"href":"https:\/\/sandsiv.com\/de\/wp-json\/wp\/v2\/pages\/11186","targetHints":{"allow":["GET"]}}],"collection":[{"href":"https:\/\/sandsiv.com\/de\/wp-json\/wp\/v2\/pages"}],"about":[{"href":"https:\/\/sandsiv.com\/de\/wp-json\/wp\/v2\/types\/page"}],"author":[{"embeddable":true,"href":"https:\/\/sandsiv.com\/de\/wp-json\/wp\/v2\/users\/3"}],"replies":[{"embeddable":true,"href":"https:\/\/sandsiv.com\/de\/wp-json\/wp\/v2\/comments?post=11186"}],"version-history":[{"count":0,"href":"https:\/\/sandsiv.com\/de\/wp-json\/wp\/v2\/pages\/11186\/revisions"}],"wp:attachment":[{"href":"https:\/\/sandsiv.com\/de\/wp-json\/wp\/v2\/media?parent=11186"}],"curies":[{"name":"wp","href":"https:\/\/api.w.org\/{rel}","templated":true}]}}