
{"id":10802,"date":"2023-08-25T14:27:35","date_gmt":"2023-08-25T14:27:35","guid":{"rendered":"https:\/\/sandsiv.com\/frustrated-with-your-current-cx-solutions-limitations\/"},"modified":"2024-01-25T10:50:04","modified_gmt":"2024-01-25T10:50:04","slug":"mit-den-grenzen-ihrer-cx-loesungen-unzufrieden","status":"publish","type":"page","link":"https:\/\/sandsiv.com\/de\/mit-den-grenzen-ihrer-cx-loesungen-unzufrieden\/","title":{"rendered":"&#8211; Mit den Grenzen Ihrer CX-L\u00f6sungen unzufrieden?"},"content":{"rendered":"<div id=\"banner-block_841c108118d0a6a12047537b47800392\"\r\n    class=\"banner scroll-fade\">\r\n    <div\r\n        class=\"module mt_0  mb_0\">\r\n        <div class=\"container\">\r\n            <div class=\"banner__inner\">\r\n                <div class=\"banner__data\">\r\n                                        <h1 class=\"heading\">Sind Sie mit den M\u00f6glichkeiten Ihrer CX-L\u00f6sungen<strong\r\n                            class=\"heading_red\">unzufrieden?<\/strong>                    <\/h1>\r\n                                                            <div class=\"description\">Starten Sie mit SANDSIV in eine neue \u00c4ra der CXM- und VOC-Exzellenz! Wir verstehen Ihre Probleme und bieten Ihnen <b>genau das, was Sie brauchen<\/b> &#8211; ohne Einschr\u00e4nkungen, Unterbrechungen oder unerwartete Kostensteigerungen.                    <\/div>                                                            <div class=\"banner__button\">\r\n                        <a href=\"https:\/\/sandsiv.com\/de\/kontakt-zu-cx-advisor\/\"\r\n                            class=\"btn\" _self                            >Erfahren Sie mehr<\/a>\r\n                    <\/div>\r\n                                                                            <\/div>\r\n                <div class=\"banner__media\">\r\n                                        <div class=\"banner__image\">\r\n                        <picture class=\"image\">\r\n                            <source srcset=\"https:\/\/sandsiv.com\/wp-content\/uploads\/2023\/09\/competitors-DE.png\">\r\n                            <img decoding=\"async\" src=\"https:\/\/sandsiv.com\/wp-content\/uploads\/2023\/09\/competitors-DE.png\"\r\n                                alt=\"\" \/>\r\n                        <\/picture>\r\n                    <\/div>\r\n                                                                            <\/div>\r\n            <\/div>\r\n        <\/div>\r\n    <\/div>\r\n<\/div>\n\n<div id=\"card-block_93cf87a72a0e5ccd2f0a523ad1d22adf\"\n    class=\"card scroll-fade\">\n    <div\n        class=\"module  mb_0\">\n        <div class=\"container\">\n            <div class=\"card__inner\">\n                <div class=\"card__header\">\n                                                            <h1\n                        class=\"heading heading__Big\">\n                        Warum zu SANDSIV wechseln?                        <\/h4>                                         <\/div>\n                                <div\n                    class=\"card__news_list custom_list list_column3\">\n                                        <div class=\"newsItem\">\n                        <div\n                            class=\"newsItem__inner \">\n                                                        <div class=\"image\"\n                                                                style=\"background-image: url('https:\/\/sandsiv.com\/wp-content\/uploads\/2023\/09\/money.png');\"\n                                >\n                                <img decoding=\"async\" src=\"https:\/\/sandsiv.com\/wp-content\/uploads\/2023\/09\/money.png\"\n                                    alt=\"\" \/>\n                            <\/div>\n                                                        <div class=\"contant\">\n                                                                <h2 class=\"title\">Kosteng\u00fcnstige L\u00f6sung                                <\/h2>                                                                <div class=\"short_description\">\n                                    Im Gegensatz zu unseren Mitbewerbern verlangen wir keine zus\u00e4tzlichen Kosten von Ihnen f\u00fcr jede Einrichtung. Bei SANDSIV glauben wir daran, Ihr Budget f\u00fcr sinnvolles Wachstum einzusetzen.                                                                <\/div>\n                                                                                                                                                            <\/div>\n                        <\/div>\n                    <\/div>\n                                        <div class=\"newsItem\">\n                        <div\n                            class=\"newsItem__inner \">\n                                                        <div class=\"image\"\n                                                                style=\"background-image: url('https:\/\/sandsiv.com\/wp-content\/uploads\/2023\/08\/Headers_pr_events-11.png');\"\n                                >\n                                <img decoding=\"async\" src=\"https:\/\/sandsiv.com\/wp-content\/uploads\/2023\/08\/Headers_pr_events-11.png\"\n                                    alt=\"\" \/>\n                            <\/div>\n                                                        <div class=\"contant\">\n                                                                <h2 class=\"title\">Nahtlose Integration                                <\/h2>                                                                <div class=\"short_description\">\n                                    Probleme mit der Integration beeintr\u00e4chtigen Sie? Unser reibungsloser Integrationsprozess stellt sicher, dass Sie sich auf die Entwicklung Ihrer CX-Strategie konzentrieren k\u00f6nnen, ohne sich mit der technischen Komplexit\u00e4t auseinandersetzen zu m\u00fcssen.                                                                <\/div>\n                                                                                                                                                            <\/div>\n                        <\/div>\n                    <\/div>\n                                        <div class=\"newsItem\">\n                        <div\n                            class=\"newsItem__inner \">\n                                                        <div class=\"image\"\n                                                                style=\"background-image: url('https:\/\/sandsiv.com\/wp-content\/uploads\/2023\/09\/innovation.png');\"\n                                >\n                                <img decoding=\"async\" src=\"https:\/\/sandsiv.com\/wp-content\/uploads\/2023\/09\/innovation.png\"\n                                    alt=\"\" \/>\n                            <\/div>\n                                                        <div class=\"contant\">\n                                                                <h2 class=\"title\">Innovation f\u00fcr jedes Unternehmen                                <\/h2>                                                                <div class=\"short_description\">\n                                    Nutzen Sie die Gelegenheit zur t\u00e4glichen Innovation. Der Wechsel zu Sandsiv ist nicht nur ein \u00dcbergang, sondern ein sofortiger Sprung in Richtung CX-Exzellenz. Unsere L\u00f6sung passt sich nahtlos an die einzigartigen Bed\u00fcrfnisse jedes Unternehmens an.                                                                <\/div>\n                                                                                                                                                            <\/div>\n                        <\/div>\n                    <\/div>\n                                        <div class=\"newsItem\">\n                        <div\n                            class=\"newsItem__inner \">\n                                                        <div class=\"image\"\n                                                                style=\"background-image: url('https:\/\/sandsiv.com\/wp-content\/uploads\/2023\/09\/support.png');\"\n                                >\n                                <img decoding=\"async\" src=\"https:\/\/sandsiv.com\/wp-content\/uploads\/2023\/09\/support.png\"\n                                    alt=\"\" \/>\n                            <\/div>\n                                                        <div class=\"contant\">\n                                                                <h2 class=\"title\">Reaktionsschneller Support                                <\/h2>                                                                <div class=\"short_description\">\n                                    Sind Sie unzufrieden mit verz\u00f6gerten Antworten? Ihre Zeit ist uns wichtig. Der SANDSIV-Support ist f\u00fcr seine Schnelligkeit bekannt und stellt sicher, dass Sie die Unterst\u00fctzung erhalten, die Sie verdienen, ohne unn\u00f6tige Verz\u00f6gerungen.                                                                <\/div>\n                                                                                                                                                            <\/div>\n                        <\/div>\n                    <\/div>\n                                        <div class=\"newsItem\">\n                        <div\n                            class=\"newsItem__inner \">\n                                                        <div class=\"image\"\n                                                                style=\"background-image: url('https:\/\/sandsiv.com\/wp-content\/uploads\/2023\/09\/local.png');\"\n                                >\n                                <img decoding=\"async\" src=\"https:\/\/sandsiv.com\/wp-content\/uploads\/2023\/09\/local.png\"\n                                    alt=\"\" \/>\n                            <\/div>\n                                                        <div class=\"contant\">\n                                                                <h2 class=\"title\">Verst\u00e4ndnis des lokalen Marktes                                <\/h2>                                                                <div class=\"short_description\">\n                                    Wir glauben daran, dass es wichtig ist, sich an Ihren lokalen Markt anzupassen. Im Gegensatz zu anderen Anbietern richtet SANDSIV seinen Support und seine L\u00f6sungen auf die Besonderheiten Ihres Marktes aus, um Ihre CX-Reise zu verbessern.                                                                <\/div>\n                                                                                                                                                            <\/div>\n                        <\/div>\n                    <\/div>\n                                        <div class=\"newsItem\">\n                        <div\n                            class=\"newsItem__inner \">\n                                                        <div class=\"image\"\n                                                                style=\"background-image: url('https:\/\/sandsiv.com\/wp-content\/uploads\/2023\/09\/partner.png');\"\n                                >\n                                <img decoding=\"async\" src=\"https:\/\/sandsiv.com\/wp-content\/uploads\/2023\/09\/partner.png\"\n                                    alt=\"\" \/>\n                            <\/div>\n                                                        <div class=\"contant\">\n                                                                <h2 class=\"title\">Gemeinsamer Erfolg                                <\/h2>                                                                <div class=\"short_description\">\n                                    Wir wissen, wie wichtig lokale Partnerschaften sind. Bei SANDSIV arbeiten wir mit Partnern vor Ort zusammen, um sicherzustellen, dass unsere L\u00f6sungen perfekt auf die Anforderungen der neuen M\u00e4rkte abgestimmt sind.                                                                <\/div>\n                                                                                                                                                            <\/div>\n                        <\/div>\n                    <\/div>\n                                    <\/div>\n                                                \n            <\/div>\n        <\/div>\n    <\/div>\n<\/div>\n\n\r\n<div id=\"logo_section-block_a335a3aabbafd992b55366c9491c9f27\" class=\"logo_section scroll-fade\">\r\n    <div class=\"module mt_0  mb_0\">  \r\n        <div class=\"bg_clr_section bg_clr_red\">               \r\n            <div class=\"container container--medium\">\r\n                <div class=\"logo_section_inner\"> \r\n                    <div class=\"heading_section\"> \r\n                                                                            <div class=\"heading h1\">\r\n                                Das sagen nicht wir, sondern Branchenexperten und Kunden                            <\/div>\r\n                                            <\/div>\r\n                                            <div class=\"logo_list columns_5\">\r\n                                                            \r\n                                                                    <div class=\"item\">\r\n                                            <img decoding=\"async\" src=\"https:\/\/sandsiv.com\/wp-content\/uploads\/2021\/08\/sandsiv_client_Lufthansa.svg\" alt=\"\" \/>\r\n                                    <\/div>\r\n                                                                \r\n                                                            \r\n                                                                    <div class=\"item\">\r\n                                            <img decoding=\"async\" src=\"https:\/\/sandsiv.com\/wp-content\/uploads\/2021\/08\/sandsiv_client_swisscom.svg\" alt=\"\" \/>\r\n                                    <\/div>\r\n                                                                \r\n                                                            \r\n                                                                    <div class=\"item\">\r\n                                            <img decoding=\"async\" src=\"https:\/\/sandsiv.com\/wp-content\/uploads\/2023\/09\/i-cem-1-150x150.png\" alt=\"\" \/>\r\n                                    <\/div>\r\n                                                                \r\n                                                            \r\n                                                                    <div class=\"item\">\r\n                                            <img decoding=\"async\" src=\"https:\/\/sandsiv.com\/wp-content\/uploads\/2021\/08\/sandsiv_client_vodafone.svg\" alt=\"\" \/>\r\n                                    <\/div>\r\n                                                                \r\n                                                            \r\n                                                                    <div class=\"item\">\r\n                                            <img decoding=\"async\" src=\"https:\/\/sandsiv.com\/wp-content\/uploads\/2021\/08\/sandsiv_clients_swisscard.svg\" alt=\"\" \/>\r\n                                    <\/div>\r\n                                                                \r\n                                                    <\/div>\r\n                                    <\/div>\r\n            <\/div>\r\n        <\/div>\r\n    <\/div>\r\n<\/div>\n\n<div id=\"text_imagevideo-block_6bc800f49eed9423d6093c954b871174\"\r\n    class=\"text_imagevideo scroll-fade\">\r\n    <div class=\"container\">\r\n                <div class=\"text_imagevideo__inner\">\r\n                        <div\r\n                class=\"text_imagevideo__list text_imagevideo_slider\">\r\n                                <div class=\"text_imagevideo__item module scroll-fade\">\r\n                    <div\r\n                        class=\"text_imagevideo__item__inner imagePosition_left\">\r\n                        <div class=\"contant\">\r\n                                                        <h6 class=\"sub_heading\"\r\n                                style=\"color: #bf2025; \">\r\n                                Schauen Sie sich den Bericht an                            <\/h6>                                                        <h1 class=\"title\">Benchmarking globaler CXM-Anbieter                            <\/h1>                                                        <div class=\"text\">Mit einer Gesamtpunktzahl von 8,8 \u00fcbertraf SANDSIV wichtige Wettbewerber wie Qualtrics, Medallia, SurveyMonkey, GetFeedback, Gainsight, Alchemer, Forsta, AskNicely, InMoment und SurveySparrow. Qualtrics erzielte sogar 8,0 Punkte und Medallia 7,4 Punkte. Damit ist SANDSIV <b>die erste Wahl f\u00fcr Unternehmen, die ihr Kundenerlebnis verbessern und ihr Wachstum f\u00f6rdern wollen<\/b>.                            <\/div>                                                        <a href=\"https:\/\/sandsiv.com\/de\/softwarereviews-bericht-2023\/\"\r\n                                class=\"btn\"                                 >Lesen Sie mehr<\/a>\r\n                                                    <\/div>\r\n                        <div class=\"image_video\">\r\n                                                        <picture class=\"img\"                                 >\r\n                                <source\r\n                                    srcset=\"https:\/\/sandsiv.com\/wp-content\/uploads\/2023\/03\/SANDSIV_infotech_VoC_2023_quadrant-1.jpeg\">\r\n                                <img decoding=\"async\" src=\"https:\/\/sandsiv.com\/wp-content\/uploads\/2023\/03\/SANDSIV_infotech_VoC_2023_quadrant-1.jpeg\"\r\n                                    alt=\"\" \/>\r\n                            <\/picture>\r\n                                                    <\/div>\r\n                    <\/div>\r\n                <\/div>\r\n                            <\/div>\r\n        <\/div>\r\n            <\/div>\r\n<\/div>\n\n\r\n<div id=\"frames_section-block_e4f9ac6b110d6525a3d77e1250e83e9e\" class=\"frames_section scroll-fade\">\r\n    <div class=\"module mt_0  mb_0\">  \r\n        <div class=\"bg_clr_section bg_clr_red\">               \r\n            <div class=\"container\">\r\n                <div class=\"frames_section_inner\"> \r\n                                            <div class=\"heading\">\r\n                            Beginnen Sie noch heute mit sandsiv+ zu wachsen                        <\/div>\r\n                                                                                    <div class=\"button_section\">\r\n                            <a class=\"btn btn--white \" href=\"https:\/\/sandsiv.com\/de\/demo-anfordern\/\" >\r\n                                Demo anfordern                            <\/a>\r\n                        <\/div>\r\n                                    <\/div>\r\n            <\/div>\r\n        <\/div>\r\n    <\/div>\r\n<\/div>\n\n\n<p><\/p>\n","protected":false},"excerpt":{"rendered":"","protected":false},"author":5,"featured_media":0,"parent":0,"menu_order":0,"comment_status":"closed","ping_status":"closed","template":"","meta":{"content-type":"","footnotes":""},"class_list":["post-10802","page","type-page","status-publish","hentry"],"acf":[],"yoast_head":"<!-- This site is optimized with the Yoast SEO Premium plugin v26.9 (Yoast SEO v27.4) - https:\/\/yoast.com\/product\/yoast-seo-premium-wordpress\/ -->\n<title>- Mit den Grenzen Ihrer CX-L\u00f6sungen unzufrieden? - sandsiv+<\/title>\n<meta name=\"description\" content=\"Mit den Grenzen Ihrer CX-L\u00f6sungen unzufrieden?\" \/>\n<meta name=\"robots\" content=\"index, follow, max-snippet:-1, max-image-preview:large, max-video-preview:-1\" \/>\n<link rel=\"canonical\" href=\"https:\/\/sandsiv.com\/de\/mit-den-grenzen-ihrer-cx-loesungen-unzufrieden\/\" \/>\n<meta property=\"og:locale\" content=\"de_DE\" \/>\n<meta property=\"og:type\" content=\"article\" \/>\n<meta property=\"og:title\" content=\"- Mit den Grenzen Ihrer CX-L\u00f6sungen unzufrieden?\" \/>\n<meta property=\"og:description\" content=\"Mit den Grenzen Ihrer CX-L\u00f6sungen unzufrieden?\" \/>\n<meta property=\"og:url\" content=\"https:\/\/sandsiv.com\/de\/mit-den-grenzen-ihrer-cx-loesungen-unzufrieden\/\" \/>\n<meta property=\"og:site_name\" content=\"sandsiv+\" \/>\n<meta property=\"article:modified_time\" content=\"2024-01-25T10:50:04+00:00\" \/>\n<meta name=\"twitter:card\" content=\"summary_large_image\" \/>\n<meta name=\"twitter:label1\" content=\"Gesch\u00e4tzte Lesezeit\" \/>\n\t<meta name=\"twitter:data1\" content=\"3 Minuten\" \/>\n<script type=\"application\/ld+json\" class=\"yoast-schema-graph\">{\"@context\":\"https:\\\/\\\/schema.org\",\"@graph\":[{\"@type\":\"WebPage\",\"@id\":\"https:\\\/\\\/sandsiv.com\\\/de\\\/mit-den-grenzen-ihrer-cx-loesungen-unzufrieden\\\/\",\"url\":\"https:\\\/\\\/sandsiv.com\\\/de\\\/mit-den-grenzen-ihrer-cx-loesungen-unzufrieden\\\/\",\"name\":\"- Mit den Grenzen Ihrer CX-L\u00f6sungen unzufrieden? - sandsiv+\",\"isPartOf\":{\"@id\":\"https:\\\/\\\/sandsiv.com\\\/#website\"},\"datePublished\":\"2023-08-25T14:27:35+00:00\",\"dateModified\":\"2024-01-25T10:50:04+00:00\",\"description\":\"Mit den Grenzen Ihrer CX-L\u00f6sungen unzufrieden?\",\"breadcrumb\":{\"@id\":\"https:\\\/\\\/sandsiv.com\\\/de\\\/mit-den-grenzen-ihrer-cx-loesungen-unzufrieden\\\/#breadcrumb\"},\"inLanguage\":\"de-DE\",\"potentialAction\":[{\"@type\":\"ReadAction\",\"target\":[\"https:\\\/\\\/sandsiv.com\\\/de\\\/mit-den-grenzen-ihrer-cx-loesungen-unzufrieden\\\/\"]}]},{\"@type\":\"BreadcrumbList\",\"@id\":\"https:\\\/\\\/sandsiv.com\\\/de\\\/mit-den-grenzen-ihrer-cx-loesungen-unzufrieden\\\/#breadcrumb\",\"itemListElement\":[{\"@type\":\"ListItem\",\"position\":1,\"name\":\"Home\",\"item\":\"https:\\\/\\\/sandsiv.com\\\/de\\\/\"},{\"@type\":\"ListItem\",\"position\":2,\"name\":\"&#8211; Mit den Grenzen Ihrer CX-L\u00f6sungen unzufrieden?\"}]},{\"@type\":\"WebSite\",\"@id\":\"https:\\\/\\\/sandsiv.com\\\/#website\",\"url\":\"https:\\\/\\\/sandsiv.com\\\/\",\"name\":\"sandsiv+\",\"description\":\"Customer Intelligence Made In Switzerland\",\"publisher\":{\"@id\":\"https:\\\/\\\/sandsiv.com\\\/#organization\"},\"potentialAction\":[{\"@type\":\"SearchAction\",\"target\":{\"@type\":\"EntryPoint\",\"urlTemplate\":\"https:\\\/\\\/sandsiv.com\\\/?s={search_term_string}\"},\"query-input\":{\"@type\":\"PropertyValueSpecification\",\"valueRequired\":true,\"valueName\":\"search_term_string\"}}],\"inLanguage\":\"de-DE\"},{\"@type\":\"Organization\",\"@id\":\"https:\\\/\\\/sandsiv.com\\\/#organization\",\"name\":\"sandsiv+\",\"url\":\"https:\\\/\\\/sandsiv.com\\\/\",\"logo\":{\"@type\":\"ImageObject\",\"inLanguage\":\"de-DE\",\"@id\":\"https:\\\/\\\/sandsiv.com\\\/#\\\/schema\\\/logo\\\/image\\\/\",\"url\":\"https:\\\/\\\/sandsiv.com\\\/wp-content\\\/uploads\\\/2021\\\/08\\\/logo-light-normal.svg\",\"contentUrl\":\"https:\\\/\\\/sandsiv.com\\\/wp-content\\\/uploads\\\/2021\\\/08\\\/logo-light-normal.svg\",\"width\":376,\"height\":67,\"caption\":\"sandsiv+\"},\"image\":{\"@id\":\"https:\\\/\\\/sandsiv.com\\\/#\\\/schema\\\/logo\\\/image\\\/\"}}]}<\/script>\n<!-- \/ Yoast SEO Premium plugin. -->","yoast_head_json":{"title":"- Mit den Grenzen Ihrer CX-L\u00f6sungen unzufrieden? - sandsiv+","description":"Mit den Grenzen Ihrer CX-L\u00f6sungen unzufrieden?","robots":{"index":"index","follow":"follow","max-snippet":"max-snippet:-1","max-image-preview":"max-image-preview:large","max-video-preview":"max-video-preview:-1"},"canonical":"https:\/\/sandsiv.com\/de\/mit-den-grenzen-ihrer-cx-loesungen-unzufrieden\/","og_locale":"de_DE","og_type":"article","og_title":"- Mit den Grenzen Ihrer CX-L\u00f6sungen unzufrieden?","og_description":"Mit den Grenzen Ihrer CX-L\u00f6sungen unzufrieden?","og_url":"https:\/\/sandsiv.com\/de\/mit-den-grenzen-ihrer-cx-loesungen-unzufrieden\/","og_site_name":"sandsiv+","article_modified_time":"2024-01-25T10:50:04+00:00","twitter_card":"summary_large_image","twitter_misc":{"Gesch\u00e4tzte Lesezeit":"3 Minuten"},"schema":{"@context":"https:\/\/schema.org","@graph":[{"@type":"WebPage","@id":"https:\/\/sandsiv.com\/de\/mit-den-grenzen-ihrer-cx-loesungen-unzufrieden\/","url":"https:\/\/sandsiv.com\/de\/mit-den-grenzen-ihrer-cx-loesungen-unzufrieden\/","name":"- Mit den Grenzen Ihrer CX-L\u00f6sungen unzufrieden? - sandsiv+","isPartOf":{"@id":"https:\/\/sandsiv.com\/#website"},"datePublished":"2023-08-25T14:27:35+00:00","dateModified":"2024-01-25T10:50:04+00:00","description":"Mit den Grenzen Ihrer CX-L\u00f6sungen unzufrieden?","breadcrumb":{"@id":"https:\/\/sandsiv.com\/de\/mit-den-grenzen-ihrer-cx-loesungen-unzufrieden\/#breadcrumb"},"inLanguage":"de-DE","potentialAction":[{"@type":"ReadAction","target":["https:\/\/sandsiv.com\/de\/mit-den-grenzen-ihrer-cx-loesungen-unzufrieden\/"]}]},{"@type":"BreadcrumbList","@id":"https:\/\/sandsiv.com\/de\/mit-den-grenzen-ihrer-cx-loesungen-unzufrieden\/#breadcrumb","itemListElement":[{"@type":"ListItem","position":1,"name":"Home","item":"https:\/\/sandsiv.com\/de\/"},{"@type":"ListItem","position":2,"name":"&#8211; Mit den Grenzen Ihrer CX-L\u00f6sungen unzufrieden?"}]},{"@type":"WebSite","@id":"https:\/\/sandsiv.com\/#website","url":"https:\/\/sandsiv.com\/","name":"sandsiv+","description":"Customer Intelligence Made In Switzerland","publisher":{"@id":"https:\/\/sandsiv.com\/#organization"},"potentialAction":[{"@type":"SearchAction","target":{"@type":"EntryPoint","urlTemplate":"https:\/\/sandsiv.com\/?s={search_term_string}"},"query-input":{"@type":"PropertyValueSpecification","valueRequired":true,"valueName":"search_term_string"}}],"inLanguage":"de-DE"},{"@type":"Organization","@id":"https:\/\/sandsiv.com\/#organization","name":"sandsiv+","url":"https:\/\/sandsiv.com\/","logo":{"@type":"ImageObject","inLanguage":"de-DE","@id":"https:\/\/sandsiv.com\/#\/schema\/logo\/image\/","url":"https:\/\/sandsiv.com\/wp-content\/uploads\/2021\/08\/logo-light-normal.svg","contentUrl":"https:\/\/sandsiv.com\/wp-content\/uploads\/2021\/08\/logo-light-normal.svg","width":376,"height":67,"caption":"sandsiv+"},"image":{"@id":"https:\/\/sandsiv.com\/#\/schema\/logo\/image\/"}}]}},"_links":{"self":[{"href":"https:\/\/sandsiv.com\/de\/wp-json\/wp\/v2\/pages\/10802","targetHints":{"allow":["GET"]}}],"collection":[{"href":"https:\/\/sandsiv.com\/de\/wp-json\/wp\/v2\/pages"}],"about":[{"href":"https:\/\/sandsiv.com\/de\/wp-json\/wp\/v2\/types\/page"}],"author":[{"embeddable":true,"href":"https:\/\/sandsiv.com\/de\/wp-json\/wp\/v2\/users\/5"}],"replies":[{"embeddable":true,"href":"https:\/\/sandsiv.com\/de\/wp-json\/wp\/v2\/comments?post=10802"}],"version-history":[{"count":0,"href":"https:\/\/sandsiv.com\/de\/wp-json\/wp\/v2\/pages\/10802\/revisions"}],"wp:attachment":[{"href":"https:\/\/sandsiv.com\/de\/wp-json\/wp\/v2\/media?parent=10802"}],"curies":[{"name":"wp","href":"https:\/\/api.w.org\/{rel}","templated":true}]}}