
{"id":10514,"date":"2022-01-10T15:01:36","date_gmt":"2022-01-10T15:01:36","guid":{"rendered":"https:\/\/sandsiv.com\/der-blog\/not-all-saas-are-born-equal-cloud-native-single-tenant\/"},"modified":"2023-08-29T14:14:11","modified_gmt":"2023-08-29T14:14:11","slug":"nicht-alle-saas-sind-gleich","status":"publish","type":"page","link":"https:\/\/sandsiv.com\/de\/der-blog\/nicht-alle-saas-sind-gleich\/","title":{"rendered":"Nicht alle SaaS sind gleich"},"content":{"rendered":"<div id=\"banner-block_04c697f17e00b26515bc99eba61264c0\"\r\n    class=\"banner scroll-fade\">\r\n    <div\r\n        class=\"module mt_0  mb_0\">\r\n        <div class=\"container\">\r\n            <div class=\"banner__inner\">\r\n                <div class=\"banner__data\">\r\n                                        <h1 class=\"heading\">Nicht alle SaaS sind gleich<strong\r\n                            class=\"heading_red\">Artikel<\/strong>                    <\/h1>\r\n                                                            <div class=\"description\">23. Dezember 2021 &#8211; Nicht alle SaaS sind gleich: &#8220;Cloud-Native Single Tenant&#8221;                    <\/div>                                                            <div class=\"banner__button\">\r\n                        <a href=\"https:\/\/sandsiv.com\/de\/demo-anfordern\/\"\r\n                            class=\"btn\" _self                            >Demo anfordern<\/a>\r\n                    <\/div>\r\n                                                                            <\/div>\r\n                <div class=\"banner__media\">\r\n                                        <div class=\"banner__image\">\r\n                        <picture class=\"image\">\r\n                            <source srcset=\"\">\r\n                            <img decoding=\"async\" src=\"\"\r\n                                alt=\"\" \/>\r\n                        <\/picture>\r\n                    <\/div>\r\n                                                                            <\/div>\r\n            <\/div>\r\n        <\/div>\r\n    <\/div>\r\n<\/div>\n\n\r\n<div id=\"frames_section-block_aec8246af58c3da88f00be0c439b67da\" class=\"frames_section scroll-fade\">\r\n    <div class=\"module mt_0  mb_0\">  \r\n        <div class=\"bg_clr_section bg_clr_red\">               \r\n            <div class=\"container\">\r\n                <div class=\"frames_section_inner\"> \r\n                                                                <div class=\"text\">\r\n                            <p><span data-sheets-value=\"{&quot;1&quot;:2,&quot;2&quot;:&quot;In den letzten Monaten wurde die sandsiv+ L\u00f6sung zunehmend von Unternehmenskunden mit Niederlassungen in mehreren L\u00e4ndern und mehreren Kontinenten verwendet. Die Wahl wurde nicht nur von der Qualit\u00e4t und den F\u00e4higkeiten der Voice of the customer-L\u00f6sung bestimmt, sondern gerade die Wahl der technologischen Architektur war f\u00fcr viele Kunden von grundlegender Bedeutung: Heute ist es m\u00f6glich, die sandsiv+ L\u00f6sung nicht nur in der vom Kunden bevorzugten Cloud (z.B. AWS, Azure, Google Cloud, Alibaba, etc.) zu nutzen, sondern auch in dem geografischen Zentrum nach Wahl. Und das alles in einer hochsicheren Umgebung ohne gemeinsame Nutzung von Ressourcen mit anderen Kunden. Eine \\&quot;Cloud-Native Single Tenant\\&quot;-L\u00f6sung. Sehen wir uns das an!&quot;}\" data-sheets-userformat=\"{&quot;2&quot;:15105,&quot;3&quot;:{&quot;1&quot;:0},&quot;11&quot;:4,&quot;12&quot;:0,&quot;14&quot;:{&quot;1&quot;:2,&quot;2&quot;:0},&quot;15&quot;:&quot;Arial&quot;,&quot;16&quot;:10}\">In den letzten Monaten wurde die sandsiv+ L\u00f6sung zunehmend von Unternehmenskunden mit Niederlassungen in mehreren L\u00e4ndern und mehreren Kontinenten verwendet. Die Wahl wurde nicht nur von der Qualit\u00e4t und den F\u00e4higkeiten der Voice of the customer-L\u00f6sung bestimmt, sondern gerade die Wahl der technologischen Architektur war f\u00fcr viele Kunden von grundlegender Bedeutung: Heute ist es m\u00f6glich, die sandsiv+ L\u00f6sung nicht nur in der vom Kunden bevorzugten Cloud (z.B. AWS, Azure, Google Cloud, Alibaba, etc.) zu nutzen, sondern auch in dem geografischen Zentrum nach Wahl. Und das alles in einer hochsicheren Umgebung ohne gemeinsame Nutzung von Ressourcen mit anderen Kunden. Eine <strong>&#8220;Cloud-Native Single Tenant&#8221;<\/strong>-L\u00f6sung. Sehen wir uns das an!<\/span><\/p>\n                        <\/div>\r\n                                                        <\/div>\r\n            <\/div>\r\n        <\/div>\r\n    <\/div>\r\n<\/div>\n\n\r\n<div id=\"blog_post_content-block_46ffff9c288f553b44386bec26338da7\" class=\"blog_post_content scroll-fade\">\r\n    <div class=\"module \">\r\n\r\n                            <div class=\"container container--medium\">\r\n                        \r\n            <div class=\"blog_post_content_inner\"> \r\n                                    <div class=\"heading_section\">\r\n                        <div class=\"heading_text h1\">\r\n                            <Div style = \"visibility: hidden\"> <\/ div>                        <\/div>\r\n                    <\/div>\r\n                                                    <div class=\"content_section\">\r\n                        <p>Es gibt eine Wahrheit \u00fcber SaaS-L\u00f6sungen (Software as a Service), die die Definition von Cloud-basierter Technologie verdreht. Handelt es sich bei der vom Anbieter angebotenen L\u00f6sung um eine Verlagerung seiner herk\u00f6mmlichen Softwarel\u00f6sung in die Cloud? Oder ist sie wirklich cloud-nativ, von Grund auf so konzipiert, dass sie als Cloud-L\u00f6sung optimiert werden kann?<\/p>\n<p>Die zweite wichtige Frage lautet: Handelt es sich um eine mandantenf\u00e4hige L\u00f6sung oder um eine supersichere, mandantenf\u00e4hige Cloud-native Umgebung? Diese zweite Frage spielt eine wichtige Rolle, denn gro\u00dfe internationale Unternehmen, die ihre Infrastruktur bereits in die Cloud verlagert haben, bevorzugen mandantenf\u00e4hige Cloud-Native-L\u00f6sungen &#8211; warum?<\/p>\n<p>Die meisten von uns betrachten Software as a Service als etwas Einzigartiges. Eine Blackbox, aus der sie Software in Form eines Dienstes beziehen und es gibt keine besonderen Unterschiede. In Wirklichkeit stimmt das absolut nicht, der von der Software angebotene Dienst kann auf eine andere Art und Weise als diese &#8220;Black Box&#8221; bereitgestellt werden, und die Unterschiede sind tiefgreifend, vor allem auf der Ebene der Sicherheit, der Verwaltung von Datenschutzrichtlinien, der Versionsverwaltung und der Ressourcenverwaltung. Dieser Unterschied wird mit der explosionsartigen Zunahme der Nutzung von Cloud-Diensten, die von gro\u00dfen Akteuren wie Google, Microsoft, Amazon und Alibaba angeboten werden, um nur einige zu nennen, immer deutlicher.<\/p>\n<h4>Hat &#8220;klassisches&#8221; SaaS seine Grenzen?<\/h4>\n<p>Bis vor kurzem hat uns die Nutzung eines SaaS-Dienstes nicht allzu viele Fragen aufgeworfen: Wir erhalten einen Dienst, und wie dieser im Vorfeld verwaltet wird, ist nicht unbedingt unser Problem. Wir haben ein klares Service Level Agreement (SLA) definiert, und das gen\u00fcgt uns, um die Qualit\u00e4t unseres Dienstes zu messen. Und hier kommt der erste Denkansto\u00df: Die Innovation in Richtung Cloud-Services, das Management von IT-Business-\u00d6kosystemen mit Microservices in Containern und die Leichtigkeit, mit der diese Container mit L\u00f6sungen wie Kubernetes (gemeinsam) verwaltet werden, haben jedem die gro\u00dfen Grenzen des &#8220;klassischen&#8221; SaaS-&#8220;Multi-Tenant&#8221;-Ansatzes mit gemeinsam genutzten Services und Datenbanken vor Augen gef\u00fchrt. Das ist ein bisschen wie der Unterschied zwischen dem Wohnen in einer riesigen Eigentumswohnung und in einer Villa, die von einem sch\u00f6nen Park abgeschirmt ist&#8230; mit der M\u00f6glichkeit, einen Swimmingpool zu bauen, wenn man will.<\/p>\n<h4>Warum ist der Unterschied zwischen einem Single- und Multi-Tenant so wichtig ?<\/h4>\n<p>Weil es besser ist, in einer von einem Park umgebenen Villa mit einem sch\u00f6nen Pool zu leben als in einem Hochhaus mit 1.000 anderen Menschen, die sich einen einzigen Aufzug teilen! Scherz beiseite, klassisches &#8220;SaaS&#8221; hat Vorteile, die durch eine mandantenf\u00e4hige Architektur gegeben sind. Eine mandantenf\u00e4hige L\u00f6sung teilt sich gemeinsame Ressourcen, darunter m\u00f6glicherweise eine Backend-Datenbank, um eine logische Trennung von Daten und Berechtigungen zu gew\u00e4hrleisten und Informationen, Konfigurationen und Laufzeit von anderen logischen Benutzergruppen zu isolieren. Wenn &#8220;Multi-Tenant&#8221; auf Cloud-Native basiert, bietet es eine Methode zur effizienten Skalierung der L\u00f6sung und verhindert bei korrekter Implementierung ein unsachgem\u00e4\u00dfes Abflie\u00dfen von Daten von einem Tenant zum anderen, w\u00e4hrend gemeinsame Ressourcen genutzt werden.<\/p>\n<p>Im Gegensatz dazu handelt es sich bei einer Single-Tenant-L\u00f6sung um die Bereitstellung einer Anwendung, die keine Backend- oder Datenbankressourcen mit einer anderen Betriebsinstanz teilt. Das hei\u00dft, die Laufzeit und die Daten sind f\u00fcr ein einzelnes Unternehmen, eine Abteilung oder eine Organisation bestimmt, und ein rollenbasiertes Zugriffsmodell wird verwendet, um Berechtigungen zu kontrollieren und Datens\u00e4tze zu isolieren. Die Trennung von Daten und Ressourcen ist physisch, nicht logisch wie bei Multi-Tenant.<\/p>\n<p>Traditionelle On-Premise-Technologien werden im Allgemeinen als Single-Tenant-L\u00f6sungen betrachtet, w\u00e4hrend Cloud-basierte L\u00f6sungen im Allgemeinen als Multi-Tenant-L\u00f6sungen angesehen werden. Dies war bis vor kurzem der Fall, aber wie so oft \u00e4ndern sich die Zeiten schnell, insbesondere im Technologiebereich, weshalb neue L\u00f6sungen entstanden sind, die das Beste aus beiden Welten vereinen: &#8220;Cloud-Native Single Tenant&#8221;. Diese L\u00f6sungen bieten heute einen nicht unerheblichen Wettbewerbsvorteil und k\u00f6nnen einen gro\u00dfen Wettbewerbsvorteil f\u00fcr Ihr Unternehmen schaffen. Ich habe erkl\u00e4rt, was Single Tenant ist, aber ich habe mich nicht mit Cloud-Native besch\u00e4ftigt. Cloud-Native ist eine Architektur, mit der Sie die Vorteile des Cloud Computing voll aussch\u00f6pfen k\u00f6nnen.<\/p>\n<h4>Was ist Cloud Computing?<\/h4>\n<p>Cloud Computing oder &#8220;ein Modell zur Erm\u00f6glichung eines allgegenw\u00e4rtigen, kosteng\u00fcnstigen Netzwerkzugriffs auf einen gemeinsamen Pool konfigurierbarer Rechenressourcen, die schnell und mit minimalem Verwaltungsaufwand oder Interaktion mit dem Dienstanbieter bereitgestellt und freigegeben werden k\u00f6nnen&#8221;, ist das Herzst\u00fcck bekannter SaaS-Produkte wie Salesforce, Google Apps, Slack und Zoho. Alle diese Beispiele entsprechen dem Modell eines zentral gehosteten Dienstes, der \u00fcber ein Abonnement erworben wird (SaaS). Das bedeutet, dass SaaS-Anbieter den gr\u00f6\u00dften Teil des Technologie-Stacks, der f\u00fcr den Betrieb der Software erforderlich ist, verwalten, \u00fcberwachen und warten. Der Lizenzgeber nimmt den Dienst einfach in Anspruch, anstatt die Infrastruktur und den Einsatz innerhalb eines Cloud-Infrastrukturdienstes zu verwalten.<\/p>\n<p>Die Kombination von Cloud-Native und Single Tenant erm\u00f6glicht es uns, alle Vorteile beider Welten zu nutzen: On-Prem und SaaS. Insbesondere: Sicherheit, Datenschutz, Disaster Recovery, Backup-Richtlinien und vieles mehr.<\/p>\n<h4>Ist Sicherheit etwas, bei dem Sie keine Kompromisse eingehen?<\/h4>\n<p>Bei jeder multi-tenant L\u00f6sung besteht immer das Risiko, dass Daten an ein anderes Unternehmen weitergegeben werden oder dass eine Schwachstelle, die ein Unternehmen betrifft, dazu genutzt wird, die Daten eines anderen Unternehmens offenzulegen. Dies kann sogar durch eine einfache Fehlkonfiguration des Backends oder ein unsicheres Add-on eines Drittanbieters geschehen, das die Sicherheit des mandantenf\u00e4higen Modells gef\u00e4hrdet. Im Grunde genommen liegt dies au\u00dferhalb Ihrer Kontrolle. Denken Sie noch einmal daran, dass die Daten nicht physisch voneinander getrennt sind.<\/p>\n<p>Im Gegenteil: Ihr Cloud-Native Single Tenant geh\u00f6rt Ihnen. Sie k\u00f6nnen die Sicherheit nach Ihren eigenen Richtlinien verwalten und sie dann anpassen. Auch wenn es sich um eine SaaS-basierte L\u00f6sung handelt, haben Sie wie bei Vollversionen die Kontrolle \u00fcber die Patch-Verwaltung und -Wartung, obwohl der Anbieter die Installation vollst\u00e4ndig automatisiert. Da es sich um eine Single-Tenant-L\u00f6sung handelt, sind die Daten in Ihrer privaten Umgebung physisch getrennt. Das Risiko eines Datenverlusts ist wesentlich geringer.<\/p>\n<h4>Ist der Datenschutz ein wichtiges Thema f\u00fcr Ihr Unternehmen?<\/h4>\n<p>Bei jeder multi-tenant L\u00f6sung k\u00f6nnen Sie keine individuellen Richtlinien f\u00fcr Ihre Prozesse und Daten durchsetzen. Sind Sie bereit, sich GDPR-Richtlinien aufzwingen zu lassen, oder wollen Sie, dass Ihre Empfehlungen durchgesetzt werden? Sind Sie damit einverstanden, dass Ihre Richtlinien zur Notfallwiederherstellung und Gesch\u00e4ftskontinuit\u00e4t nicht durchgesetzt werden? Wenn dies sensible Themen f\u00fcr Ihr Unternehmen sind, sollten Sie \u00fcber Alternativen nachdenken und diese in Betracht ziehen.<\/p>\n<p>In einer Cloud-Native-Single-Tenant-Umgebung sind Sie derjenige, der die Richtlinien unabh\u00e4ngig von anderen verwaltet. In diesem Fall wird die GDPR gem\u00e4\u00df der Datenschutzvereinbarung, die Sie mit Ihren Kunden abgeschlossen haben, sowie allen anderen Sicherheitsrichtlinien gehandhabt. Ein gro\u00dfes Plus.<\/p>\n<h4>Ist eine Kontrolle der Vesrion in Ihrem System wichtig?<\/h4>\n<p>Ein multi-tenant SaaS-Anbieter \u00fcberwacht, wann Ihre Version aktualisiert wird. Er gibt ein Wartungsfenster f\u00fcr die Aktualisierung vor, und Sie sind gezwungen, die \u00c4nderungen zu akzeptieren, selbst wenn sie nicht in einem f\u00fcr Ihr Unternehmen w\u00fcnschenswerten Zeitraum liegen. Wenn das Update eine unerw\u00fcnschte \u00c4nderung (Bugs oder Inkompatibilit\u00e4ten) mit sich bringt, gibt es keine M\u00f6glichkeit, die \u00c4nderungen r\u00fcckg\u00e4ngig zu machen, da mehrere Unternehmen dieselben mandantenf\u00e4higen gemeinsamen Ressourcen nutzen.<\/p>\n<p>In einer &#8220;Cloud-Native Single Tenant&#8221;-Umgebung haben Sie das letzte Wort bei der Verwaltung von Releases. Sie k\u00f6nnen beantragen, dass Ihre Version gegen\u00fcber anderen Kunden verschoben wird.<\/p>\n<h4>Was ist also ein Cloud-Native Single Tenant-System?<\/h4>\n<p>Wie ich bereits erw\u00e4hnt habe, stellen Sie sich vor, Sie h\u00e4tten alle Vorteile einer On-Premise-L\u00f6sung in einer Cloud-L\u00f6sung, die mit ein paar Klicks auf Ihrer Cloud-Konsole vertikal und horizontal skaliert werden kann, sei es Microsoft Azure, Amazon AWS, Google Cloud oder eine andere. Stellen Sie sich vor, Sie k\u00f6nnten die Vorteile von Cloud-Native zu Ihren Gunsten kombinieren. Zu Ihren Gunsten der Agilit\u00e4t<\/p>\n<p>Stellen Sie sich vor, Sie k\u00f6nnten die Vorteile einer L\u00f6sung nutzen, die als Cloud-Native-Anwendung entwickelt, konzipiert und bereitgestellt wird und aus mehreren unabh\u00e4ngigen Diensten besteht. Die Unabh\u00e4ngigkeit der einzelnen Dienste erm\u00f6glicht es, sie isoliert zu warten und zu skalieren, und zwar horizontal und nicht vertikal. Jeder der Dienste sollte f\u00fcr eine kontinuierliche Integration und Bereitstellung durch agile DevOps innerhalb einer Cloud-Infrastruktur automatisiert werden, und es sollten umfassende Tests durchgef\u00fchrt werden, um sicherzustellen, dass der Dienst f\u00fcr schnelle Bereitstellungszyklen nicht unterbrochen wird.<\/p>\n<p>Nun, es ist nicht n\u00f6tig, sich das vorzustellen, denn diese Vision existiert bereits heute. Alle unsere sandsiv+-Kunden profitieren bereits von einer &#8220;Cloud-Native Single Tenant&#8221;-L\u00f6sung, die schnell und sicher auf ihre spezifischen Anforderungen reagieren kann, und zwar durch geringere Kosteneinsparungen und einen schnellen Return on Investment. All dies garantiert maximale Agilit\u00e4t und die M\u00f6glichkeit, die L\u00f6sung in der vom Kunden gew\u00e4hlten Cloud (in einigen F\u00e4llen sogar privat) und in einem geografischen Knotenpunkt seiner Wahl bereitzustellen.<\/p>\n<p>Sind Sie an einer Voice-of-the-Customer-L\u00f6sung interessiert, die sich als Produkt der Wahl f\u00fcr multinationale Unternehmenskunden mit Niederlassungen auf der ganzen Welt erweist? Dann <a href=\"https:\/\/sandsiv.com\/de\/kontakt\/\">kontaktieren Sie uns<\/a> bei SANDSIV und erhalten Sie ein Ma\u00df an Sicherheit und Datenschutz, das in der alten mandantenf\u00e4higen Architektur nicht m\u00f6glich ist.<\/p>\n                    <\/div>\r\n                            <\/div>\r\n        <\/div>\r\n    <\/div>\r\n<\/div>\n\n\n<p><\/p>\n\n\n\r\n<div id=\"blog_post_content-block_c7d3163d39f9df9b56e1e8a83b47ed92\" class=\"blog_post_content scroll-fade\">\r\n    <div class=\"module \">\r\n\r\n                    <div class=\"container\">\r\n                                \r\n            <div class=\"blog_post_content_inner\"> \r\n                                    <div class=\"heading_section\">\r\n                        <div class=\"heading_text h1\">\r\n                            Nicht alle SaaS sind gleich                        <\/div>\r\n                    <\/div>\r\n                                                    <div class=\"content_section\">\r\n                        <h5>Verfasser:<br \/>\nFederico Cesconi<\/h5>\n<p><span style=\"color: #bf2025;\"><a style=\"color: #bf2025;\" href=\"https:\/\/www.linkedin.com\/pulse\/all-saas-born-equal-cloud-native-single-tenant-federico-cesconi\/?utm_source=website&amp;utm_medium=blog&amp;utm_campaign=23_dec_2021\"><span data-sheets-value=\"{&quot;1&quot;:2,&quot;2&quot;:&quot;Lesen Sie den Artikel bei Linkedin&quot;}\" data-sheets-userformat=\"{&quot;2&quot;:14593,&quot;3&quot;:{&quot;1&quot;:0,&quot;3&quot;:1},&quot;11&quot;:4,&quot;14&quot;:{&quot;1&quot;:2,&quot;2&quot;:0},&quot;15&quot;:&quot;Arial&quot;,&quot;16&quot;:10}\">Lesen Sie den Artikel bei Linkedin<\/span><\/a><\/span><\/p>\n                    <\/div>\r\n                            <\/div>\r\n        <\/div>\r\n    <\/div>\r\n<\/div>\n\n\r\n<div id=\"frames_section-block_592935dd8e081bd4a9eae1af0b1e27cc\" class=\"frames_section scroll-fade\">\r\n    <div class=\"module mt_0  mb_0\">  \r\n        <div class=\"bg_clr_section bg_clr_red\">               \r\n            <div class=\"container\">\r\n                <div class=\"frames_section_inner\"> \r\n                                            <div class=\"heading\">\r\n                            Beginnen Sie noch heute mit sandsiv+ zu wachsen                        <\/div>\r\n                                                                                    <div class=\"button_section\">\r\n                            <a class=\"btn btn--white \" href=\"https:\/\/sandsiv.com\/de\/demo-anfordern\/\" >\r\n                                Demo anfordern                            <\/a>\r\n                        <\/div>\r\n                                    <\/div>\r\n            <\/div>\r\n        <\/div>\r\n    <\/div>\r\n<\/div>","protected":false},"excerpt":{"rendered":"","protected":false},"author":5,"featured_media":0,"parent":10507,"menu_order":0,"comment_status":"closed","ping_status":"closed","template":"","meta":{"content-type":"","footnotes":""},"class_list":["post-10514","page","type-page","status-publish","hentry"],"acf":[],"yoast_head":"<!-- This site is optimized with the Yoast SEO Premium plugin v26.9 (Yoast SEO v27.3) - https:\/\/yoast.com\/product\/yoast-seo-premium-wordpress\/ -->\n<title>Nicht alle SaaS sind gleich - sandsiv+<\/title>\n<meta name=\"description\" content=\"Nicht alle SaaS sind gleich: es ist m\u00f6glich, sandsiv+ nicht nur in der bevorzugten Cloud zu nutzen, sondern auch in dem Zentrum nach Wahl.\" \/>\n<meta name=\"robots\" content=\"index, follow, max-snippet:-1, max-image-preview:large, max-video-preview:-1\" \/>\n<link rel=\"canonical\" href=\"https:\/\/sandsiv.com\/de\/der-blog\/nicht-alle-saas-sind-gleich\/\" \/>\n<meta property=\"og:locale\" content=\"de_DE\" \/>\n<meta property=\"og:type\" content=\"article\" \/>\n<meta property=\"og:title\" content=\"Nicht alle SaaS sind gleich\" \/>\n<meta property=\"og:description\" content=\"Nicht alle SaaS sind gleich: es ist m\u00f6glich, sandsiv+ nicht nur in der bevorzugten Cloud zu nutzen, sondern auch in dem Zentrum nach Wahl.\" \/>\n<meta property=\"og:url\" content=\"https:\/\/sandsiv.com\/de\/der-blog\/nicht-alle-saas-sind-gleich\/\" \/>\n<meta property=\"og:site_name\" content=\"sandsiv+\" \/>\n<meta property=\"article:modified_time\" content=\"2023-08-29T14:14:11+00:00\" \/>\n<meta name=\"twitter:card\" content=\"summary_large_image\" \/>\n<script type=\"application\/ld+json\" class=\"yoast-schema-graph\">{\"@context\":\"https:\\\/\\\/schema.org\",\"@graph\":[{\"@type\":\"WebPage\",\"@id\":\"https:\\\/\\\/sandsiv.com\\\/de\\\/der-blog\\\/nicht-alle-saas-sind-gleich\\\/\",\"url\":\"https:\\\/\\\/sandsiv.com\\\/de\\\/der-blog\\\/nicht-alle-saas-sind-gleich\\\/\",\"name\":\"Nicht alle SaaS sind gleich - sandsiv+\",\"isPartOf\":{\"@id\":\"https:\\\/\\\/sandsiv.com\\\/#website\"},\"datePublished\":\"2022-01-10T15:01:36+00:00\",\"dateModified\":\"2023-08-29T14:14:11+00:00\",\"description\":\"Nicht alle SaaS sind gleich: es ist m\u00f6glich, sandsiv+ nicht nur in der bevorzugten Cloud zu nutzen, sondern auch in dem Zentrum nach Wahl.\",\"breadcrumb\":{\"@id\":\"https:\\\/\\\/sandsiv.com\\\/de\\\/der-blog\\\/nicht-alle-saas-sind-gleich\\\/#breadcrumb\"},\"inLanguage\":\"de-DE\",\"potentialAction\":[{\"@type\":\"ReadAction\",\"target\":[\"https:\\\/\\\/sandsiv.com\\\/de\\\/der-blog\\\/nicht-alle-saas-sind-gleich\\\/\"]}]},{\"@type\":\"BreadcrumbList\",\"@id\":\"https:\\\/\\\/sandsiv.com\\\/de\\\/der-blog\\\/nicht-alle-saas-sind-gleich\\\/#breadcrumb\",\"itemListElement\":[{\"@type\":\"ListItem\",\"position\":1,\"name\":\"Home\",\"item\":\"https:\\\/\\\/sandsiv.com\\\/de\\\/\"},{\"@type\":\"ListItem\",\"position\":2,\"name\":\"Der Blog\",\"item\":\"https:\\\/\\\/sandsiv.com\\\/de\\\/der-blog\\\/\"},{\"@type\":\"ListItem\",\"position\":3,\"name\":\"Nicht alle SaaS sind gleich\"}]},{\"@type\":\"WebSite\",\"@id\":\"https:\\\/\\\/sandsiv.com\\\/#website\",\"url\":\"https:\\\/\\\/sandsiv.com\\\/\",\"name\":\"sandsiv+\",\"description\":\"Customer Intelligence Made In Switzerland\",\"publisher\":{\"@id\":\"https:\\\/\\\/sandsiv.com\\\/#organization\"},\"potentialAction\":[{\"@type\":\"SearchAction\",\"target\":{\"@type\":\"EntryPoint\",\"urlTemplate\":\"https:\\\/\\\/sandsiv.com\\\/?s={search_term_string}\"},\"query-input\":{\"@type\":\"PropertyValueSpecification\",\"valueRequired\":true,\"valueName\":\"search_term_string\"}}],\"inLanguage\":\"de-DE\"},{\"@type\":\"Organization\",\"@id\":\"https:\\\/\\\/sandsiv.com\\\/#organization\",\"name\":\"sandsiv+\",\"url\":\"https:\\\/\\\/sandsiv.com\\\/\",\"logo\":{\"@type\":\"ImageObject\",\"inLanguage\":\"de-DE\",\"@id\":\"https:\\\/\\\/sandsiv.com\\\/#\\\/schema\\\/logo\\\/image\\\/\",\"url\":\"https:\\\/\\\/sandsiv.com\\\/wp-content\\\/uploads\\\/2021\\\/08\\\/logo-light-normal.svg\",\"contentUrl\":\"https:\\\/\\\/sandsiv.com\\\/wp-content\\\/uploads\\\/2021\\\/08\\\/logo-light-normal.svg\",\"width\":376,\"height\":67,\"caption\":\"sandsiv+\"},\"image\":{\"@id\":\"https:\\\/\\\/sandsiv.com\\\/#\\\/schema\\\/logo\\\/image\\\/\"}}]}<\/script>\n<!-- \/ Yoast SEO Premium plugin. -->","yoast_head_json":{"title":"Nicht alle SaaS sind gleich - sandsiv+","description":"Nicht alle SaaS sind gleich: es ist m\u00f6glich, sandsiv+ nicht nur in der bevorzugten Cloud zu nutzen, sondern auch in dem Zentrum nach Wahl.","robots":{"index":"index","follow":"follow","max-snippet":"max-snippet:-1","max-image-preview":"max-image-preview:large","max-video-preview":"max-video-preview:-1"},"canonical":"https:\/\/sandsiv.com\/de\/der-blog\/nicht-alle-saas-sind-gleich\/","og_locale":"de_DE","og_type":"article","og_title":"Nicht alle SaaS sind gleich","og_description":"Nicht alle SaaS sind gleich: es ist m\u00f6glich, sandsiv+ nicht nur in der bevorzugten Cloud zu nutzen, sondern auch in dem Zentrum nach Wahl.","og_url":"https:\/\/sandsiv.com\/de\/der-blog\/nicht-alle-saas-sind-gleich\/","og_site_name":"sandsiv+","article_modified_time":"2023-08-29T14:14:11+00:00","twitter_card":"summary_large_image","schema":{"@context":"https:\/\/schema.org","@graph":[{"@type":"WebPage","@id":"https:\/\/sandsiv.com\/de\/der-blog\/nicht-alle-saas-sind-gleich\/","url":"https:\/\/sandsiv.com\/de\/der-blog\/nicht-alle-saas-sind-gleich\/","name":"Nicht alle SaaS sind gleich - sandsiv+","isPartOf":{"@id":"https:\/\/sandsiv.com\/#website"},"datePublished":"2022-01-10T15:01:36+00:00","dateModified":"2023-08-29T14:14:11+00:00","description":"Nicht alle SaaS sind gleich: es ist m\u00f6glich, sandsiv+ nicht nur in der bevorzugten Cloud zu nutzen, sondern auch in dem Zentrum nach Wahl.","breadcrumb":{"@id":"https:\/\/sandsiv.com\/de\/der-blog\/nicht-alle-saas-sind-gleich\/#breadcrumb"},"inLanguage":"de-DE","potentialAction":[{"@type":"ReadAction","target":["https:\/\/sandsiv.com\/de\/der-blog\/nicht-alle-saas-sind-gleich\/"]}]},{"@type":"BreadcrumbList","@id":"https:\/\/sandsiv.com\/de\/der-blog\/nicht-alle-saas-sind-gleich\/#breadcrumb","itemListElement":[{"@type":"ListItem","position":1,"name":"Home","item":"https:\/\/sandsiv.com\/de\/"},{"@type":"ListItem","position":2,"name":"Der Blog","item":"https:\/\/sandsiv.com\/de\/der-blog\/"},{"@type":"ListItem","position":3,"name":"Nicht alle SaaS sind gleich"}]},{"@type":"WebSite","@id":"https:\/\/sandsiv.com\/#website","url":"https:\/\/sandsiv.com\/","name":"sandsiv+","description":"Customer Intelligence Made In Switzerland","publisher":{"@id":"https:\/\/sandsiv.com\/#organization"},"potentialAction":[{"@type":"SearchAction","target":{"@type":"EntryPoint","urlTemplate":"https:\/\/sandsiv.com\/?s={search_term_string}"},"query-input":{"@type":"PropertyValueSpecification","valueRequired":true,"valueName":"search_term_string"}}],"inLanguage":"de-DE"},{"@type":"Organization","@id":"https:\/\/sandsiv.com\/#organization","name":"sandsiv+","url":"https:\/\/sandsiv.com\/","logo":{"@type":"ImageObject","inLanguage":"de-DE","@id":"https:\/\/sandsiv.com\/#\/schema\/logo\/image\/","url":"https:\/\/sandsiv.com\/wp-content\/uploads\/2021\/08\/logo-light-normal.svg","contentUrl":"https:\/\/sandsiv.com\/wp-content\/uploads\/2021\/08\/logo-light-normal.svg","width":376,"height":67,"caption":"sandsiv+"},"image":{"@id":"https:\/\/sandsiv.com\/#\/schema\/logo\/image\/"}}]}},"_links":{"self":[{"href":"https:\/\/sandsiv.com\/de\/wp-json\/wp\/v2\/pages\/10514","targetHints":{"allow":["GET"]}}],"collection":[{"href":"https:\/\/sandsiv.com\/de\/wp-json\/wp\/v2\/pages"}],"about":[{"href":"https:\/\/sandsiv.com\/de\/wp-json\/wp\/v2\/types\/page"}],"author":[{"embeddable":true,"href":"https:\/\/sandsiv.com\/de\/wp-json\/wp\/v2\/users\/5"}],"replies":[{"embeddable":true,"href":"https:\/\/sandsiv.com\/de\/wp-json\/wp\/v2\/comments?post=10514"}],"version-history":[{"count":0,"href":"https:\/\/sandsiv.com\/de\/wp-json\/wp\/v2\/pages\/10514\/revisions"}],"up":[{"embeddable":true,"href":"https:\/\/sandsiv.com\/de\/wp-json\/wp\/v2\/pages\/10507"}],"wp:attachment":[{"href":"https:\/\/sandsiv.com\/de\/wp-json\/wp\/v2\/media?parent=10514"}],"curies":[{"name":"wp","href":"https:\/\/api.w.org\/{rel}","templated":true}]}}