
{"id":10502,"date":"2021-08-12T14:40:48","date_gmt":"2021-08-12T14:40:48","guid":{"rendered":"https:\/\/sandsiv.com\/kunden-erfolgsgeschichten\/roche\/"},"modified":"2023-08-29T10:26:39","modified_gmt":"2023-08-29T10:26:39","slug":"pharmaunternehmen-roche","status":"publish","type":"page","link":"https:\/\/sandsiv.com\/de\/kunden-erfolgsgeschichten\/pharmaunternehmen-roche\/","title":{"rendered":"Pharmaunternehmen Roche"},"content":{"rendered":"<div id=\"banner-block_7384f5c9e22f572eb0c6dfbe0c786022\"\r\n    class=\"banner scroll-fade\">\r\n    <div\r\n        class=\"module mt_0  mb_0\">\r\n        <div class=\"container\">\r\n            <div class=\"banner__inner\">\r\n                <div class=\"banner__data\">\r\n                                        <h1 class=\"heading\">Gesundheitswesen<strong\r\n                            class=\"heading_red\">Roche<\/strong>                    <\/h1>\r\n                                                            <div class=\"description\">Von der Marktforschung bis hin zum direkten Kundenfeedback: Das globale Pharmaunternehmen Roche erzielte bei seiner ersten VoC-Kampagne mit sandsiv+ eine Antwortrate von 25 %.                    <\/div>                                                            <div class=\"banner__button\">\r\n                        <a href=\"https:\/\/sandsiv.com\/de\/demo-anfordern\/\"\r\n                            class=\"btn\" _self                            >Demo anfordern<\/a>\r\n                    <\/div>\r\n                                                                            <\/div>\r\n                <div class=\"banner__media\">\r\n                                        <div class=\"banner__image\">\r\n                        <picture class=\"image\">\r\n                            <source srcset=\"https:\/\/sandsiv.com\/wp-content\/uploads\/2021\/08\/Roche_sandsiv.png\">\r\n                            <img decoding=\"async\" src=\"https:\/\/sandsiv.com\/wp-content\/uploads\/2021\/08\/Roche_sandsiv.png\"\r\n                                alt=\"\" \/>\r\n                        <\/picture>\r\n                    <\/div>\r\n                                                                            <\/div>\r\n            <\/div>\r\n        <\/div>\r\n    <\/div>\r\n<\/div>\n\n\r\n<div id=\"blog_post_content-block_457de847ed4db399c89f96083842f427\" class=\"blog_post_content scroll-fade\">\r\n    <div class=\"module \">\r\n\r\n                    <div class=\"container\">\r\n                                \r\n            <div class=\"blog_post_content_inner\"> \r\n                                    <div class=\"heading_section\">\r\n                        <div class=\"heading_text h1\">\r\n                            Hintergrund                        <\/div>\r\n                    <\/div>\r\n                                                    <div class=\"content_section\">\r\n                        <p>Roche ist ein multinationaler Gesundheitskonzern und das gr\u00f6\u00dfte Biotech-Unternehmen der Welt. Das Unternehmen ist f\u00fchrend in der forschungsorientierten Gesundheitsversorgung in den Bereichen Pharmazeutika und Diagnostika und bietet Medikamente in den Bereichen Onkologie, Immunologie, Infektionskrankheiten, Augenheilkunde und Neurowissenschaften an.<\/p>\n<h4><span style=\"color: #bf2025;\">Das Ziel:<\/span><\/h4>\n<p>Roche wollte weg von einer reinen Marktforschungsstrategie und hin zu einem kundenzentrierten Unternehmen, um die Loyalit\u00e4t der Kunden zu st\u00e4rken.<\/p>\n<h4><span style=\"color: #bf2025;\">Die Herausforderung:<\/span><\/h4>\n<p>Als Unternehmen, das sich ausschlie\u00dflich auf kostspielige Marktforschung konzentrierte, st\u00fctzte Roche einen Gro\u00dfteil seiner Marketing- und Wachstumsstrategien auf Branchentrends und Erkenntnisse Dritter. Dies war bis zu einem gewissen Grad hilfreich, aber ohne direktes Feedback von ihren Kunden wussten sie, dass sie sich M\u00f6glichkeiten entgehen lie\u00dfen, ma\u00dfgeschneiderte Kundenerlebnisse und optimierte Interaktionen zu bieten.<\/p>\n<p>Um sich in ein kundenorientiertes Unternehmen zu verwandeln, ben\u00f6tigte das Unternehmen eine L\u00f6sung, mit der es den Prozess der Erfassung wichtiger Feedbacks aus seinem Netzwerk von \u00c4rzten und Pharmak\u00e4ufern optimieren konnte.<\/p>\n<div id=\"contentsContainer\" class=\"style-scope qowt-page\">\n<div id=\"contents\" class=\"style-scope qowt-page\"><\/div>\n<\/div>\n                    <\/div>\r\n                            <\/div>\r\n        <\/div>\r\n    <\/div>\r\n<\/div>\n\n\r\n<div id=\"testimonial_section-block_2da2c39d7a4ff4018e7581fb202be575\" class=\"testimonial_section scroll-fade\">\r\n    <div class=\"module mt_0  mb_0\">  \r\n        <div class=\"bg_clr_section bg_clr_red\">               \r\n            <div class=\"container container--small\">\r\n                <div class=\"testimonial_section_inner remove_slider_dots\"> \r\n                                            <div class=\"testimonial_slider\">\r\n                                                            <div class=\"item\">\r\n                                    <div class=\"item_inner\">\r\n                                                                                    <div class=\"logo_img_section\">\r\n                                                                                                    <div class=\"client_photo\">\r\n                                                        <img decoding=\"async\" src=\"https:\/\/sandsiv.com\/wp-content\/uploads\/2021\/08\/sandsiv_testimonial_client.svg\" alt=\"Roche\" \/>\r\n                                                    <\/div>\r\n                                                                                                                                            <\/div>\r\n                                                                                                                            <div class=\"client_detail\">\r\n                                                                                                    <div class=\"client_name h5\">\r\n                                                        Ivan Barbero &#8211; Leiter der Abteilung f\u00fcr Gesch\u00e4ftsanalyse und Kundeneinblick                                                    <\/div>\r\n                                                                                                                                            <\/div>\r\n                                                                                                                            <div class=\"testimonial_text\">\r\n                                                sandsiv+ ist die perfekte L\u00f6sung f\u00fcr Roche, welches sein Gesch\u00e4ft st\u00e4rken und eine kundenorientierte Kultur schaffen wollte. Ich sch\u00e4tze die Innovation und die kontinuierlichen Verbesserungen bei den Selbstbedienungsfunktionen.                                            <\/div>\r\n                                                                                                                    <\/div>\r\n                                <\/div>\r\n                                                    <\/div>\r\n                                    <\/div>\r\n            <\/div>\r\n        <\/div>\r\n    <\/div>\r\n<\/div>\n\n\r\n<div id=\"blog_post_content-block_876593d0622e9ccefca6370ce550c5f6\" class=\"blog_post_content scroll-fade\">\r\n    <div class=\"module \">\r\n\r\n                    <div class=\"container\">\r\n                                \r\n            <div class=\"blog_post_content_inner\"> \r\n                                    <div class=\"heading_section\">\r\n                        <div class=\"heading_text h1\">\r\n                            Unser Ansatz                        <\/div>\r\n                    <\/div>\r\n                                                    <div class=\"content_section\">\r\n                        <p>Um den \u00dcbergang zu einer kundenorientierten Organisation erfolgreich zu gestalten, suchte Roche nach einer Kundenstimme (VoC), das Kundendaten in verwertbare Erkenntnisse umwandeln kann, um die Kundenerfahrungen und kommerziellen Interaktionen zu verbessern. Aus diesem Grund ging Roche eine Partnerschaft mit SANDSIV ein, um unsere VoC-L\u00f6sung und unser Analysetool sandsiv+ auf den Markt zu bringen.<\/p>\n<p>sandiv+ ist eine vollautomatische Customer Experience Management (CXM) Plattform, die alle Quellen von strukturierten und unstrukturierten Kundendaten in einem einzigen Repository vereint.<\/p>\n<p>Mit der Leistungsf\u00e4higkeit von Big Data und Kundenintelligenz konnte Roche nun wertvolle Gesch\u00e4ftseinblicke in die Bed\u00fcrfnisse ihrer \u00c4rzte- und Pharmakunden gewinnen, darunter:<\/p>\n<ul>\n<li>Echtzeit-Metriken, um die St\u00e4rke und die emotionale Bindung der Kundenbeziehung an die Marke zu erkennen<\/li>\n<li>Key Performance Indicators (KPIs), die entlang der Customer Journey aufgezeichnet wurden, so dass Roche tief in die &#8220;Momente der Wahrheit&#8221; eintauchen und entscheiden konnte, wie die Kundenkontaktpunkte kanal\u00fcbergreifend angereichert werden sollten<\/li>\n<li>Wir konfigurierten auch die VoC-Erfassung und -Analyse unter Ber\u00fccksichtigung der strengen Compliance- und Regulierungsvorgaben.<\/li>\n<\/ul>\n                    <\/div>\r\n                            <\/div>\r\n        <\/div>\r\n    <\/div>\r\n<\/div>\n\n<div id=\"text_imagevideo-block_e1dca9253051794e20921fd52889e668\"\r\n    class=\"text_imagevideo scroll-fade\">\r\n    <div class=\"container\">\r\n                <div class=\"text_imagevideo__inner\">\r\n                        <h1 class=\"heading\">Implementierung            <\/h1>            <div\r\n                class=\"text_imagevideo__list \">\r\n                                <div class=\"text_imagevideo__item module scroll-fade\">\r\n                    <div\r\n                        class=\"text_imagevideo__item__inner imagePosition_left\">\r\n                        <div class=\"contant\">\r\n                                                                                    <h1 class=\"title\">Sammeln von Feedback                            <\/h1>                                                        <div class=\"text\">sandsiv+ erfasste Kundendaten \u00fcber direkte, indirekte und abgeleitete Kan\u00e4le, einschlie\u00dflich interner und externer Datenquellen. Wir nutzten alle physischen und digitalen Ber\u00fchrungspunkte und erm\u00f6glichten es Roche, strategische Punkte der Customer Journey zu bewerten. Wir unterst\u00fctzten Roche auch bei der Entwicklung und Implementierung von Echtzeit-Umfragen zum Kundenfeedback \u00fcber mehrere Kan\u00e4le.                            <\/div>                                                    <\/div>\r\n                        <div class=\"image_video\">\r\n                                                        <picture class=\"img\"                                 >\r\n                                <source\r\n                                    srcset=\"https:\/\/sandsiv.com\/wp-content\/uploads\/2021\/08\/Surveys-Reviews-Socials-1.png\">\r\n                                <img decoding=\"async\" src=\"https:\/\/sandsiv.com\/wp-content\/uploads\/2021\/08\/Surveys-Reviews-Socials-1.png\"\r\n                                    alt=\"Survey &#038; unify\" \/>\r\n                            <\/picture>\r\n                                                    <\/div>\r\n                    <\/div>\r\n                <\/div>\r\n                                <div class=\"text_imagevideo__item module scroll-fade\">\r\n                    <div\r\n                        class=\"text_imagevideo__item__inner imagePosition_right\">\r\n                        <div class=\"contant\">\r\n                                                                                    <h1 class=\"title\">Dashboards                            <\/h1>                                                        <div class=\"text\">Um die von sandsiv+ gesammelten Daten effektiv und gewinnbringend zu nutzen, hat Roche eine Reihe von detaillierten, reaktionsschnellen Dashboards eingef\u00fchrt, die f\u00fcr jeden Entscheidungstr\u00e4ger im gesamten Unternehmen ma\u00dfgeschneidert sind. Unsere VoC Visual Dashboards sind einfach zu bedienen und liefern Echtzeit-Kundenerfahrungsergebnisse und interne CRM-Daten, so dass jeder Mitarbeiter zur richtigen Zeit Zugriff auf die richtigen Informationen hat.                            <\/div>                                                    <\/div>\r\n                        <div class=\"image_video\">\r\n                                                        <picture class=\"img\"                                 >\r\n                                <source\r\n                                    srcset=\"https:\/\/sandsiv.com\/wp-content\/uploads\/2021\/08\/Group-1992-1.png\">\r\n                                <img decoding=\"async\" src=\"https:\/\/sandsiv.com\/wp-content\/uploads\/2021\/08\/Group-1992-1.png\"\r\n                                    alt=\"Roles-based dashboards\" \/>\r\n                            <\/picture>\r\n                                                    <\/div>\r\n                    <\/div>\r\n                <\/div>\r\n                                <div class=\"text_imagevideo__item module scroll-fade\">\r\n                    <div\r\n                        class=\"text_imagevideo__item__inner imagePosition_left\">\r\n                        <div class=\"contant\">\r\n                                                                                    <h1 class=\"title\">Integration &#038; Schulung                            <\/h1>                                                        <div class=\"text\">sandsiv+ lieferte fundierte und reaktionsschnelle Erkenntnisse, die den Callcentern und anderen kundenorientierten Abteilungen von Roche dabei halfen, die Bed\u00fcrfnisse ihrer Gesch\u00e4ftskunden zu erkennen und zu erf\u00fcllen. Wir arbeiteten auch mit Roche zusammen, um die L\u00f6sung in ihre bestehenden Systeme zu integrieren und spezielle Schulungen f\u00fcr Mitarbeiter mit Kundenkontakt und interne Mitarbeiter durchzuf\u00fchren, um die Einf\u00fchrung eines kundenorientierten Ansatzes im gesamten Unternehmen zu erm\u00f6glichen.                            <\/div>                                                    <\/div>\r\n                        <div class=\"image_video\">\r\n                                                        <picture class=\"img\"                                 >\r\n                                <source\r\n                                    srcset=\"https:\/\/sandsiv.com\/wp-content\/uploads\/2021\/08\/Group-2003.png\">\r\n                                <img decoding=\"async\" src=\"https:\/\/sandsiv.com\/wp-content\/uploads\/2021\/08\/Group-2003.png\"\r\n                                    alt=\"customization\" \/>\r\n                            <\/picture>\r\n                                                    <\/div>\r\n                    <\/div>\r\n                <\/div>\r\n                            <\/div>\r\n        <\/div>\r\n            <\/div>\r\n<\/div>\n\n\r\n<div id=\"frames_section-block_8b19e45f9c567ac7f2d7d81bad77c7a0\" class=\"frames_section scroll-fade\">\r\n    <div class=\"module mt_0  mb_0\">  \r\n        <div class=\"bg_clr_section bg_clr_turquoise\">               \r\n            <div class=\"container\">\r\n                <div class=\"frames_section_inner\"> \r\n                                            <div class=\"heading\">\r\n                            <span style=\"color: #404040;\">Fazit<\/span>                        <\/div>\r\n                                                                <div class=\"text\">\r\n                            <div id=\"contentsContainer\" class=\"style-scope qowt-page\">\n<div id=\"contents\" class=\"style-scope qowt-page\">\n<p id=\"E226\" class=\"x-scope qowt-word-para-6\"><span style=\"font-weight: 400;\"><span style=\"color: #404040;\">SANDSIV unterst\u00fctzte Roche beim Start ihrer allerersten VoC-Kampagne, bei der sie mehr als 6.000 Umfragen an ihr \u00c4rztenetz schickten, was zu einer R\u00fccklaufquote von 25 % f\u00fchrte.<\/span><\/p>\n<p><\/span><\/p>\n<\/div>\n<\/div>\n                        <\/div>\r\n                                                        <\/div>\r\n            <\/div>\r\n        <\/div>\r\n    <\/div>\r\n<\/div>\n\n\r\n<div id=\"frames_section-block_a815e5bf333e8af64d4e2e956f289c30\" class=\"frames_section scroll-fade\">\r\n    <div class=\"module mt_0  mb_0\">  \r\n        <div class=\"bg_clr_section bg_clr_red\">               \r\n            <div class=\"container\">\r\n                <div class=\"frames_section_inner\"> \r\n                                            <div class=\"heading\">\r\n                            Beginnen Sie noch heute mit sandsiv+ zu wachsen                        <\/div>\r\n                                                                                    <div class=\"button_section\">\r\n                            <a class=\"btn btn--white \" href=\"https:\/\/sandsiv.com\/de\/demo-anfordern\/\" >\r\n                                Demo anfordern                            <\/a>\r\n                        <\/div>\r\n                                    <\/div>\r\n            <\/div>\r\n        <\/div>\r\n    <\/div>\r\n<\/div>","protected":false},"excerpt":{"rendered":"","protected":false},"author":5,"featured_media":0,"parent":10481,"menu_order":0,"comment_status":"closed","ping_status":"closed","template":"","meta":{"content-type":"","footnotes":""},"class_list":["post-10502","page","type-page","status-publish","hentry"],"acf":[],"yoast_head":"<!-- This site is optimized with the Yoast SEO Premium plugin v26.9 (Yoast SEO v27.5) - https:\/\/yoast.com\/product\/yoast-seo-premium-wordpress\/ -->\n<title>Pharmaunternehmen Roche - sandsiv+<\/title>\n<meta name=\"description\" content=\"Das globale Pharmaunternehmen Roche erzielte bei seiner ersten VoC-Kampagne mit sandsiv+ eine Antwortrate von 25 %.\" \/>\n<meta name=\"robots\" content=\"index, follow, max-snippet:-1, max-image-preview:large, max-video-preview:-1\" \/>\n<link rel=\"canonical\" href=\"https:\/\/sandsiv.com\/de\/kunden-erfolgsgeschichten\/pharmaunternehmen-roche\/\" \/>\n<meta property=\"og:locale\" content=\"de_DE\" \/>\n<meta property=\"og:type\" content=\"article\" \/>\n<meta property=\"og:title\" content=\"Pharmaunternehmen Roche\" \/>\n<meta property=\"og:description\" content=\"Das globale Pharmaunternehmen Roche erzielte bei seiner ersten VoC-Kampagne mit sandsiv+ eine Antwortrate von 25 %.\" \/>\n<meta property=\"og:url\" content=\"https:\/\/sandsiv.com\/de\/kunden-erfolgsgeschichten\/pharmaunternehmen-roche\/\" \/>\n<meta property=\"og:site_name\" content=\"sandsiv+\" \/>\n<meta property=\"article:modified_time\" content=\"2023-08-29T10:26:39+00:00\" \/>\n<meta name=\"twitter:card\" content=\"summary_large_image\" \/>\n<script type=\"application\/ld+json\" class=\"yoast-schema-graph\">{\"@context\":\"https:\\\/\\\/schema.org\",\"@graph\":[{\"@type\":\"WebPage\",\"@id\":\"https:\\\/\\\/sandsiv.com\\\/de\\\/kunden-erfolgsgeschichten\\\/pharmaunternehmen-roche\\\/\",\"url\":\"https:\\\/\\\/sandsiv.com\\\/de\\\/kunden-erfolgsgeschichten\\\/pharmaunternehmen-roche\\\/\",\"name\":\"Pharmaunternehmen Roche - sandsiv+\",\"isPartOf\":{\"@id\":\"https:\\\/\\\/sandsiv.com\\\/#website\"},\"datePublished\":\"2021-08-12T14:40:48+00:00\",\"dateModified\":\"2023-08-29T10:26:39+00:00\",\"description\":\"Das globale Pharmaunternehmen Roche erzielte bei seiner ersten VoC-Kampagne mit sandsiv+ eine Antwortrate von 25 %.\",\"breadcrumb\":{\"@id\":\"https:\\\/\\\/sandsiv.com\\\/de\\\/kunden-erfolgsgeschichten\\\/pharmaunternehmen-roche\\\/#breadcrumb\"},\"inLanguage\":\"de-DE\",\"potentialAction\":[{\"@type\":\"ReadAction\",\"target\":[\"https:\\\/\\\/sandsiv.com\\\/de\\\/kunden-erfolgsgeschichten\\\/pharmaunternehmen-roche\\\/\"]}]},{\"@type\":\"BreadcrumbList\",\"@id\":\"https:\\\/\\\/sandsiv.com\\\/de\\\/kunden-erfolgsgeschichten\\\/pharmaunternehmen-roche\\\/#breadcrumb\",\"itemListElement\":[{\"@type\":\"ListItem\",\"position\":1,\"name\":\"Home\",\"item\":\"https:\\\/\\\/sandsiv.com\\\/de\\\/\"},{\"@type\":\"ListItem\",\"position\":2,\"name\":\"Kunden-Erfolgsgeschichten\",\"item\":\"https:\\\/\\\/sandsiv.com\\\/de\\\/kunden-erfolgsgeschichten\\\/\"},{\"@type\":\"ListItem\",\"position\":3,\"name\":\"Pharmaunternehmen Roche\"}]},{\"@type\":\"WebSite\",\"@id\":\"https:\\\/\\\/sandsiv.com\\\/#website\",\"url\":\"https:\\\/\\\/sandsiv.com\\\/\",\"name\":\"sandsiv+\",\"description\":\"Customer Intelligence Made In Switzerland\",\"publisher\":{\"@id\":\"https:\\\/\\\/sandsiv.com\\\/#organization\"},\"potentialAction\":[{\"@type\":\"SearchAction\",\"target\":{\"@type\":\"EntryPoint\",\"urlTemplate\":\"https:\\\/\\\/sandsiv.com\\\/?s={search_term_string}\"},\"query-input\":{\"@type\":\"PropertyValueSpecification\",\"valueRequired\":true,\"valueName\":\"search_term_string\"}}],\"inLanguage\":\"de-DE\"},{\"@type\":\"Organization\",\"@id\":\"https:\\\/\\\/sandsiv.com\\\/#organization\",\"name\":\"sandsiv+\",\"url\":\"https:\\\/\\\/sandsiv.com\\\/\",\"logo\":{\"@type\":\"ImageObject\",\"inLanguage\":\"de-DE\",\"@id\":\"https:\\\/\\\/sandsiv.com\\\/#\\\/schema\\\/logo\\\/image\\\/\",\"url\":\"https:\\\/\\\/sandsiv.com\\\/wp-content\\\/uploads\\\/2021\\\/08\\\/logo-light-normal.svg\",\"contentUrl\":\"https:\\\/\\\/sandsiv.com\\\/wp-content\\\/uploads\\\/2021\\\/08\\\/logo-light-normal.svg\",\"width\":376,\"height\":67,\"caption\":\"sandsiv+\"},\"image\":{\"@id\":\"https:\\\/\\\/sandsiv.com\\\/#\\\/schema\\\/logo\\\/image\\\/\"}}]}<\/script>\n<!-- \/ Yoast SEO Premium plugin. -->","yoast_head_json":{"title":"Pharmaunternehmen Roche - sandsiv+","description":"Das globale Pharmaunternehmen Roche erzielte bei seiner ersten VoC-Kampagne mit sandsiv+ eine Antwortrate von 25 %.","robots":{"index":"index","follow":"follow","max-snippet":"max-snippet:-1","max-image-preview":"max-image-preview:large","max-video-preview":"max-video-preview:-1"},"canonical":"https:\/\/sandsiv.com\/de\/kunden-erfolgsgeschichten\/pharmaunternehmen-roche\/","og_locale":"de_DE","og_type":"article","og_title":"Pharmaunternehmen Roche","og_description":"Das globale Pharmaunternehmen Roche erzielte bei seiner ersten VoC-Kampagne mit sandsiv+ eine Antwortrate von 25 %.","og_url":"https:\/\/sandsiv.com\/de\/kunden-erfolgsgeschichten\/pharmaunternehmen-roche\/","og_site_name":"sandsiv+","article_modified_time":"2023-08-29T10:26:39+00:00","twitter_card":"summary_large_image","schema":{"@context":"https:\/\/schema.org","@graph":[{"@type":"WebPage","@id":"https:\/\/sandsiv.com\/de\/kunden-erfolgsgeschichten\/pharmaunternehmen-roche\/","url":"https:\/\/sandsiv.com\/de\/kunden-erfolgsgeschichten\/pharmaunternehmen-roche\/","name":"Pharmaunternehmen Roche - sandsiv+","isPartOf":{"@id":"https:\/\/sandsiv.com\/#website"},"datePublished":"2021-08-12T14:40:48+00:00","dateModified":"2023-08-29T10:26:39+00:00","description":"Das globale Pharmaunternehmen Roche erzielte bei seiner ersten VoC-Kampagne mit sandsiv+ eine Antwortrate von 25 %.","breadcrumb":{"@id":"https:\/\/sandsiv.com\/de\/kunden-erfolgsgeschichten\/pharmaunternehmen-roche\/#breadcrumb"},"inLanguage":"de-DE","potentialAction":[{"@type":"ReadAction","target":["https:\/\/sandsiv.com\/de\/kunden-erfolgsgeschichten\/pharmaunternehmen-roche\/"]}]},{"@type":"BreadcrumbList","@id":"https:\/\/sandsiv.com\/de\/kunden-erfolgsgeschichten\/pharmaunternehmen-roche\/#breadcrumb","itemListElement":[{"@type":"ListItem","position":1,"name":"Home","item":"https:\/\/sandsiv.com\/de\/"},{"@type":"ListItem","position":2,"name":"Kunden-Erfolgsgeschichten","item":"https:\/\/sandsiv.com\/de\/kunden-erfolgsgeschichten\/"},{"@type":"ListItem","position":3,"name":"Pharmaunternehmen Roche"}]},{"@type":"WebSite","@id":"https:\/\/sandsiv.com\/#website","url":"https:\/\/sandsiv.com\/","name":"sandsiv+","description":"Customer Intelligence Made In Switzerland","publisher":{"@id":"https:\/\/sandsiv.com\/#organization"},"potentialAction":[{"@type":"SearchAction","target":{"@type":"EntryPoint","urlTemplate":"https:\/\/sandsiv.com\/?s={search_term_string}"},"query-input":{"@type":"PropertyValueSpecification","valueRequired":true,"valueName":"search_term_string"}}],"inLanguage":"de-DE"},{"@type":"Organization","@id":"https:\/\/sandsiv.com\/#organization","name":"sandsiv+","url":"https:\/\/sandsiv.com\/","logo":{"@type":"ImageObject","inLanguage":"de-DE","@id":"https:\/\/sandsiv.com\/#\/schema\/logo\/image\/","url":"https:\/\/sandsiv.com\/wp-content\/uploads\/2021\/08\/logo-light-normal.svg","contentUrl":"https:\/\/sandsiv.com\/wp-content\/uploads\/2021\/08\/logo-light-normal.svg","width":376,"height":67,"caption":"sandsiv+"},"image":{"@id":"https:\/\/sandsiv.com\/#\/schema\/logo\/image\/"}}]}},"_links":{"self":[{"href":"https:\/\/sandsiv.com\/de\/wp-json\/wp\/v2\/pages\/10502","targetHints":{"allow":["GET"]}}],"collection":[{"href":"https:\/\/sandsiv.com\/de\/wp-json\/wp\/v2\/pages"}],"about":[{"href":"https:\/\/sandsiv.com\/de\/wp-json\/wp\/v2\/types\/page"}],"author":[{"embeddable":true,"href":"https:\/\/sandsiv.com\/de\/wp-json\/wp\/v2\/users\/5"}],"replies":[{"embeddable":true,"href":"https:\/\/sandsiv.com\/de\/wp-json\/wp\/v2\/comments?post=10502"}],"version-history":[{"count":0,"href":"https:\/\/sandsiv.com\/de\/wp-json\/wp\/v2\/pages\/10502\/revisions"}],"up":[{"embeddable":true,"href":"https:\/\/sandsiv.com\/de\/wp-json\/wp\/v2\/pages\/10481"}],"wp:attachment":[{"href":"https:\/\/sandsiv.com\/de\/wp-json\/wp\/v2\/media?parent=10502"}],"curies":[{"name":"wp","href":"https:\/\/api.w.org\/{rel}","templated":true}]}}