
{"id":10494,"date":"2021-08-12T14:58:24","date_gmt":"2021-08-12T14:58:24","guid":{"rendered":"https:\/\/sandsiv.com\/kunden-erfolgsgeschichten\/fastweb\/"},"modified":"2023-08-29T09:55:51","modified_gmt":"2023-08-29T09:55:51","slug":"telekom-fastweb","status":"publish","type":"page","link":"https:\/\/sandsiv.com\/de\/kunden-erfolgsgeschichten\/telekom-fastweb\/","title":{"rendered":"Telekom Fastweb"},"content":{"rendered":"<div id=\"banner-block_0acc2ad20f5c1bbead1c76b7a0ca87fb\"\r\n    class=\"banner scroll-fade\">\r\n    <div\r\n        class=\"module mt_0  mb_0\">\r\n        <div class=\"container\">\r\n            <div class=\"banner__inner\">\r\n                <div class=\"banner__data\">\r\n                                        <h1 class=\"heading\">Telekom<strong\r\n                            class=\"heading_red\">Fastweb<\/strong>                    <\/h1>\r\n                                                            <div class=\"description\">Wie Fastweb die beste Kundenerfahrung lieferte und einen positiven NPS erzielte, der im Durchschnitt +15% h\u00f6her ist als bei der Konkurrenz.                    <\/div>                                                            <div class=\"banner__button\">\r\n                        <a href=\"https:\/\/sandsiv.com\/de\/demo-anfordern\/\"\r\n                            class=\"btn\" _self                            >Demo anfordern<\/a>\r\n                    <\/div>\r\n                                                                            <\/div>\r\n                <div class=\"banner__media\">\r\n                                        <div class=\"banner__image\">\r\n                        <picture class=\"image\">\r\n                            <source srcset=\"https:\/\/sandsiv.com\/wp-content\/uploads\/2021\/08\/sandsiv-fastweb-client.png\">\r\n                            <img decoding=\"async\" src=\"https:\/\/sandsiv.com\/wp-content\/uploads\/2021\/08\/sandsiv-fastweb-client.png\"\r\n                                alt=\"Fastweb\" \/>\r\n                        <\/picture>\r\n                    <\/div>\r\n                                                                            <\/div>\r\n            <\/div>\r\n        <\/div>\r\n    <\/div>\r\n<\/div>\n\n\r\n<div id=\"blog_post_content-block_ef18171f28c2284cc22e4fd6c657beb0\" class=\"blog_post_content scroll-fade\">\r\n    <div class=\"module \">\r\n\r\n                    <div class=\"container\">\r\n                                \r\n            <div class=\"blog_post_content_inner\"> \r\n                                    <div class=\"heading_section\">\r\n                        <div class=\"heading_text h1\">\r\n                            HIntergrund                        <\/div>\r\n                    <\/div>\r\n                                                    <div class=\"content_section\">\r\n                        <p>Fastweb, ein f\u00fchrender Anbieter in der italienischen Telekombranche, ist ein beispielhaftes innovationsorientiertes Unternehmen. &#8220;Care&#8221; ist einer der Grundwerte der Fastweb-Vision, die darauf abzielt, Werte f\u00fcr alle Stakeholder zu schaffen, indem die Bed\u00fcrfnisse der Kunden und Mitarbeiter jeden Tag und bei jeder Aktivit\u00e4t des Unternehmens ber\u00fccksichtigt werden.<\/p>\n<h4><span style=\"color: #bf2025;\">Das Ziel:<\/span><\/h4>\n<p>Im Jahr 2013 wollte Fastweb eine skalierbare und automatisierte Beziehungs- und Transaktions-NPS-Erhebung zur Verbesserung der Kundenerfahrung \/ Loyalit\u00e4t mit btc- und btb-Kunden durchf\u00fchren. sandsiv + wurde als Partner f\u00fcr VoC- und Kundendatenanalyse und als Anbieter einer Voice of Customer (VoC)-Plattform ausgew\u00e4hlt, um das Programm zu unterst\u00fctzen.<\/p>\n<h4><span style=\"color: #bf2025;\">Die Herausforderung:<\/span><\/h4>\n<p>Die Herausforderung, der sich Fastweb 2013 stellte, war die Verbesserung der Kundenorientierung mit dem Ziel, einheitliche Erfahrungen, effektive Kommunikation und Servicequalit\u00e4t in den Kundenbeziehungen zu gew\u00e4hrleisten. Die Schaffung von Customer Centricity war der Ausgangspunkt f\u00fcr die Entwicklung und den Start einer Umgestaltung des Kundenerlebnisses.<\/p>\n<p>Ziel von Fastweb war es, die Kundenzufriedenheit und -treue zu erh\u00f6hen und den Kundenstamm durch umfassende Ma\u00dfnahmen zur Verbesserung der Kundenerfahrung zu erweitern.<\/p>\n                    <\/div>\r\n                            <\/div>\r\n        <\/div>\r\n    <\/div>\r\n<\/div>\n\n\r\n<div id=\"testimonial_section-block_4fb79c9fcf295288167fe70c0040eb14\" class=\"testimonial_section scroll-fade\">\r\n    <div class=\"module mt_0  mb_0\">  \r\n        <div class=\"bg_clr_section bg_clr_red\">               \r\n            <div class=\"container container--small\">\r\n                <div class=\"testimonial_section_inner remove_slider_dots\"> \r\n                                            <div class=\"testimonial_slider\">\r\n                                                            <div class=\"item\">\r\n                                    <div class=\"item_inner\">\r\n                                                                                    <div class=\"logo_img_section\">\r\n                                                                                                    <div class=\"client_photo\">\r\n                                                        <img decoding=\"async\" src=\"https:\/\/sandsiv.com\/wp-content\/uploads\/2021\/08\/sandsiv_testimonial_client_2.svg\" alt=\"Fastweb\" \/>\r\n                                                    <\/div>\r\n                                                                                                                                            <\/div>\r\n                                                                                                                            <div class=\"client_detail\">\r\n                                                                                                    <div class=\"client_name h5\">\r\n                                                        Marco Narduzzi &#8211; Marco Narduzzi &#8211; Leiter Innovation und Qualit\u00e4t                                                    <\/div>\r\n                                                                                                                                            <\/div>\r\n                                                                                                                            <div class=\"testimonial_text\">\r\n                                                Die Customer-Experience-L\u00f6sung von SANDSIV war eines der Elemente, die es Fastweb erm\u00f6glichte, sich schnell in ein kundenorientiertes Unternehmen zu verwandeln. Die hohe Steigerung der Kundenzufriedenheit (gemessen durch den NPS) spiegelt sich in den hervorragenden Ergebnissen in Bezug auf Kundenwachstum und Umsatz wider.                                            <\/div>\r\n                                                                                                                    <\/div>\r\n                                <\/div>\r\n                                                    <\/div>\r\n                                    <\/div>\r\n            <\/div>\r\n        <\/div>\r\n    <\/div>\r\n<\/div>\n\n\r\n<div id=\"blog_post_content-block_713a99ff8a90876e87ce9ef07e591c86\" class=\"blog_post_content scroll-fade\">\r\n    <div class=\"module \">\r\n\r\n                    <div class=\"container\">\r\n                                \r\n            <div class=\"blog_post_content_inner\"> \r\n                                    <div class=\"heading_section\">\r\n                        <div class=\"heading_text h1\">\r\n                            Unser Ansatz                        <\/div>\r\n                    <\/div>\r\n                                                    <div class=\"content_section\">\r\n                        <p>Fastweb fand in SANDSIV einen wertvollen Partner, um das beste Kundenerlebnis zu erreichen. Die sandsiv+ Plattform erm\u00f6glichte die Implementierung eines effektiven Omnichannel-Systems zur Erfassung, Sammlung und Analyse von Kundenfeedback in Echtzeit. Die Module der Kundenstimmer Plattform sind besonders geeignet f\u00fcr die Bed\u00fcrfnisse von Fastweb, da sie eine benutzerfreundliche und flexible Umgebung bieten:<\/p>\n<ul>\n<li>Arbeiten \u00fcber mehrere Kan\u00e4le (Web, E-Mail, SMS) und erm\u00f6glichen zudem eine schrittweise Erweiterung und Anpassung der verf\u00fcgbaren Funktionen<\/li>\n<li>Ein muttersprachliches italienisches Expertenteam f\u00fcr die Entwicklung der strategischen und operativen Prozesse<\/li>\n<li>Professionelle Dienstleistungen zur Beschleunigung der Technologieeinf\u00fchrung<\/li>\n<li>Bewertung des CX-Reifegrads<\/li>\n<li>Einrichtung der NPS- und VOC-Analyse als Gesamtrahmen f\u00fcr die Identifizierung und Verbesserung der CX<\/li>\n<li>Verbesserung der wichtigsten Customer Journeys und Konsolidierung der CJ-basierten Kultur<\/li>\n<li>Identifikation und Quick Wins f\u00fcr die wichtigsten Kundenprobleme.<\/li>\n<li>Innerer Close-the-loop<\/li>\n<\/ul>\n                    <\/div>\r\n                            <\/div>\r\n        <\/div>\r\n    <\/div>\r\n<\/div>\n\n<div id=\"text_imagevideo-block_372a1664e46d5315ad1d950026cca636\"\r\n    class=\"text_imagevideo scroll-fade\">\r\n    <div class=\"container\">\r\n                <div class=\"text_imagevideo__inner\">\r\n                        <h1 class=\"heading\">Implementierung            <\/h1>            <div\r\n                class=\"text_imagevideo__list \">\r\n                                <div class=\"text_imagevideo__item module scroll-fade\">\r\n                    <div\r\n                        class=\"text_imagevideo__item__inner imagePosition_left\">\r\n                        <div class=\"contant\">\r\n                                                                                    <h1 class=\"title\">Aktive Nutzer                            <\/h1>                                                        <div class=\"text\">SaaS-VoC-Plattform wird im Rechenzentrum von SANDSIV bereitgestellt. Verwaltungsrichtlinien werden angewendet, um Admin-Benutzer und Betrachter zu identifizieren und den Zugang zur Plattform zu unterscheiden.                            <\/div>                                                    <\/div>\r\n                        <div class=\"image_video\">\r\n                                                        <picture class=\"img\"                                 >\r\n                                <source\r\n                                    srcset=\"https:\/\/sandsiv.com\/wp-content\/uploads\/2021\/08\/Group-2023.png\">\r\n                                <img decoding=\"async\" src=\"https:\/\/sandsiv.com\/wp-content\/uploads\/2021\/08\/Group-2023.png\"\r\n                                    alt=\"Tailored to your needs\" \/>\r\n                            <\/picture>\r\n                                                    <\/div>\r\n                    <\/div>\r\n                <\/div>\r\n                                <div class=\"text_imagevideo__item module scroll-fade\">\r\n                    <div\r\n                        class=\"text_imagevideo__item__inner imagePosition_right\">\r\n                        <div class=\"contant\">\r\n                                                                                    <h1 class=\"title\">Umfragen                            <\/h1>                                                        <div class=\"text\">Umfragen werden entsprechend der Customer Journey entworfen und konfiguriert und die Ergebnisse werden so gesammelt, dass die End-to-End-Erfahrung dargestellt wird. Sie wird auch f\u00fcr den automatischen und manuellen Listenupload verwendet. Je nach Bedarf an Kontaktinformationen werden die Umfragen per E-Mail oder SMS verschickt; die Integration mit der Unternehmenswebsite steht kurz bevor.                            <\/div>                                                    <\/div>\r\n                        <div class=\"image_video\">\r\n                                                        <picture class=\"img\"                                 >\r\n                                <source\r\n                                    srcset=\"https:\/\/sandsiv.com\/wp-content\/uploads\/2021\/08\/Survey@3x-8-1_p2.png\">\r\n                                <img decoding=\"async\" src=\"https:\/\/sandsiv.com\/wp-content\/uploads\/2021\/08\/Survey@3x-8-1_p2.png\"\r\n                                    alt=\"Better customer data with surveys\" \/>\r\n                            <\/picture>\r\n                                                    <\/div>\r\n                    <\/div>\r\n                <\/div>\r\n                                <div class=\"text_imagevideo__item module scroll-fade\">\r\n                    <div\r\n                        class=\"text_imagevideo__item__inner imagePosition_left\">\r\n                        <div class=\"contant\">\r\n                                                                                    <h1 class=\"title\">Dashboards und close-the-loop                            <\/h1>                                                        <div class=\"text\">Das Self-Service-Dashboarding und die Berichterstellung dienen der Untersuchung und Analyse der gesammelten Informationen, um Erkenntnisse f\u00fcr den \u00e4u\u00dferen close the loop und die Umgestaltung zu gewinnen. Die einzelnen Umfrageergebnisse werden in speziellen Dashboards dargestellt, die die Trends aufzeigen.                            <\/div>                                                    <\/div>\r\n                        <div class=\"image_video\">\r\n                                                        <picture class=\"img\"                                 >\r\n                                <source\r\n                                    srcset=\"https:\/\/sandsiv.com\/wp-content\/uploads\/2021\/08\/Graphs-Smileys-1.png\">\r\n                                <img decoding=\"async\" src=\"https:\/\/sandsiv.com\/wp-content\/uploads\/2021\/08\/Graphs-Smileys-1.png\"\r\n                                    alt=\"Analysis and reporting\" \/>\r\n                            <\/picture>\r\n                                                    <\/div>\r\n                    <\/div>\r\n                <\/div>\r\n                                <div class=\"text_imagevideo__item module scroll-fade\">\r\n                    <div\r\n                        class=\"text_imagevideo__item__inner imagePosition_right\">\r\n                        <div class=\"contant\">\r\n                                                                                    <h1 class=\"title\">Professionelle &#038; verwaltete Dienstleistungen                            <\/h1>                                                        <div class=\"text\">Standarddienstleistungen wie die Einrichtung und Konfiguration der Plattform, die Implementierung von Integrationen mit Application-Map-Systemen und SMS-Gateway. Um die Bereitstellung zu beschleunigen, stellte SANDSIV die anf\u00e4nglichen relationalen und transaktionalen Multichannel-Umfragen zur Verf\u00fcgung: eine Reihe von Umfragevorlagen, Text- und Stimmungsklassifizierungsmodelle, eine Reihe von Standardgrafiken und Berichten. F\u00fcr die Marketing-\/CX-Abteilung wurde eine Schulung durchgef\u00fchrt. Das Projekt wird von einem engagierten Projekt-\/Kundenerfolgsmanager geleitet, der ein Team aus funktionalen und technischen Spezialisten f\u00fchrt.                            <\/div>                                                    <\/div>\r\n                        <div class=\"image_video\">\r\n                                                        <picture class=\"img\"                                 >\r\n                                <source\r\n                                    srcset=\"https:\/\/sandsiv.com\/wp-content\/uploads\/2021\/08\/Group-2007.png\">\r\n                                <img decoding=\"async\" src=\"https:\/\/sandsiv.com\/wp-content\/uploads\/2021\/08\/Group-2007.png\"\r\n                                    alt=\"sandsiv+\" \/>\r\n                            <\/picture>\r\n                                                    <\/div>\r\n                    <\/div>\r\n                <\/div>\r\n                            <\/div>\r\n        <\/div>\r\n            <\/div>\r\n<\/div>\n\n\r\n<div id=\"frames_section-block_15469a598b44aab0eb919ed71d8522cb\" class=\"frames_section scroll-fade\">\r\n    <div class=\"module mt_0  mb_0\">  \r\n        <div class=\"bg_clr_section bg_clr_turquoise\">               \r\n            <div class=\"container\">\r\n                <div class=\"frames_section_inner\"> \r\n                                            <div class=\"heading\">\r\n                            <span style=\"color: #404040;\">Fazit<\/span>                        <\/div>\r\n                                                                <div class=\"text\">\r\n                            <p><span style=\"color: #404040;\">Fastweb misst und verbessert das Kundenerlebnis seit 2013 in Zusammenarbeit mit SANDSIV. Laut den F\u00fchrungskr\u00e4ften von Fastweb hat SANDSIV eine wichtige Rolle beim Erfolg des Programms gespielt, das zu einer f\u00fchrenden Kundenerfahrung gef\u00fchrt hat, die sich in einem positiven NPS zeigt, der im Durchschnitt um 15 % h\u00f6her ist als bei der Konkurrenz.<\/span><\/p>\n<p><span style=\"color: #404040;\">Fastweb nutzt die Plattform f\u00fcr die effiziente und automatische Verwaltung von Feedback aus verschiedenen Quellen und Kan\u00e4len entlang der gesamten Customer Journey, einschlie\u00dflich kabelgebundener und mobiler Kommunikation und \u00fcber alle Kundengruppen hinweg. Fastweb sch\u00e4tzt insbesondere die Selbstbedienungsfunktionen, die Benutzerfreundlichkeit sowie die Flexibilit\u00e4t und Integrierbarkeit der Plattform in ihr IT-\u00d6kosystem. Dar\u00fcber hinaus f\u00fchren wir laufend Untersuchungen durch, die das Kundenerlebnis von Fastweb mit dem von Wettbewerbern und anderen f\u00fchrenden Anbietern vergleichen.<\/span><\/p>\n                        <\/div>\r\n                                                        <\/div>\r\n            <\/div>\r\n        <\/div>\r\n    <\/div>\r\n<\/div>\n\n\r\n<div id=\"frames_section-block_1799be420441f364ed1795194f745350\" class=\"frames_section scroll-fade\">\r\n    <div class=\"module mt_0  mb_0\">  \r\n        <div class=\"bg_clr_section bg_clr_red\">               \r\n            <div class=\"container\">\r\n                <div class=\"frames_section_inner\"> \r\n                                            <div class=\"heading\">\r\n                            Beginnen Sie noch heute mit sandsiv+ zu wachsen                        <\/div>\r\n                                                                                    <div class=\"button_section\">\r\n                            <a class=\"btn btn--white \" href=\"https:\/\/sandsiv.com\/de\/demo-anfordern\/\" >\r\n                                Demo anfordern                            <\/a>\r\n                        <\/div>\r\n                                    <\/div>\r\n            <\/div>\r\n        <\/div>\r\n    <\/div>\r\n<\/div>","protected":false},"excerpt":{"rendered":"","protected":false},"author":5,"featured_media":0,"parent":10481,"menu_order":0,"comment_status":"closed","ping_status":"closed","template":"","meta":{"content-type":"","footnotes":""},"class_list":["post-10494","page","type-page","status-publish","hentry"],"acf":[],"yoast_head":"<!-- This site is optimized with the Yoast SEO Premium plugin v26.9 (Yoast SEO v27.3) - https:\/\/yoast.com\/product\/yoast-seo-premium-wordpress\/ -->\n<title>Telekom Fastweb - sandsiv+<\/title>\n<meta name=\"description\" content=\"Wie die Telekom Fastweb die beste Kundenerfahrung lieferte und einen positiven NPS erzielte, der +15% h\u00f6her ist als bei der Konkurrenz.\" \/>\n<meta name=\"robots\" content=\"index, follow, max-snippet:-1, max-image-preview:large, max-video-preview:-1\" \/>\n<link rel=\"canonical\" href=\"https:\/\/sandsiv.com\/de\/kunden-erfolgsgeschichten\/telekom-fastweb\/\" \/>\n<meta property=\"og:locale\" content=\"de_DE\" \/>\n<meta property=\"og:type\" content=\"article\" \/>\n<meta property=\"og:title\" content=\"Telekom Fastweb\" \/>\n<meta property=\"og:description\" content=\"Wie die Telekom Fastweb die beste Kundenerfahrung lieferte und einen positiven NPS erzielte, der +15% h\u00f6her ist als bei der Konkurrenz.\" \/>\n<meta property=\"og:url\" content=\"https:\/\/sandsiv.com\/de\/kunden-erfolgsgeschichten\/telekom-fastweb\/\" \/>\n<meta property=\"og:site_name\" content=\"sandsiv+\" \/>\n<meta property=\"article:modified_time\" content=\"2023-08-29T09:55:51+00:00\" \/>\n<meta name=\"twitter:card\" content=\"summary_large_image\" \/>\n<script type=\"application\/ld+json\" class=\"yoast-schema-graph\">{\"@context\":\"https:\\\/\\\/schema.org\",\"@graph\":[{\"@type\":\"WebPage\",\"@id\":\"https:\\\/\\\/sandsiv.com\\\/de\\\/kunden-erfolgsgeschichten\\\/telekom-fastweb\\\/\",\"url\":\"https:\\\/\\\/sandsiv.com\\\/de\\\/kunden-erfolgsgeschichten\\\/telekom-fastweb\\\/\",\"name\":\"Telekom Fastweb - sandsiv+\",\"isPartOf\":{\"@id\":\"https:\\\/\\\/sandsiv.com\\\/#website\"},\"datePublished\":\"2021-08-12T14:58:24+00:00\",\"dateModified\":\"2023-08-29T09:55:51+00:00\",\"description\":\"Wie die Telekom Fastweb die beste Kundenerfahrung lieferte und einen positiven NPS erzielte, der +15% h\u00f6her ist als bei der Konkurrenz.\",\"breadcrumb\":{\"@id\":\"https:\\\/\\\/sandsiv.com\\\/de\\\/kunden-erfolgsgeschichten\\\/telekom-fastweb\\\/#breadcrumb\"},\"inLanguage\":\"de-DE\",\"potentialAction\":[{\"@type\":\"ReadAction\",\"target\":[\"https:\\\/\\\/sandsiv.com\\\/de\\\/kunden-erfolgsgeschichten\\\/telekom-fastweb\\\/\"]}]},{\"@type\":\"BreadcrumbList\",\"@id\":\"https:\\\/\\\/sandsiv.com\\\/de\\\/kunden-erfolgsgeschichten\\\/telekom-fastweb\\\/#breadcrumb\",\"itemListElement\":[{\"@type\":\"ListItem\",\"position\":1,\"name\":\"Home\",\"item\":\"https:\\\/\\\/sandsiv.com\\\/de\\\/\"},{\"@type\":\"ListItem\",\"position\":2,\"name\":\"Kunden-Erfolgsgeschichten\",\"item\":\"https:\\\/\\\/sandsiv.com\\\/de\\\/kunden-erfolgsgeschichten\\\/\"},{\"@type\":\"ListItem\",\"position\":3,\"name\":\"Telekom Fastweb\"}]},{\"@type\":\"WebSite\",\"@id\":\"https:\\\/\\\/sandsiv.com\\\/#website\",\"url\":\"https:\\\/\\\/sandsiv.com\\\/\",\"name\":\"sandsiv+\",\"description\":\"Customer Intelligence Made In Switzerland\",\"publisher\":{\"@id\":\"https:\\\/\\\/sandsiv.com\\\/#organization\"},\"potentialAction\":[{\"@type\":\"SearchAction\",\"target\":{\"@type\":\"EntryPoint\",\"urlTemplate\":\"https:\\\/\\\/sandsiv.com\\\/?s={search_term_string}\"},\"query-input\":{\"@type\":\"PropertyValueSpecification\",\"valueRequired\":true,\"valueName\":\"search_term_string\"}}],\"inLanguage\":\"de-DE\"},{\"@type\":\"Organization\",\"@id\":\"https:\\\/\\\/sandsiv.com\\\/#organization\",\"name\":\"sandsiv+\",\"url\":\"https:\\\/\\\/sandsiv.com\\\/\",\"logo\":{\"@type\":\"ImageObject\",\"inLanguage\":\"de-DE\",\"@id\":\"https:\\\/\\\/sandsiv.com\\\/#\\\/schema\\\/logo\\\/image\\\/\",\"url\":\"https:\\\/\\\/sandsiv.com\\\/wp-content\\\/uploads\\\/2021\\\/08\\\/logo-light-normal.svg\",\"contentUrl\":\"https:\\\/\\\/sandsiv.com\\\/wp-content\\\/uploads\\\/2021\\\/08\\\/logo-light-normal.svg\",\"width\":376,\"height\":67,\"caption\":\"sandsiv+\"},\"image\":{\"@id\":\"https:\\\/\\\/sandsiv.com\\\/#\\\/schema\\\/logo\\\/image\\\/\"}}]}<\/script>\n<!-- \/ Yoast SEO Premium plugin. -->","yoast_head_json":{"title":"Telekom Fastweb - sandsiv+","description":"Wie die Telekom Fastweb die beste Kundenerfahrung lieferte und einen positiven NPS erzielte, der +15% h\u00f6her ist als bei der Konkurrenz.","robots":{"index":"index","follow":"follow","max-snippet":"max-snippet:-1","max-image-preview":"max-image-preview:large","max-video-preview":"max-video-preview:-1"},"canonical":"https:\/\/sandsiv.com\/de\/kunden-erfolgsgeschichten\/telekom-fastweb\/","og_locale":"de_DE","og_type":"article","og_title":"Telekom Fastweb","og_description":"Wie die Telekom Fastweb die beste Kundenerfahrung lieferte und einen positiven NPS erzielte, der +15% h\u00f6her ist als bei der Konkurrenz.","og_url":"https:\/\/sandsiv.com\/de\/kunden-erfolgsgeschichten\/telekom-fastweb\/","og_site_name":"sandsiv+","article_modified_time":"2023-08-29T09:55:51+00:00","twitter_card":"summary_large_image","schema":{"@context":"https:\/\/schema.org","@graph":[{"@type":"WebPage","@id":"https:\/\/sandsiv.com\/de\/kunden-erfolgsgeschichten\/telekom-fastweb\/","url":"https:\/\/sandsiv.com\/de\/kunden-erfolgsgeschichten\/telekom-fastweb\/","name":"Telekom Fastweb - sandsiv+","isPartOf":{"@id":"https:\/\/sandsiv.com\/#website"},"datePublished":"2021-08-12T14:58:24+00:00","dateModified":"2023-08-29T09:55:51+00:00","description":"Wie die Telekom Fastweb die beste Kundenerfahrung lieferte und einen positiven NPS erzielte, der +15% h\u00f6her ist als bei der Konkurrenz.","breadcrumb":{"@id":"https:\/\/sandsiv.com\/de\/kunden-erfolgsgeschichten\/telekom-fastweb\/#breadcrumb"},"inLanguage":"de-DE","potentialAction":[{"@type":"ReadAction","target":["https:\/\/sandsiv.com\/de\/kunden-erfolgsgeschichten\/telekom-fastweb\/"]}]},{"@type":"BreadcrumbList","@id":"https:\/\/sandsiv.com\/de\/kunden-erfolgsgeschichten\/telekom-fastweb\/#breadcrumb","itemListElement":[{"@type":"ListItem","position":1,"name":"Home","item":"https:\/\/sandsiv.com\/de\/"},{"@type":"ListItem","position":2,"name":"Kunden-Erfolgsgeschichten","item":"https:\/\/sandsiv.com\/de\/kunden-erfolgsgeschichten\/"},{"@type":"ListItem","position":3,"name":"Telekom Fastweb"}]},{"@type":"WebSite","@id":"https:\/\/sandsiv.com\/#website","url":"https:\/\/sandsiv.com\/","name":"sandsiv+","description":"Customer Intelligence Made In Switzerland","publisher":{"@id":"https:\/\/sandsiv.com\/#organization"},"potentialAction":[{"@type":"SearchAction","target":{"@type":"EntryPoint","urlTemplate":"https:\/\/sandsiv.com\/?s={search_term_string}"},"query-input":{"@type":"PropertyValueSpecification","valueRequired":true,"valueName":"search_term_string"}}],"inLanguage":"de-DE"},{"@type":"Organization","@id":"https:\/\/sandsiv.com\/#organization","name":"sandsiv+","url":"https:\/\/sandsiv.com\/","logo":{"@type":"ImageObject","inLanguage":"de-DE","@id":"https:\/\/sandsiv.com\/#\/schema\/logo\/image\/","url":"https:\/\/sandsiv.com\/wp-content\/uploads\/2021\/08\/logo-light-normal.svg","contentUrl":"https:\/\/sandsiv.com\/wp-content\/uploads\/2021\/08\/logo-light-normal.svg","width":376,"height":67,"caption":"sandsiv+"},"image":{"@id":"https:\/\/sandsiv.com\/#\/schema\/logo\/image\/"}}]}},"_links":{"self":[{"href":"https:\/\/sandsiv.com\/de\/wp-json\/wp\/v2\/pages\/10494","targetHints":{"allow":["GET"]}}],"collection":[{"href":"https:\/\/sandsiv.com\/de\/wp-json\/wp\/v2\/pages"}],"about":[{"href":"https:\/\/sandsiv.com\/de\/wp-json\/wp\/v2\/types\/page"}],"author":[{"embeddable":true,"href":"https:\/\/sandsiv.com\/de\/wp-json\/wp\/v2\/users\/5"}],"replies":[{"embeddable":true,"href":"https:\/\/sandsiv.com\/de\/wp-json\/wp\/v2\/comments?post=10494"}],"version-history":[{"count":0,"href":"https:\/\/sandsiv.com\/de\/wp-json\/wp\/v2\/pages\/10494\/revisions"}],"up":[{"embeddable":true,"href":"https:\/\/sandsiv.com\/de\/wp-json\/wp\/v2\/pages\/10481"}],"wp:attachment":[{"href":"https:\/\/sandsiv.com\/de\/wp-json\/wp\/v2\/media?parent=10494"}],"curies":[{"name":"wp","href":"https:\/\/api.w.org\/{rel}","templated":true}]}}