
{"id":10479,"date":"2021-08-08T23:32:29","date_gmt":"2021-08-08T23:32:29","guid":{"rendered":"https:\/\/sandsiv.com\/advanced-cx-analytics\/"},"modified":"2023-08-29T07:45:20","modified_gmt":"2023-08-29T07:45:20","slug":"erweiterte-cx-analytik","status":"publish","type":"page","link":"https:\/\/sandsiv.com\/de\/erweiterte-cx-analytik\/","title":{"rendered":"Erweiterte CX-Analytik"},"content":{"rendered":"<div id=\"banner-block_984c27a4a70139fa1d72467f1f089ce7\"\r\n    class=\"banner scroll-fade\">\r\n    <div\r\n        class=\"module mt_0  mb_0\">\r\n        <div class=\"container\">\r\n            <div class=\"banner__inner\">\r\n                <div class=\"banner__data\">\r\n                                        <h1 class=\"heading\">Erweiterte CX-Analytik<strong\r\n                            class=\"heading_red\">haben das Spiel ver\u00e4ndert<\/strong>                    <\/h1>\r\n                                                            <div class=\"description\">Verwalten der Kundenerfahrung durch einen systematischen Ansatz zur Datenanalyse                    <\/div>                                                            <div class=\"banner__button\">\r\n                        <a href=\"https:\/\/sandsiv.com\/de\/demo-anfordern\/\"\r\n                            class=\"btn\" _self                            >Demo anfordern<\/a>\r\n                    <\/div>\r\n                                                                            <\/div>\r\n                <div class=\"banner__media\">\r\n                                        <div class=\"banner__image\">\r\n                        <picture class=\"image\">\r\n                            <source srcset=\"\">\r\n                            <img decoding=\"async\" src=\"\"\r\n                                alt=\"\" \/>\r\n                        <\/picture>\r\n                    <\/div>\r\n                                                                            <\/div>\r\n            <\/div>\r\n        <\/div>\r\n    <\/div>\r\n<\/div>\n\n\n<div id=\"post_content_with_download_link_two_columns-block_c442069bcd30abbba588cf289469eb3b\" class=\"post_content_with_download_link_two_columns scroll-fade\">\n    <div class=\"module  mb_0\">                \n        <div class=\"container\">\n            <div class=\"post_content_with_download_link_two_columns_inner\"> \n                \t\t\t\t\t<div class=\"content_section\">\n\t\t\t\t\t\t\t\t\t\t\t\t\t<div class=\"content_section_inner\">\n                                                                    <div class=\"heading_text\">\n                                        Umsetzbare Einblicke in Ihr CX-Programm                                    <\/div>\n                                                                                                    <div class=\"content\">\n                                        <p>Fortgeschrittene KI-Technologien, einschlie\u00dflich erweiterter nat\u00fcrlicher Sprachverarbeitung (NLP) und tiefem maschinellen Lernen (DML) sowie Datenvisualisierung und -berichterstattung, werden eingesetzt, um schneller und pr\u00e4ziser umsetzbare Erkenntnisse zu gewinnen, die zunehmend unbeaufsichtigt sind.<\/p>\n<p>KI-gest\u00fctzte Kundenanalyse findet alle Beziehungen in den Daten, die es gibt (ohne dass ausdr\u00fccklich gesagt wird, wonach gesucht werden soll). Sie kann die Wahrscheinlichkeit zuk\u00fcnftiger Verhaltensweisen vorhersagen. SANDSIV nutzt seine propriet\u00e4re IT-L\u00f6sung mit marktf\u00fchrenden Open-Source-Technologien und untermauert damit seinen Ruf als Innovationsf\u00fchrer.<\/p>\n<p><img decoding=\"async\" src=\"https:\/\/sandsiv.wpengine.com\/wp-content\/uploads\/2021\/07\/typing_img.jpg\" alt=\"typing_img\" \/><\/p>\n                                    <\/div>\n                                \t\t\t\t\t\t\t<\/div>\n\t\t\t\t\t\t\t\t\t\t\t<\/div>\n                                <div class=\"download_link_section\">\n                    <div class=\"download_link_section_inner\">\n                                                                                                                                                            <div class=\"download_list\">\n                                                                                    <div class=\"download_item\">\n                                                <div class=\"download_item_inner\">\n                                                    <div class=\"left_section\">\n                                                                                                                    <div class=\"icon\">\n                                                                <img decoding=\"async\" src=\"https:\/\/sandsiv.com\/wp-content\/uploads\/2021\/07\/download_icon.svg\" alt=\"download_icon\" \/>\n                                                            <\/div>\n                                                                                                                                                                            <div class=\"title_date_section\">\n                                                                                                                                    <div class=\"title h5\">\n                                                                        Erweiterte CX-Analytik                                                                    <\/div>\n                                                                                                                                                                                            <\/div>\n                                                                                                            <\/div>\n                                                    <div class=\"right_section\">\n                                                                                                                <a class=\"btn\" href=\"https:\/\/sandsiv.com\/wp-content\/uploads\/2021\/08\/sandsiv-CX-Analytics.pdf\" download>\n\t\t\t\t\t\t\t\t\t\t\t\t\t\t\t\t\t\t\t\t\t\t\t\t\t\t\t\t\t\t\t\t\t\t\t\t\t\t\t\tHerunterladen\n\t\t\t\t\t\t\t\t\t\t\t\t\t\t\t\t                                                        <\/a>\n                                                                                                            <\/div>\n                                                <\/div>\n                                            <\/div>\n                                                                            <\/div>\n                                                                                                                                            <\/div>\n\n\t\t\t\t\t<\/div>\n\n\n  \n            <\/div>\n        <\/div>\n    <\/div>\n<\/div>\n\n\r\n<div id=\"frames_section-block_6bc8f138abc833005207e78043b6deca\" class=\"frames_section scroll-fade\">\r\n    <div class=\"module mt_0  mb_0\">  \r\n        <div class=\"bg_clr_section bg_clr_red\">               \r\n            <div class=\"container\">\r\n                <div class=\"frames_section_inner\"> \r\n                                            <div class=\"heading\">\r\n                            Beginnen Sie noch heute mit sandsiv+ zu wachsen                        <\/div>\r\n                                                                                    <div class=\"button_section\">\r\n                            <a class=\"btn btn--white \" href=\"https:\/\/sandsiv.com\/de\/demo-anfordern\/\" >\r\n                                Demo anfordern                            <\/a>\r\n                        <\/div>\r\n                                    <\/div>\r\n            <\/div>\r\n        <\/div>\r\n    <\/div>\r\n<\/div>","protected":false},"excerpt":{"rendered":"","protected":false},"author":5,"featured_media":0,"parent":0,"menu_order":0,"comment_status":"closed","ping_status":"closed","template":"","meta":{"content-type":"","footnotes":""},"class_list":["post-10479","page","type-page","status-publish","hentry"],"acf":[],"yoast_head":"<!-- This site is optimized with the Yoast SEO Premium plugin v26.9 (Yoast SEO v27.3) - https:\/\/yoast.com\/product\/yoast-seo-premium-wordpress\/ -->\n<title>Erweiterte CX-Analytik - sandsiv+<\/title>\n<meta name=\"description\" content=\"Verwalten Sie der Kundenerfahrung durch einen systematischen Ansatz zur Datenanalyse und erweiterte CX-Analytik.\" \/>\n<meta name=\"robots\" content=\"index, follow, max-snippet:-1, max-image-preview:large, max-video-preview:-1\" \/>\n<link rel=\"canonical\" href=\"https:\/\/sandsiv.com\/de\/erweiterte-cx-analytik\/\" \/>\n<meta property=\"og:locale\" content=\"de_DE\" \/>\n<meta property=\"og:type\" content=\"article\" \/>\n<meta property=\"og:title\" content=\"Erweiterte CX-Analytik\" \/>\n<meta property=\"og:description\" content=\"Verwalten Sie der Kundenerfahrung durch einen systematischen Ansatz zur Datenanalyse und erweiterte CX-Analytik.\" \/>\n<meta property=\"og:url\" content=\"https:\/\/sandsiv.com\/de\/erweiterte-cx-analytik\/\" \/>\n<meta property=\"og:site_name\" content=\"sandsiv+\" \/>\n<meta property=\"article:modified_time\" content=\"2023-08-29T07:45:20+00:00\" \/>\n<meta name=\"twitter:card\" content=\"summary_large_image\" \/>\n<script type=\"application\/ld+json\" class=\"yoast-schema-graph\">{\"@context\":\"https:\\\/\\\/schema.org\",\"@graph\":[{\"@type\":\"WebPage\",\"@id\":\"https:\\\/\\\/sandsiv.com\\\/de\\\/erweiterte-cx-analytik\\\/\",\"url\":\"https:\\\/\\\/sandsiv.com\\\/de\\\/erweiterte-cx-analytik\\\/\",\"name\":\"Erweiterte CX-Analytik - sandsiv+\",\"isPartOf\":{\"@id\":\"https:\\\/\\\/sandsiv.com\\\/#website\"},\"datePublished\":\"2021-08-08T23:32:29+00:00\",\"dateModified\":\"2023-08-29T07:45:20+00:00\",\"description\":\"Verwalten Sie der Kundenerfahrung durch einen systematischen Ansatz zur Datenanalyse und erweiterte CX-Analytik.\",\"breadcrumb\":{\"@id\":\"https:\\\/\\\/sandsiv.com\\\/de\\\/erweiterte-cx-analytik\\\/#breadcrumb\"},\"inLanguage\":\"de-DE\",\"potentialAction\":[{\"@type\":\"ReadAction\",\"target\":[\"https:\\\/\\\/sandsiv.com\\\/de\\\/erweiterte-cx-analytik\\\/\"]}]},{\"@type\":\"BreadcrumbList\",\"@id\":\"https:\\\/\\\/sandsiv.com\\\/de\\\/erweiterte-cx-analytik\\\/#breadcrumb\",\"itemListElement\":[{\"@type\":\"ListItem\",\"position\":1,\"name\":\"Home\",\"item\":\"https:\\\/\\\/sandsiv.com\\\/de\\\/\"},{\"@type\":\"ListItem\",\"position\":2,\"name\":\"Erweiterte CX-Analytik\"}]},{\"@type\":\"WebSite\",\"@id\":\"https:\\\/\\\/sandsiv.com\\\/#website\",\"url\":\"https:\\\/\\\/sandsiv.com\\\/\",\"name\":\"sandsiv+\",\"description\":\"Customer Intelligence Made In Switzerland\",\"publisher\":{\"@id\":\"https:\\\/\\\/sandsiv.com\\\/#organization\"},\"potentialAction\":[{\"@type\":\"SearchAction\",\"target\":{\"@type\":\"EntryPoint\",\"urlTemplate\":\"https:\\\/\\\/sandsiv.com\\\/?s={search_term_string}\"},\"query-input\":{\"@type\":\"PropertyValueSpecification\",\"valueRequired\":true,\"valueName\":\"search_term_string\"}}],\"inLanguage\":\"de-DE\"},{\"@type\":\"Organization\",\"@id\":\"https:\\\/\\\/sandsiv.com\\\/#organization\",\"name\":\"sandsiv+\",\"url\":\"https:\\\/\\\/sandsiv.com\\\/\",\"logo\":{\"@type\":\"ImageObject\",\"inLanguage\":\"de-DE\",\"@id\":\"https:\\\/\\\/sandsiv.com\\\/#\\\/schema\\\/logo\\\/image\\\/\",\"url\":\"https:\\\/\\\/sandsiv.com\\\/wp-content\\\/uploads\\\/2021\\\/08\\\/logo-light-normal.svg\",\"contentUrl\":\"https:\\\/\\\/sandsiv.com\\\/wp-content\\\/uploads\\\/2021\\\/08\\\/logo-light-normal.svg\",\"width\":376,\"height\":67,\"caption\":\"sandsiv+\"},\"image\":{\"@id\":\"https:\\\/\\\/sandsiv.com\\\/#\\\/schema\\\/logo\\\/image\\\/\"}}]}<\/script>\n<!-- \/ Yoast SEO Premium plugin. -->","yoast_head_json":{"title":"Erweiterte CX-Analytik - sandsiv+","description":"Verwalten Sie der Kundenerfahrung durch einen systematischen Ansatz zur Datenanalyse und erweiterte CX-Analytik.","robots":{"index":"index","follow":"follow","max-snippet":"max-snippet:-1","max-image-preview":"max-image-preview:large","max-video-preview":"max-video-preview:-1"},"canonical":"https:\/\/sandsiv.com\/de\/erweiterte-cx-analytik\/","og_locale":"de_DE","og_type":"article","og_title":"Erweiterte CX-Analytik","og_description":"Verwalten Sie der Kundenerfahrung durch einen systematischen Ansatz zur Datenanalyse und erweiterte CX-Analytik.","og_url":"https:\/\/sandsiv.com\/de\/erweiterte-cx-analytik\/","og_site_name":"sandsiv+","article_modified_time":"2023-08-29T07:45:20+00:00","twitter_card":"summary_large_image","schema":{"@context":"https:\/\/schema.org","@graph":[{"@type":"WebPage","@id":"https:\/\/sandsiv.com\/de\/erweiterte-cx-analytik\/","url":"https:\/\/sandsiv.com\/de\/erweiterte-cx-analytik\/","name":"Erweiterte CX-Analytik - sandsiv+","isPartOf":{"@id":"https:\/\/sandsiv.com\/#website"},"datePublished":"2021-08-08T23:32:29+00:00","dateModified":"2023-08-29T07:45:20+00:00","description":"Verwalten Sie der Kundenerfahrung durch einen systematischen Ansatz zur Datenanalyse und erweiterte CX-Analytik.","breadcrumb":{"@id":"https:\/\/sandsiv.com\/de\/erweiterte-cx-analytik\/#breadcrumb"},"inLanguage":"de-DE","potentialAction":[{"@type":"ReadAction","target":["https:\/\/sandsiv.com\/de\/erweiterte-cx-analytik\/"]}]},{"@type":"BreadcrumbList","@id":"https:\/\/sandsiv.com\/de\/erweiterte-cx-analytik\/#breadcrumb","itemListElement":[{"@type":"ListItem","position":1,"name":"Home","item":"https:\/\/sandsiv.com\/de\/"},{"@type":"ListItem","position":2,"name":"Erweiterte CX-Analytik"}]},{"@type":"WebSite","@id":"https:\/\/sandsiv.com\/#website","url":"https:\/\/sandsiv.com\/","name":"sandsiv+","description":"Customer Intelligence Made In Switzerland","publisher":{"@id":"https:\/\/sandsiv.com\/#organization"},"potentialAction":[{"@type":"SearchAction","target":{"@type":"EntryPoint","urlTemplate":"https:\/\/sandsiv.com\/?s={search_term_string}"},"query-input":{"@type":"PropertyValueSpecification","valueRequired":true,"valueName":"search_term_string"}}],"inLanguage":"de-DE"},{"@type":"Organization","@id":"https:\/\/sandsiv.com\/#organization","name":"sandsiv+","url":"https:\/\/sandsiv.com\/","logo":{"@type":"ImageObject","inLanguage":"de-DE","@id":"https:\/\/sandsiv.com\/#\/schema\/logo\/image\/","url":"https:\/\/sandsiv.com\/wp-content\/uploads\/2021\/08\/logo-light-normal.svg","contentUrl":"https:\/\/sandsiv.com\/wp-content\/uploads\/2021\/08\/logo-light-normal.svg","width":376,"height":67,"caption":"sandsiv+"},"image":{"@id":"https:\/\/sandsiv.com\/#\/schema\/logo\/image\/"}}]}},"_links":{"self":[{"href":"https:\/\/sandsiv.com\/de\/wp-json\/wp\/v2\/pages\/10479","targetHints":{"allow":["GET"]}}],"collection":[{"href":"https:\/\/sandsiv.com\/de\/wp-json\/wp\/v2\/pages"}],"about":[{"href":"https:\/\/sandsiv.com\/de\/wp-json\/wp\/v2\/types\/page"}],"author":[{"embeddable":true,"href":"https:\/\/sandsiv.com\/de\/wp-json\/wp\/v2\/users\/5"}],"replies":[{"embeddable":true,"href":"https:\/\/sandsiv.com\/de\/wp-json\/wp\/v2\/comments?post=10479"}],"version-history":[{"count":0,"href":"https:\/\/sandsiv.com\/de\/wp-json\/wp\/v2\/pages\/10479\/revisions"}],"wp:attachment":[{"href":"https:\/\/sandsiv.com\/de\/wp-json\/wp\/v2\/media?parent=10479"}],"curies":[{"name":"wp","href":"https:\/\/api.w.org\/{rel}","templated":true}]}}