
{"id":10460,"date":"2023-02-16T11:58:53","date_gmt":"2023-02-16T11:58:53","guid":{"rendered":"https:\/\/sandsiv.com\/omdia-names-sandsiv-a-substantial-market-challenger\/"},"modified":"2023-08-28T15:27:38","modified_gmt":"2023-08-28T15:27:38","slug":"omdia-bericht","status":"publish","type":"page","link":"https:\/\/sandsiv.com\/de\/omdia-bericht\/","title":{"rendered":"OMDIA Bericht"},"content":{"rendered":"<div id=\"banner-block_783430a463afd22e080d9702fe0ee4c2\"\r\n    class=\"banner scroll-fade\">\r\n    <div\r\n        class=\"module mt_0  mb_0\">\r\n        <div class=\"container\">\r\n            <div class=\"banner__inner\">\r\n                <div class=\"banner__data\">\r\n                                        <h1 class=\"heading\">OMDIA ernennt SANDSIV zu einem bedeutenden <strong\r\n                            class=\"heading_red\">CXM-Marktherausforderer<\/strong>                    <\/h1>\r\n                                                            <div class=\"description\">OMDIA ernennt SANDSIV zu einem bedeutenden CXM-Challenger im Bereich KI-basierter Experience-Management-Plattformen.                    <\/div>                                                            <div class=\"banner__button\">\r\n                        <a href=\"https:\/\/sandsiv.com\/de\/kontakt\/\"\r\n                            class=\"btn\" _self                            >Lassen Sie uns miteinander sprechen<\/a>\r\n                    <\/div>\r\n                                                                            <\/div>\r\n                <div class=\"banner__media\">\r\n                                        <div class=\"banner__image\">\r\n                        <picture class=\"image\">\r\n                            <source srcset=\"https:\/\/sandsiv.com\/wp-content\/uploads\/2023\/02\/sandsiv-social-WEB-67.png\">\r\n                            <img decoding=\"async\" src=\"https:\/\/sandsiv.com\/wp-content\/uploads\/2023\/02\/sandsiv-social-WEB-67.png\"\r\n                                alt=\"SANDSIV OMDIA recognition\" \/>\r\n                        <\/picture>\r\n                    <\/div>\r\n                                                                            <\/div>\r\n            <\/div>\r\n        <\/div>\r\n    <\/div>\r\n<\/div>\n\n\n<div id=\"post_content_with_download_link_two_columns-block_257dbe7d9f36c1e131e13956525b8409\" class=\"post_content_with_download_link_two_columns scroll-fade\">\n    <div class=\"module \">                \n        <div class=\"container\">\n            <div class=\"post_content_with_download_link_two_columns_inner\"> \n                \t\t\t\t\t<div class=\"content_section\">\n\t\t\t\t\t\t\t\t\t\t\t\t\t<div class=\"content_section_inner\">\n                                                                    <div class=\"heading_text\">\n                                        OMDIA Bericht                                    <\/div>\n                                                                                                    <div class=\"content\">\n                                        <p>OMDIA bezeichnet SANDSIV als wichtigen Wettbewerber auf dem CX Markt.<br \/>\nUm den Markt besser zu beobachten, wurde der &#8220;Omdia Market Radar geschaffen: AI-enabled Experience Management Platforms&#8221;-Bericht eine unabh\u00e4ngige Analyse des Marktes und der Marktf\u00fchrer.<\/p>\n<p>SANDSIV ist stolz auf seine starken technischen F\u00e4higkeiten, die kontinuierliche Innovation, fortschrittlicher Funktionen, die schnellere Bereitstellung und die verbesserten Self-Service-Optionen bei gleichzeitiger Kostensenkung.<\/p>\n<p>Laden Sie den vollst\u00e4ndigen Bericht herunter, um zu verstehen, warum SANDSIV als wesentlicher Challenger auf dem Markt positioniert ist und L\u00f6sungen f\u00fcr Unternehmen aller Gr\u00f6\u00dfen und Branchen weltweit anbietet.<\/p>\n                                    <\/div>\n                                \t\t\t\t\t\t\t<\/div>\n\t\t\t\t\t\t\t\t\t\t\t<\/div>\n                                <div class=\"download_link_section\">\n                    <div class=\"download_link_section_inner\">\n                                                                                                                                                                                                                <div class=\"contact_form_section\">\n                                    <script type=\"text\/javascript\" src=\"https:\/\/mautic.sandsiv.com\/form\/generate.js?id=112\"><\/script>                                <\/div>\n                                                                                <\/div>\n\n\t\t\t\t\t<\/div>\n\n\n  \n            <\/div>\n        <\/div>\n    <\/div>\n<\/div>\n\n\r\n<div id=\"frames_section-block_21de06a471f5bc9a330fc04bb61000b0\" class=\"frames_section scroll-fade\">\r\n    <div class=\"module mt_0  mb_0\">  \r\n        <div class=\"bg_clr_section bg_clr_turquoise\">               \r\n            <div class=\"container\">\r\n                <div class=\"frames_section_inner\"> \r\n                                            <div class=\"heading\">\r\n                            <span style=\"color: #404040;\">Der Markt f\u00fcr CX-Anbieter ist sehr umk\u00e4mpft.<\/span>                        <\/div>\r\n                                                                <div class=\"text\">\r\n                            <p><span style=\"color: #404040;\">Die Wahl des richtigen Partners ist wichtig.<\/span><\/p>\n                        <\/div>\r\n                                                                <div class=\"button_section\">\r\n                            <a class=\"btn btn--white \" href=\"https:\/\/sandsiv.com\/de\/auszeichnungen-und-preise\/\" >\r\n                                Entdecken Sie unsere Auszeichnungen                            <\/a>\r\n                        <\/div>\r\n                                    <\/div>\r\n            <\/div>\r\n        <\/div>\r\n    <\/div>\r\n<\/div>\n\n\r\n<div id=\"frames_section-block_5dfee486c27720887efbe58d5a4864fa\" class=\"frames_section scroll-fade\">\r\n    <div class=\"module mt_0  mb_0\">  \r\n        <div class=\"bg_clr_section bg_clr_red\">               \r\n            <div class=\"container\">\r\n                <div class=\"frames_section_inner\"> \r\n                                            <div class=\"heading\">\r\n                            Beginnen Sie noch heute mit sandsiv+ zu wachsen                        <\/div>\r\n                                                                                    <div class=\"button_section\">\r\n                            <a class=\"btn btn--white \" href=\"https:\/\/sandsiv.com\/de\/demo-anfordern\/\" >\r\n                                Demo anfordern                            <\/a>\r\n                        <\/div>\r\n                                    <\/div>\r\n            <\/div>\r\n        <\/div>\r\n    <\/div>\r\n<\/div>\n\n\n<p><\/p>\n","protected":false},"excerpt":{"rendered":"","protected":false},"author":9,"featured_media":0,"parent":0,"menu_order":0,"comment_status":"closed","ping_status":"closed","template":"","meta":{"content-type":"","footnotes":""},"class_list":["post-10460","page","type-page","status-publish","hentry"],"acf":[],"yoast_head":"<!-- This site is optimized with the Yoast SEO Premium plugin v26.9 (Yoast SEO v27.4) - https:\/\/yoast.com\/product\/yoast-seo-premium-wordpress\/ -->\n<title>OMDIA Bericht - sandsiv+<\/title>\n<meta name=\"description\" content=\"Im OMDIA Bericht, OMDIA bezeichnet SANDSIV als wichtigen Wettbewerber auf dem CX Markt und macht eine unabh\u00e4ngige Analyse des Marktes.\" \/>\n<meta name=\"robots\" content=\"index, follow, max-snippet:-1, max-image-preview:large, max-video-preview:-1\" \/>\n<link rel=\"canonical\" href=\"https:\/\/sandsiv.com\/de\/omdia-bericht\/\" \/>\n<meta property=\"og:locale\" content=\"de_DE\" \/>\n<meta property=\"og:type\" content=\"article\" \/>\n<meta property=\"og:title\" content=\"OMDIA Bericht\" \/>\n<meta property=\"og:description\" content=\"Im OMDIA Bericht, OMDIA bezeichnet SANDSIV als wichtigen Wettbewerber auf dem CX Markt und macht eine unabh\u00e4ngige Analyse des Marktes.\" \/>\n<meta property=\"og:url\" content=\"https:\/\/sandsiv.com\/de\/omdia-bericht\/\" \/>\n<meta property=\"og:site_name\" content=\"sandsiv+\" \/>\n<meta property=\"article:modified_time\" content=\"2023-08-28T15:27:38+00:00\" \/>\n<meta name=\"twitter:card\" content=\"summary_large_image\" \/>\n<script type=\"application\/ld+json\" class=\"yoast-schema-graph\">{\"@context\":\"https:\\\/\\\/schema.org\",\"@graph\":[{\"@type\":\"WebPage\",\"@id\":\"https:\\\/\\\/sandsiv.com\\\/de\\\/omdia-bericht\\\/\",\"url\":\"https:\\\/\\\/sandsiv.com\\\/de\\\/omdia-bericht\\\/\",\"name\":\"OMDIA Bericht - sandsiv+\",\"isPartOf\":{\"@id\":\"https:\\\/\\\/sandsiv.com\\\/#website\"},\"datePublished\":\"2023-02-16T11:58:53+00:00\",\"dateModified\":\"2023-08-28T15:27:38+00:00\",\"description\":\"Im OMDIA Bericht, OMDIA bezeichnet SANDSIV als wichtigen Wettbewerber auf dem CX Markt und macht eine unabh\u00e4ngige Analyse des Marktes.\",\"breadcrumb\":{\"@id\":\"https:\\\/\\\/sandsiv.com\\\/de\\\/omdia-bericht\\\/#breadcrumb\"},\"inLanguage\":\"de-DE\",\"potentialAction\":[{\"@type\":\"ReadAction\",\"target\":[\"https:\\\/\\\/sandsiv.com\\\/de\\\/omdia-bericht\\\/\"]}]},{\"@type\":\"BreadcrumbList\",\"@id\":\"https:\\\/\\\/sandsiv.com\\\/de\\\/omdia-bericht\\\/#breadcrumb\",\"itemListElement\":[{\"@type\":\"ListItem\",\"position\":1,\"name\":\"Home\",\"item\":\"https:\\\/\\\/sandsiv.com\\\/de\\\/\"},{\"@type\":\"ListItem\",\"position\":2,\"name\":\"OMDIA Bericht\"}]},{\"@type\":\"WebSite\",\"@id\":\"https:\\\/\\\/sandsiv.com\\\/#website\",\"url\":\"https:\\\/\\\/sandsiv.com\\\/\",\"name\":\"sandsiv+\",\"description\":\"Customer Intelligence Made In Switzerland\",\"publisher\":{\"@id\":\"https:\\\/\\\/sandsiv.com\\\/#organization\"},\"potentialAction\":[{\"@type\":\"SearchAction\",\"target\":{\"@type\":\"EntryPoint\",\"urlTemplate\":\"https:\\\/\\\/sandsiv.com\\\/?s={search_term_string}\"},\"query-input\":{\"@type\":\"PropertyValueSpecification\",\"valueRequired\":true,\"valueName\":\"search_term_string\"}}],\"inLanguage\":\"de-DE\"},{\"@type\":\"Organization\",\"@id\":\"https:\\\/\\\/sandsiv.com\\\/#organization\",\"name\":\"sandsiv+\",\"url\":\"https:\\\/\\\/sandsiv.com\\\/\",\"logo\":{\"@type\":\"ImageObject\",\"inLanguage\":\"de-DE\",\"@id\":\"https:\\\/\\\/sandsiv.com\\\/#\\\/schema\\\/logo\\\/image\\\/\",\"url\":\"https:\\\/\\\/sandsiv.com\\\/wp-content\\\/uploads\\\/2021\\\/08\\\/logo-light-normal.svg\",\"contentUrl\":\"https:\\\/\\\/sandsiv.com\\\/wp-content\\\/uploads\\\/2021\\\/08\\\/logo-light-normal.svg\",\"width\":376,\"height\":67,\"caption\":\"sandsiv+\"},\"image\":{\"@id\":\"https:\\\/\\\/sandsiv.com\\\/#\\\/schema\\\/logo\\\/image\\\/\"}}]}<\/script>\n<!-- \/ Yoast SEO Premium plugin. -->","yoast_head_json":{"title":"OMDIA Bericht - sandsiv+","description":"Im OMDIA Bericht, OMDIA bezeichnet SANDSIV als wichtigen Wettbewerber auf dem CX Markt und macht eine unabh\u00e4ngige Analyse des Marktes.","robots":{"index":"index","follow":"follow","max-snippet":"max-snippet:-1","max-image-preview":"max-image-preview:large","max-video-preview":"max-video-preview:-1"},"canonical":"https:\/\/sandsiv.com\/de\/omdia-bericht\/","og_locale":"de_DE","og_type":"article","og_title":"OMDIA Bericht","og_description":"Im OMDIA Bericht, OMDIA bezeichnet SANDSIV als wichtigen Wettbewerber auf dem CX Markt und macht eine unabh\u00e4ngige Analyse des Marktes.","og_url":"https:\/\/sandsiv.com\/de\/omdia-bericht\/","og_site_name":"sandsiv+","article_modified_time":"2023-08-28T15:27:38+00:00","twitter_card":"summary_large_image","schema":{"@context":"https:\/\/schema.org","@graph":[{"@type":"WebPage","@id":"https:\/\/sandsiv.com\/de\/omdia-bericht\/","url":"https:\/\/sandsiv.com\/de\/omdia-bericht\/","name":"OMDIA Bericht - sandsiv+","isPartOf":{"@id":"https:\/\/sandsiv.com\/#website"},"datePublished":"2023-02-16T11:58:53+00:00","dateModified":"2023-08-28T15:27:38+00:00","description":"Im OMDIA Bericht, OMDIA bezeichnet SANDSIV als wichtigen Wettbewerber auf dem CX Markt und macht eine unabh\u00e4ngige Analyse des Marktes.","breadcrumb":{"@id":"https:\/\/sandsiv.com\/de\/omdia-bericht\/#breadcrumb"},"inLanguage":"de-DE","potentialAction":[{"@type":"ReadAction","target":["https:\/\/sandsiv.com\/de\/omdia-bericht\/"]}]},{"@type":"BreadcrumbList","@id":"https:\/\/sandsiv.com\/de\/omdia-bericht\/#breadcrumb","itemListElement":[{"@type":"ListItem","position":1,"name":"Home","item":"https:\/\/sandsiv.com\/de\/"},{"@type":"ListItem","position":2,"name":"OMDIA Bericht"}]},{"@type":"WebSite","@id":"https:\/\/sandsiv.com\/#website","url":"https:\/\/sandsiv.com\/","name":"sandsiv+","description":"Customer Intelligence Made In Switzerland","publisher":{"@id":"https:\/\/sandsiv.com\/#organization"},"potentialAction":[{"@type":"SearchAction","target":{"@type":"EntryPoint","urlTemplate":"https:\/\/sandsiv.com\/?s={search_term_string}"},"query-input":{"@type":"PropertyValueSpecification","valueRequired":true,"valueName":"search_term_string"}}],"inLanguage":"de-DE"},{"@type":"Organization","@id":"https:\/\/sandsiv.com\/#organization","name":"sandsiv+","url":"https:\/\/sandsiv.com\/","logo":{"@type":"ImageObject","inLanguage":"de-DE","@id":"https:\/\/sandsiv.com\/#\/schema\/logo\/image\/","url":"https:\/\/sandsiv.com\/wp-content\/uploads\/2021\/08\/logo-light-normal.svg","contentUrl":"https:\/\/sandsiv.com\/wp-content\/uploads\/2021\/08\/logo-light-normal.svg","width":376,"height":67,"caption":"sandsiv+"},"image":{"@id":"https:\/\/sandsiv.com\/#\/schema\/logo\/image\/"}}]}},"_links":{"self":[{"href":"https:\/\/sandsiv.com\/de\/wp-json\/wp\/v2\/pages\/10460","targetHints":{"allow":["GET"]}}],"collection":[{"href":"https:\/\/sandsiv.com\/de\/wp-json\/wp\/v2\/pages"}],"about":[{"href":"https:\/\/sandsiv.com\/de\/wp-json\/wp\/v2\/types\/page"}],"author":[{"embeddable":true,"href":"https:\/\/sandsiv.com\/de\/wp-json\/wp\/v2\/users\/9"}],"replies":[{"embeddable":true,"href":"https:\/\/sandsiv.com\/de\/wp-json\/wp\/v2\/comments?post=10460"}],"version-history":[{"count":0,"href":"https:\/\/sandsiv.com\/de\/wp-json\/wp\/v2\/pages\/10460\/revisions"}],"wp:attachment":[{"href":"https:\/\/sandsiv.com\/de\/wp-json\/wp\/v2\/media?parent=10460"}],"curies":[{"name":"wp","href":"https:\/\/api.w.org\/{rel}","templated":true}]}}