
{"id":10454,"date":"2021-08-09T09:50:09","date_gmt":"2021-08-09T09:50:09","guid":{"rendered":"https:\/\/sandsiv.com\/frost-sullivan-award-sandsiv\/"},"modified":"2023-08-28T15:11:17","modified_gmt":"2023-08-28T15:11:17","slug":"frost-sullivan-bericht","status":"publish","type":"page","link":"https:\/\/sandsiv.com\/de\/frost-sullivan-bericht\/","title":{"rendered":"Frost &#038; Sullivan Bericht"},"content":{"rendered":"<div id=\"banner-block_079e8394a0aed70a0b9018b530f27fe6\"\r\n    class=\"banner scroll-fade\">\r\n    <div\r\n        class=\"module mt_0  mb_0\">\r\n        <div class=\"container\">\r\n            <div class=\"banner__inner\">\r\n                <div class=\"banner__data\">\r\n                                        <h1 class=\"heading\">Frost &#038; Sullivan 2021 Auszeichnung <strong\r\n                            class=\"heading_red\">als Produktf\u00fchrer<\/strong>                    <\/h1>\r\n                                                            <div class=\"description\">Frost &#038; Sullivan zeichnet SANDSIV 2021 als Produktf\u00fchrer f\u00fcr die europ\u00e4ische Kundenstimme (VoC) Softwarel\u00f6sungsbranche aus                    <\/div>                                                            <div class=\"banner__button\">\r\n                        <a href=\"https:\/\/sandsiv.com\/de\/demo-anfordern\/\"\r\n                            class=\"btn\" _self                            >Demo anfordern<\/a>\r\n                    <\/div>\r\n                                                                            <\/div>\r\n                <div class=\"banner__media\">\r\n                                        <div class=\"banner__image\">\r\n                        <picture class=\"image\">\r\n                            <source srcset=\"https:\/\/sandsiv.com\/wp-content\/uploads\/2021\/07\/SANDSIV-news.png\">\r\n                            <img decoding=\"async\" src=\"https:\/\/sandsiv.com\/wp-content\/uploads\/2021\/07\/SANDSIV-news.png\"\r\n                                alt=\"Frost &#038; Sullivan\" \/>\r\n                        <\/picture>\r\n                    <\/div>\r\n                                                                            <\/div>\r\n            <\/div>\r\n        <\/div>\r\n    <\/div>\r\n<\/div>\n\n\n<div id=\"post_content_with_download_link_two_columns-block_faf3f65aed118ed7eba12f1581d15f55\" class=\"post_content_with_download_link_two_columns scroll-fade\">\n    <div class=\"module \">                \n        <div class=\"container\">\n            <div class=\"post_content_with_download_link_two_columns_inner\"> \n                \t\t\t\t\t<div class=\"content_section\">\n\t\t\t\t\t\t\t\t\t\t\t\t\t<div class=\"content_section_inner\">\n                                                                    <div class=\"heading_text\">\n                                        Frost &#038; Sullivan Bericht                                    <\/div>\n                                                                                                    <div class=\"content\">\n                                        <p>Die Unternehmen von heute brauchen eine VoC- und Customer Experience Management (CXM)-Plattform, die eine \u00fcberlegene Customer Experience (CX) bietet, indem sie die Kundenperspektive als Antrieb f\u00fcr interne Verbesserungen nutzt. SANDSIV bietet eine hochwertige L\u00f6sung, die auf modernster k\u00fcnstlicher Intelligenz (KI) basiert, mit fortschrittlichen Analyse- und Visualisierungsfunktionen und einer umfassenden Auswahl an Funktionalit\u00e4ten, die es Unternehmen jeder Gr\u00f6\u00dfe, geografischen Lage und Branche erm\u00f6glichen, VoC \u00fcber mehrere Kan\u00e4le zu erfassen, den Kundenservice zu verbessern und sich von der Konkurrenz abzuheben.<\/p>\n<p>Aus diesem Grund wurde die SANDSIV-L\u00f6sung mit dem Frost &amp; Sullivan Product Leadership Award 2021 f\u00fcr die europ\u00e4ische Voice of the Customer (VoC)-Softwarebranche ausgezeichnet.<\/p>\n<h3><span style=\"color: #bf2025;\">Lesen Sie den Bericht, um mehr zu erfahren:<\/span><\/h3>\n<ul>\n<li>Die wichtigsten Trends auf dem VoC-Markt<\/li>\n<li>Die wichtigsten Benchmarking-Kriterien und die Bedeutung der Auszeichnung<\/li>\n<li>SANDSIV erhielt die Auszeichnung f\u00fcr seine herausragenden Leistungen in den Bereichen technologische Innovation, Produktdesign und Humankapital.<\/li>\n<\/ul>\n                                    <\/div>\n                                \t\t\t\t\t\t\t<\/div>\n\t\t\t\t\t\t\t\t\t\t\t<\/div>\n                                <div class=\"download_link_section\">\n                    <div class=\"download_link_section_inner\">\n                                                                                                                                                                                                                <div class=\"contact_form_section\">\n                                    <script type=\"text\/javascript\" src=\"https:\/\/mautic.sandsiv.com\/form\/generate.js?id=111\"><\/script>                                <\/div>\n                                                                                <\/div>\n\n\t\t\t\t\t<\/div>\n\n\n  \n            <\/div>\n        <\/div>\n    <\/div>\n<\/div>\n\n\r\n<div id=\"frames_section-block_ba50bf09b4f8654ed8c8b129a9f60eea\" class=\"frames_section scroll-fade\">\r\n    <div class=\"module mt_0  mb_0\">  \r\n        <div class=\"bg_clr_section bg_clr_turquoise\">               \r\n            <div class=\"container\">\r\n                <div class=\"frames_section_inner\"> \r\n                                            <div class=\"heading\">\r\n                            <span style=\"color: #404040;\">Der Markt f\u00fcr CX-Anbieter ist sehr umk\u00e4mpft.<\/span>                        <\/div>\r\n                                                                <div class=\"text\">\r\n                            <p><span style=\"color: #404040;\">Die Wahl des richtigen Partners ist wichtig.<\/span><\/p>\n                        <\/div>\r\n                                                                <div class=\"button_section\">\r\n                            <a class=\"btn btn--white \" href=\"https:\/\/sandsiv.com\/de\/auszeichnungen-und-preise\/\" >\r\n                                Entdecken Sie unsere Auszeichnungen                            <\/a>\r\n                        <\/div>\r\n                                    <\/div>\r\n            <\/div>\r\n        <\/div>\r\n    <\/div>\r\n<\/div>\n\n\r\n<div id=\"frames_section-block_807c389251f3d98caaa2afb4c810447c\" class=\"frames_section scroll-fade\">\r\n    <div class=\"module mt_0  mb_0\">  \r\n        <div class=\"bg_clr_section bg_clr_red\">               \r\n            <div class=\"container\">\r\n                <div class=\"frames_section_inner\"> \r\n                                            <div class=\"heading\">\r\n                            Beginnen Sie noch heute mit sandsiv+ zu wachsen                        <\/div>\r\n                                                                                    <div class=\"button_section\">\r\n                            <a class=\"btn btn--white \" href=\"https:\/\/sandsiv.com\/de\/demo-anfordern\/\" >\r\n                                Demo anfordern                            <\/a>\r\n                        <\/div>\r\n                                    <\/div>\r\n            <\/div>\r\n        <\/div>\r\n    <\/div>\r\n<\/div>\n\n\n<p><\/p>\n","protected":false},"excerpt":{"rendered":"","protected":false},"author":5,"featured_media":0,"parent":0,"menu_order":0,"comment_status":"closed","ping_status":"closed","template":"","meta":{"content-type":"","footnotes":""},"class_list":["post-10454","page","type-page","status-publish","hentry"],"acf":[],"yoast_head":"<!-- This site is optimized with the Yoast SEO Premium plugin v26.9 (Yoast SEO v27.5) - https:\/\/yoast.com\/product\/yoast-seo-premium-wordpress\/ -->\n<title>Frost &amp; Sullivan Bericht - sandsiv+<\/title>\n<meta name=\"description\" content=\"In dem Frost &amp; Sullivan Bericht, Frost &amp; Sullivan zeichnet SANDSIV 2021 als Produktf\u00fchrer f\u00fcr die europ\u00e4ische Kundenstimme (VoC) aus.\" \/>\n<meta name=\"robots\" content=\"index, follow, max-snippet:-1, max-image-preview:large, max-video-preview:-1\" \/>\n<link rel=\"canonical\" href=\"https:\/\/sandsiv.com\/de\/frost-sullivan-bericht\/\" \/>\n<meta property=\"og:locale\" content=\"de_DE\" \/>\n<meta property=\"og:type\" content=\"article\" \/>\n<meta property=\"og:title\" content=\"Frost &amp; Sullivan Bericht\" \/>\n<meta property=\"og:description\" content=\"In dem Frost &amp; Sullivan Bericht, Frost &amp; Sullivan zeichnet SANDSIV 2021 als Produktf\u00fchrer f\u00fcr die europ\u00e4ische Kundenstimme (VoC) aus.\" \/>\n<meta property=\"og:url\" content=\"https:\/\/sandsiv.com\/de\/frost-sullivan-bericht\/\" \/>\n<meta property=\"og:site_name\" content=\"sandsiv+\" \/>\n<meta property=\"article:modified_time\" content=\"2023-08-28T15:11:17+00:00\" \/>\n<meta name=\"twitter:card\" content=\"summary_large_image\" \/>\n<script type=\"application\/ld+json\" class=\"yoast-schema-graph\">{\"@context\":\"https:\\\/\\\/schema.org\",\"@graph\":[{\"@type\":\"WebPage\",\"@id\":\"https:\\\/\\\/sandsiv.com\\\/de\\\/frost-sullivan-bericht\\\/\",\"url\":\"https:\\\/\\\/sandsiv.com\\\/de\\\/frost-sullivan-bericht\\\/\",\"name\":\"Frost & Sullivan Bericht - sandsiv+\",\"isPartOf\":{\"@id\":\"https:\\\/\\\/sandsiv.com\\\/#website\"},\"datePublished\":\"2021-08-09T09:50:09+00:00\",\"dateModified\":\"2023-08-28T15:11:17+00:00\",\"description\":\"In dem Frost & Sullivan Bericht, Frost & Sullivan zeichnet SANDSIV 2021 als Produktf\u00fchrer f\u00fcr die europ\u00e4ische Kundenstimme (VoC) aus.\",\"breadcrumb\":{\"@id\":\"https:\\\/\\\/sandsiv.com\\\/de\\\/frost-sullivan-bericht\\\/#breadcrumb\"},\"inLanguage\":\"de-DE\",\"potentialAction\":[{\"@type\":\"ReadAction\",\"target\":[\"https:\\\/\\\/sandsiv.com\\\/de\\\/frost-sullivan-bericht\\\/\"]}]},{\"@type\":\"BreadcrumbList\",\"@id\":\"https:\\\/\\\/sandsiv.com\\\/de\\\/frost-sullivan-bericht\\\/#breadcrumb\",\"itemListElement\":[{\"@type\":\"ListItem\",\"position\":1,\"name\":\"Home\",\"item\":\"https:\\\/\\\/sandsiv.com\\\/de\\\/\"},{\"@type\":\"ListItem\",\"position\":2,\"name\":\"Frost &#038; Sullivan Bericht\"}]},{\"@type\":\"WebSite\",\"@id\":\"https:\\\/\\\/sandsiv.com\\\/#website\",\"url\":\"https:\\\/\\\/sandsiv.com\\\/\",\"name\":\"sandsiv+\",\"description\":\"Customer Intelligence Made In Switzerland\",\"publisher\":{\"@id\":\"https:\\\/\\\/sandsiv.com\\\/#organization\"},\"potentialAction\":[{\"@type\":\"SearchAction\",\"target\":{\"@type\":\"EntryPoint\",\"urlTemplate\":\"https:\\\/\\\/sandsiv.com\\\/?s={search_term_string}\"},\"query-input\":{\"@type\":\"PropertyValueSpecification\",\"valueRequired\":true,\"valueName\":\"search_term_string\"}}],\"inLanguage\":\"de-DE\"},{\"@type\":\"Organization\",\"@id\":\"https:\\\/\\\/sandsiv.com\\\/#organization\",\"name\":\"sandsiv+\",\"url\":\"https:\\\/\\\/sandsiv.com\\\/\",\"logo\":{\"@type\":\"ImageObject\",\"inLanguage\":\"de-DE\",\"@id\":\"https:\\\/\\\/sandsiv.com\\\/#\\\/schema\\\/logo\\\/image\\\/\",\"url\":\"https:\\\/\\\/sandsiv.com\\\/wp-content\\\/uploads\\\/2021\\\/08\\\/logo-light-normal.svg\",\"contentUrl\":\"https:\\\/\\\/sandsiv.com\\\/wp-content\\\/uploads\\\/2021\\\/08\\\/logo-light-normal.svg\",\"width\":376,\"height\":67,\"caption\":\"sandsiv+\"},\"image\":{\"@id\":\"https:\\\/\\\/sandsiv.com\\\/#\\\/schema\\\/logo\\\/image\\\/\"}}]}<\/script>\n<!-- \/ Yoast SEO Premium plugin. -->","yoast_head_json":{"title":"Frost & Sullivan Bericht - sandsiv+","description":"In dem Frost & Sullivan Bericht, Frost & Sullivan zeichnet SANDSIV 2021 als Produktf\u00fchrer f\u00fcr die europ\u00e4ische Kundenstimme (VoC) aus.","robots":{"index":"index","follow":"follow","max-snippet":"max-snippet:-1","max-image-preview":"max-image-preview:large","max-video-preview":"max-video-preview:-1"},"canonical":"https:\/\/sandsiv.com\/de\/frost-sullivan-bericht\/","og_locale":"de_DE","og_type":"article","og_title":"Frost & Sullivan Bericht","og_description":"In dem Frost & Sullivan Bericht, Frost & Sullivan zeichnet SANDSIV 2021 als Produktf\u00fchrer f\u00fcr die europ\u00e4ische Kundenstimme (VoC) aus.","og_url":"https:\/\/sandsiv.com\/de\/frost-sullivan-bericht\/","og_site_name":"sandsiv+","article_modified_time":"2023-08-28T15:11:17+00:00","twitter_card":"summary_large_image","schema":{"@context":"https:\/\/schema.org","@graph":[{"@type":"WebPage","@id":"https:\/\/sandsiv.com\/de\/frost-sullivan-bericht\/","url":"https:\/\/sandsiv.com\/de\/frost-sullivan-bericht\/","name":"Frost & Sullivan Bericht - sandsiv+","isPartOf":{"@id":"https:\/\/sandsiv.com\/#website"},"datePublished":"2021-08-09T09:50:09+00:00","dateModified":"2023-08-28T15:11:17+00:00","description":"In dem Frost & Sullivan Bericht, Frost & Sullivan zeichnet SANDSIV 2021 als Produktf\u00fchrer f\u00fcr die europ\u00e4ische Kundenstimme (VoC) aus.","breadcrumb":{"@id":"https:\/\/sandsiv.com\/de\/frost-sullivan-bericht\/#breadcrumb"},"inLanguage":"de-DE","potentialAction":[{"@type":"ReadAction","target":["https:\/\/sandsiv.com\/de\/frost-sullivan-bericht\/"]}]},{"@type":"BreadcrumbList","@id":"https:\/\/sandsiv.com\/de\/frost-sullivan-bericht\/#breadcrumb","itemListElement":[{"@type":"ListItem","position":1,"name":"Home","item":"https:\/\/sandsiv.com\/de\/"},{"@type":"ListItem","position":2,"name":"Frost &#038; Sullivan Bericht"}]},{"@type":"WebSite","@id":"https:\/\/sandsiv.com\/#website","url":"https:\/\/sandsiv.com\/","name":"sandsiv+","description":"Customer Intelligence Made In Switzerland","publisher":{"@id":"https:\/\/sandsiv.com\/#organization"},"potentialAction":[{"@type":"SearchAction","target":{"@type":"EntryPoint","urlTemplate":"https:\/\/sandsiv.com\/?s={search_term_string}"},"query-input":{"@type":"PropertyValueSpecification","valueRequired":true,"valueName":"search_term_string"}}],"inLanguage":"de-DE"},{"@type":"Organization","@id":"https:\/\/sandsiv.com\/#organization","name":"sandsiv+","url":"https:\/\/sandsiv.com\/","logo":{"@type":"ImageObject","inLanguage":"de-DE","@id":"https:\/\/sandsiv.com\/#\/schema\/logo\/image\/","url":"https:\/\/sandsiv.com\/wp-content\/uploads\/2021\/08\/logo-light-normal.svg","contentUrl":"https:\/\/sandsiv.com\/wp-content\/uploads\/2021\/08\/logo-light-normal.svg","width":376,"height":67,"caption":"sandsiv+"},"image":{"@id":"https:\/\/sandsiv.com\/#\/schema\/logo\/image\/"}}]}},"_links":{"self":[{"href":"https:\/\/sandsiv.com\/de\/wp-json\/wp\/v2\/pages\/10454","targetHints":{"allow":["GET"]}}],"collection":[{"href":"https:\/\/sandsiv.com\/de\/wp-json\/wp\/v2\/pages"}],"about":[{"href":"https:\/\/sandsiv.com\/de\/wp-json\/wp\/v2\/types\/page"}],"author":[{"embeddable":true,"href":"https:\/\/sandsiv.com\/de\/wp-json\/wp\/v2\/users\/5"}],"replies":[{"embeddable":true,"href":"https:\/\/sandsiv.com\/de\/wp-json\/wp\/v2\/comments?post=10454"}],"version-history":[{"count":0,"href":"https:\/\/sandsiv.com\/de\/wp-json\/wp\/v2\/pages\/10454\/revisions"}],"wp:attachment":[{"href":"https:\/\/sandsiv.com\/de\/wp-json\/wp\/v2\/media?parent=10454"}],"curies":[{"name":"wp","href":"https:\/\/api.w.org\/{rel}","templated":true}]}}