
{"id":10447,"date":"2022-12-12T13:14:41","date_gmt":"2022-12-12T13:14:41","guid":{"rendered":"https:\/\/sandsiv.com\/thank-you-frost-sullivan-voc-leadership-award-2022\/"},"modified":"2023-08-28T14:32:29","modified_gmt":"2023-08-28T14:32:29","slug":"frost-sullivan-2022-bericht-danke","status":"publish","type":"page","link":"https:\/\/sandsiv.com\/de\/frost-sullivan-2022-bericht-danke\/","title":{"rendered":"Frost &amp; Sullivan 2022 Bericht Danke"},"content":{"rendered":"\n<div style=\"height:100px\" aria-hidden=\"true\" class=\"wp-block-spacer\"><\/div>\n\n\n\n<div id=\"post_content_with_download_link_two_columns-block_4c6f11f6740d286b7e8a97e4f6b4894b\" class=\"post_content_with_download_link_two_columns scroll-fade\">\n    <div class=\"module \">                \n        <div class=\"container\">\n            <div class=\"post_content_with_download_link_two_columns_inner\"> \n                \t\t\t\t\t<div class=\"content_section\">\n\t\t\t\t\t\t\t\t\t\t\t\t\t<div class=\"content_section_inner\">\n                                                                    <div class=\"heading_text\">\n                                        Sie sind bereit!                                    <\/div>\n                                                                                                    <div class=\"content\">\n                                        <p>Sie k\u00f6nnen Ihr kostenloses Exemplar des Frost &amp; Sullivan Product Award 2022 in der europ\u00e4ischen Voice of the Customer (VoC) Softwarel\u00f6sungsbranche abrufen.<\/p>\n                                    <\/div>\n                                \t\t\t\t\t\t\t<\/div>\n\t\t\t\t\t\t\t\t\t\t\t<\/div>\n                                <div class=\"download_link_section\">\n                    <div class=\"download_link_section_inner\">\n                                                                                                                            <div class=\"heading_text\">\n                                        <Div style = \"visibility: hidden\">Jetzt herunterladen:<\/ div>                                    <\/div>\n                                                                                                    <div class=\"download_list\">\n                                                                                    <div class=\"download_item\">\n                                                <div class=\"download_item_inner\">\n                                                    <div class=\"left_section\">\n                                                                                                                    <div class=\"icon\">\n                                                                <img decoding=\"async\" src=\"https:\/\/sandsiv.com\/wp-content\/uploads\/2021\/07\/download_icon.svg\" alt=\"download_icon\" \/>\n                                                            <\/div>\n                                                                                                                                                                            <div class=\"title_date_section\">\n                                                                                                                                    <div class=\"title h5\">\n                                                                        Frost &#038; Sullivan 2022 Bericht                                                                    <\/div>\n                                                                                                                                                                                            <\/div>\n                                                                                                            <\/div>\n                                                    <div class=\"right_section\">\n                                                                                                                <a class=\"btn\" href=\"https:\/\/sandsiv.com\/wp-content\/uploads\/2022\/12\/SANDSIV-2022-Frost-Sullivan-Leadership-Award-in-the-European-Voice-of-the-Customer.pdf\" download>\n\t\t\t\t\t\t\t\t\t\t\t\t\t\t\t\t\t\t\t\t\t\t\t\t\t\t\t\t\t\t\t\t\t\t\t\t\t\t\t\tHerunterladen\n\t\t\t\t\t\t\t\t\t\t\t\t\t\t\t\t                                                        <\/a>\n                                                                                                            <\/div>\n                                                <\/div>\n                                            <\/div>\n                                                                            <\/div>\n                                                                                                                                            <\/div>\n\n\t\t\t\t\t<\/div>\n\n\n  \n            <\/div>\n        <\/div>\n    <\/div>\n<\/div>\n\n\r\n<div id=\"frames_section-block_b5cbd0871df7779d4f2f95d2b841bdd4\" class=\"frames_section scroll-fade\">\r\n    <div class=\"module mt_0  mb_0\">  \r\n        <div class=\"bg_clr_section bg_clr_red\">               \r\n            <div class=\"container\">\r\n                <div class=\"frames_section_inner\"> \r\n                                            <div class=\"heading\">\r\n                            Beginnen Sie noch heute mit sandsiv+ zu wachsen                        <\/div>\r\n                                                                                    <div class=\"button_section\">\r\n                            <a class=\"btn btn--white \" href=\"https:\/\/sandsiv.wpengine.com\/request-a-demo\/\" >\r\n                                Request a demo                            <\/a>\r\n                        <\/div>\r\n                                    <\/div>\r\n            <\/div>\r\n        <\/div>\r\n    <\/div>\r\n<\/div>\n\n\n<p><\/p>\n","protected":false},"excerpt":{"rendered":"","protected":false},"author":5,"featured_media":0,"parent":0,"menu_order":0,"comment_status":"closed","ping_status":"closed","template":"","meta":{"content-type":"","footnotes":""},"class_list":["post-10447","page","type-page","status-publish","hentry"],"acf":[],"yoast_head":"<!-- This site is optimized with the Yoast SEO Premium plugin v26.9 (Yoast SEO v27.3) - https:\/\/yoast.com\/product\/yoast-seo-premium-wordpress\/ -->\n<title>Frost &amp; Sullivan 2022 Bericht Danke - sandsiv+<\/title>\n<meta name=\"description\" content=\"Frost &amp; Sullivan 2022 Bericht Danke\" \/>\n<meta name=\"robots\" content=\"index, follow, max-snippet:-1, max-image-preview:large, max-video-preview:-1\" \/>\n<link rel=\"canonical\" href=\"https:\/\/sandsiv.com\/de\/frost-sullivan-2022-bericht-danke\/\" \/>\n<meta property=\"og:locale\" content=\"de_DE\" \/>\n<meta property=\"og:type\" content=\"article\" \/>\n<meta property=\"og:title\" content=\"Frost &amp; Sullivan 2022 Bericht Danke\" \/>\n<meta property=\"og:description\" content=\"Frost &amp; Sullivan 2022 Bericht Danke\" \/>\n<meta property=\"og:url\" content=\"https:\/\/sandsiv.com\/de\/frost-sullivan-2022-bericht-danke\/\" \/>\n<meta property=\"og:site_name\" content=\"sandsiv+\" \/>\n<meta property=\"article:modified_time\" content=\"2023-08-28T14:32:29+00:00\" \/>\n<meta name=\"twitter:card\" content=\"summary_large_image\" \/>\n<script type=\"application\/ld+json\" class=\"yoast-schema-graph\">{\"@context\":\"https:\\\/\\\/schema.org\",\"@graph\":[{\"@type\":\"WebPage\",\"@id\":\"https:\\\/\\\/sandsiv.com\\\/de\\\/frost-sullivan-2022-bericht-danke\\\/\",\"url\":\"https:\\\/\\\/sandsiv.com\\\/de\\\/frost-sullivan-2022-bericht-danke\\\/\",\"name\":\"Frost &amp; Sullivan 2022 Bericht Danke - sandsiv+\",\"isPartOf\":{\"@id\":\"https:\\\/\\\/sandsiv.com\\\/#website\"},\"datePublished\":\"2022-12-12T13:14:41+00:00\",\"dateModified\":\"2023-08-28T14:32:29+00:00\",\"description\":\"Frost & Sullivan 2022 Bericht Danke\",\"breadcrumb\":{\"@id\":\"https:\\\/\\\/sandsiv.com\\\/de\\\/frost-sullivan-2022-bericht-danke\\\/#breadcrumb\"},\"inLanguage\":\"de-DE\",\"potentialAction\":[{\"@type\":\"ReadAction\",\"target\":[\"https:\\\/\\\/sandsiv.com\\\/de\\\/frost-sullivan-2022-bericht-danke\\\/\"]}]},{\"@type\":\"BreadcrumbList\",\"@id\":\"https:\\\/\\\/sandsiv.com\\\/de\\\/frost-sullivan-2022-bericht-danke\\\/#breadcrumb\",\"itemListElement\":[{\"@type\":\"ListItem\",\"position\":1,\"name\":\"Home\",\"item\":\"https:\\\/\\\/sandsiv.com\\\/de\\\/\"},{\"@type\":\"ListItem\",\"position\":2,\"name\":\"Frost &amp; Sullivan 2022 Bericht Danke\"}]},{\"@type\":\"WebSite\",\"@id\":\"https:\\\/\\\/sandsiv.com\\\/#website\",\"url\":\"https:\\\/\\\/sandsiv.com\\\/\",\"name\":\"sandsiv+\",\"description\":\"Customer Intelligence Made In Switzerland\",\"publisher\":{\"@id\":\"https:\\\/\\\/sandsiv.com\\\/#organization\"},\"potentialAction\":[{\"@type\":\"SearchAction\",\"target\":{\"@type\":\"EntryPoint\",\"urlTemplate\":\"https:\\\/\\\/sandsiv.com\\\/?s={search_term_string}\"},\"query-input\":{\"@type\":\"PropertyValueSpecification\",\"valueRequired\":true,\"valueName\":\"search_term_string\"}}],\"inLanguage\":\"de-DE\"},{\"@type\":\"Organization\",\"@id\":\"https:\\\/\\\/sandsiv.com\\\/#organization\",\"name\":\"sandsiv+\",\"url\":\"https:\\\/\\\/sandsiv.com\\\/\",\"logo\":{\"@type\":\"ImageObject\",\"inLanguage\":\"de-DE\",\"@id\":\"https:\\\/\\\/sandsiv.com\\\/#\\\/schema\\\/logo\\\/image\\\/\",\"url\":\"https:\\\/\\\/sandsiv.com\\\/wp-content\\\/uploads\\\/2021\\\/08\\\/logo-light-normal.svg\",\"contentUrl\":\"https:\\\/\\\/sandsiv.com\\\/wp-content\\\/uploads\\\/2021\\\/08\\\/logo-light-normal.svg\",\"width\":376,\"height\":67,\"caption\":\"sandsiv+\"},\"image\":{\"@id\":\"https:\\\/\\\/sandsiv.com\\\/#\\\/schema\\\/logo\\\/image\\\/\"}}]}<\/script>\n<!-- \/ Yoast SEO Premium plugin. -->","yoast_head_json":{"title":"Frost &amp; Sullivan 2022 Bericht Danke - sandsiv+","description":"Frost & Sullivan 2022 Bericht Danke","robots":{"index":"index","follow":"follow","max-snippet":"max-snippet:-1","max-image-preview":"max-image-preview:large","max-video-preview":"max-video-preview:-1"},"canonical":"https:\/\/sandsiv.com\/de\/frost-sullivan-2022-bericht-danke\/","og_locale":"de_DE","og_type":"article","og_title":"Frost &amp; Sullivan 2022 Bericht Danke","og_description":"Frost & Sullivan 2022 Bericht Danke","og_url":"https:\/\/sandsiv.com\/de\/frost-sullivan-2022-bericht-danke\/","og_site_name":"sandsiv+","article_modified_time":"2023-08-28T14:32:29+00:00","twitter_card":"summary_large_image","schema":{"@context":"https:\/\/schema.org","@graph":[{"@type":"WebPage","@id":"https:\/\/sandsiv.com\/de\/frost-sullivan-2022-bericht-danke\/","url":"https:\/\/sandsiv.com\/de\/frost-sullivan-2022-bericht-danke\/","name":"Frost &amp; Sullivan 2022 Bericht Danke - sandsiv+","isPartOf":{"@id":"https:\/\/sandsiv.com\/#website"},"datePublished":"2022-12-12T13:14:41+00:00","dateModified":"2023-08-28T14:32:29+00:00","description":"Frost & Sullivan 2022 Bericht Danke","breadcrumb":{"@id":"https:\/\/sandsiv.com\/de\/frost-sullivan-2022-bericht-danke\/#breadcrumb"},"inLanguage":"de-DE","potentialAction":[{"@type":"ReadAction","target":["https:\/\/sandsiv.com\/de\/frost-sullivan-2022-bericht-danke\/"]}]},{"@type":"BreadcrumbList","@id":"https:\/\/sandsiv.com\/de\/frost-sullivan-2022-bericht-danke\/#breadcrumb","itemListElement":[{"@type":"ListItem","position":1,"name":"Home","item":"https:\/\/sandsiv.com\/de\/"},{"@type":"ListItem","position":2,"name":"Frost &amp; Sullivan 2022 Bericht Danke"}]},{"@type":"WebSite","@id":"https:\/\/sandsiv.com\/#website","url":"https:\/\/sandsiv.com\/","name":"sandsiv+","description":"Customer Intelligence Made In Switzerland","publisher":{"@id":"https:\/\/sandsiv.com\/#organization"},"potentialAction":[{"@type":"SearchAction","target":{"@type":"EntryPoint","urlTemplate":"https:\/\/sandsiv.com\/?s={search_term_string}"},"query-input":{"@type":"PropertyValueSpecification","valueRequired":true,"valueName":"search_term_string"}}],"inLanguage":"de-DE"},{"@type":"Organization","@id":"https:\/\/sandsiv.com\/#organization","name":"sandsiv+","url":"https:\/\/sandsiv.com\/","logo":{"@type":"ImageObject","inLanguage":"de-DE","@id":"https:\/\/sandsiv.com\/#\/schema\/logo\/image\/","url":"https:\/\/sandsiv.com\/wp-content\/uploads\/2021\/08\/logo-light-normal.svg","contentUrl":"https:\/\/sandsiv.com\/wp-content\/uploads\/2021\/08\/logo-light-normal.svg","width":376,"height":67,"caption":"sandsiv+"},"image":{"@id":"https:\/\/sandsiv.com\/#\/schema\/logo\/image\/"}}]}},"_links":{"self":[{"href":"https:\/\/sandsiv.com\/de\/wp-json\/wp\/v2\/pages\/10447","targetHints":{"allow":["GET"]}}],"collection":[{"href":"https:\/\/sandsiv.com\/de\/wp-json\/wp\/v2\/pages"}],"about":[{"href":"https:\/\/sandsiv.com\/de\/wp-json\/wp\/v2\/types\/page"}],"author":[{"embeddable":true,"href":"https:\/\/sandsiv.com\/de\/wp-json\/wp\/v2\/users\/5"}],"replies":[{"embeddable":true,"href":"https:\/\/sandsiv.com\/de\/wp-json\/wp\/v2\/comments?post=10447"}],"version-history":[{"count":0,"href":"https:\/\/sandsiv.com\/de\/wp-json\/wp\/v2\/pages\/10447\/revisions"}],"wp:attachment":[{"href":"https:\/\/sandsiv.com\/de\/wp-json\/wp\/v2\/media?parent=10447"}],"curies":[{"name":"wp","href":"https:\/\/api.w.org\/{rel}","templated":true}]}}