
{"id":10445,"date":"2022-12-14T12:59:21","date_gmt":"2022-12-14T12:59:21","guid":{"rendered":"https:\/\/sandsiv.com\/frost-sullivan-voc-leadership-award-2022\/"},"modified":"2023-08-28T14:35:02","modified_gmt":"2023-08-28T14:35:02","slug":"frost-sullivan-2022-auszeichnung","status":"publish","type":"page","link":"https:\/\/sandsiv.com\/de\/frost-sullivan-2022-auszeichnung\/","title":{"rendered":"Frost &#038; Sullivan 2022 Auszeichnung"},"content":{"rendered":"<div id=\"banner-block_a5e6c1d2d9574f0bc79fcde104e3403d\"\r\n    class=\"banner scroll-fade\">\r\n    <div\r\n        class=\"module mt_0  mb_0\">\r\n        <div class=\"container\">\r\n            <div class=\"banner__inner\">\r\n                <div class=\"banner__data\">\r\n                                        <h1 class=\"heading\">Frost &#038; Sullivan 2022 Auszeichnung <strong\r\n                            class=\"heading_red\">als Produktf\u00fchrer<\/strong>                    <\/h1>\r\n                                                            <div class=\"description\">Frost &#038; Sullivan zeichnet SANDSIV 2022 als Produktf\u00fchrer f\u00fcr die europ\u00e4ische Voice of the Customer (VoC) Softwarel\u00f6sungsbranche aus                    <\/div>                                                            <div class=\"banner__button\">\r\n                        <a href=\"https:\/\/sandsiv.com\/de\/kontakt\/\"\r\n                            class=\"btn\" _self                            >Lassen Sie uns miteinander sprechen<\/a>\r\n                    <\/div>\r\n                                                                            <\/div>\r\n                <div class=\"banner__media\">\r\n                                        <div class=\"banner__image\">\r\n                        <picture class=\"image\">\r\n                            <source srcset=\"https:\/\/sandsiv.com\/wp-content\/uploads\/2022\/12\/SANDSIV-FS_Award-report_2022_VoC.png\">\r\n                            <img decoding=\"async\" src=\"https:\/\/sandsiv.com\/wp-content\/uploads\/2022\/12\/SANDSIV-FS_Award-report_2022_VoC.png\"\r\n                                alt=\"Frost &#038; Sullivan leadership award 2022\" \/>\r\n                        <\/picture>\r\n                    <\/div>\r\n                                                                            <\/div>\r\n            <\/div>\r\n        <\/div>\r\n    <\/div>\r\n<\/div>\n\n\n<div id=\"post_content_with_download_link_two_columns-block_877c1106353a8505d63f6bc461da9405\" class=\"post_content_with_download_link_two_columns scroll-fade\">\n    <div class=\"module \">                \n        <div class=\"container\">\n            <div class=\"post_content_with_download_link_two_columns_inner\"> \n                \t\t\t\t\t<div class=\"content_section\">\n\t\t\t\t\t\t\t\t\t\t\t\t\t<div class=\"content_section_inner\">\n                                                                    <div class=\"heading_text\">\n                                        Frost &#038; Sullivan 2022 Auszeichnung                                    <\/div>\n                                                                                                    <div class=\"content\">\n                                        <p><span data-sheets-value=\"{&quot;1&quot;:2,&quot;2&quot;:&quot;Frost &amp; Sullivan wendet einen strengen Analyseprozess an, um mehrere Nominierte f\u00fcr jede Kategorie zu bewerten, bevor der endg\u00fcltige Empf\u00e4nger der Auszeichnung bestimmt wird. Der Prozess beinhaltet eine detaillierte Bewertung der Best-Practice-Kriterien in zwei Dimensionen - Produktportfolio-Attribute und gesch\u00e4ftliche Auswirkungen - f\u00fcr jedes nominierte Unternehmen.&quot;}\" data-sheets-userformat=\"{&quot;2&quot;:14593,&quot;3&quot;:{&quot;1&quot;:0,&quot;3&quot;:1},&quot;11&quot;:4,&quot;14&quot;:{&quot;1&quot;:2,&quot;2&quot;:0},&quot;15&quot;:&quot;Arial&quot;,&quot;16&quot;:10}\">Frost &amp; Sullivan wendet einen strengen Analyseprozess an, um mehrere Nominierte f\u00fcr jede Kategorie zu bewerten, bevor der endg\u00fcltige Empf\u00e4nger der Auszeichnung bestimmt wird. Der Prozess beinhaltet eine detaillierte Bewertung der Best-Practice-Kriterien in zwei Dimensionen &#8211; Produktportfolio-Attribute und gesch\u00e4ftliche Auswirkungen &#8211; f\u00fcr jedes nominierte Unternehmen.<\/span><\/p>\n<p><span data-sheets-value=\"{&quot;1&quot;:2,&quot;2&quot;:&quot;SANDSIV zeichnet sich in vielen der Kriterien im Bereich der Voice-of-Customer-Analytik aus. SANDSIV bietet modernste Technologie, eine einfache Benutzeroberfl\u00e4che, eine modulare und sichere Architektur sowie ein umfassendes Schulungs- und Einf\u00fchrungsprogramm und gewinnt damit den Frost &amp; Sullivan&quot;}\" data-sheets-userformat=\"{&quot;2&quot;:14593,&quot;3&quot;:{&quot;1&quot;:0,&quot;3&quot;:1},&quot;11&quot;:4,&quot;14&quot;:{&quot;1&quot;:2,&quot;2&quot;:0},&quot;15&quot;:&quot;Arial&quot;,&quot;16&quot;:10}\">SANDSIV zeichnet sich in vielen der Kriterien im Bereich der Voice-of-Customer-Analytik aus. SANDSIV bietet modernste Technologie, eine einfache Benutzeroberfl\u00e4che, eine modulare und sichere Architektur sowie ein umfassendes Schulungs- und Einf\u00fchrungsprogramm und gewinnt damit den Frost &amp; Sullivan.<\/span><\/p>\n<p><strong>Lesen Sie en Bericht, um mehr zu erfahren:<\/strong><\/p>\n<ul>\n<li>Wie wichtig es ist, die Frost &amp; Sullivan Best Practices Awards zu gewinnen.<\/li>\n<li>Warum SANDSIV als Produktf\u00fchrer 2022 in der europ\u00e4ischen VoC-Branche anerkannt wurde<\/li>\n<li>Strategische Einblicke in den VoC-Markt<\/li>\n<\/ul>\n                                    <\/div>\n                                \t\t\t\t\t\t\t<\/div>\n\t\t\t\t\t\t\t\t\t\t\t<\/div>\n                                <div class=\"download_link_section\">\n                    <div class=\"download_link_section_inner\">\n                                                                                                                                                                                                                <div class=\"contact_form_section\">\n                                    <script type=\"text\/javascript\" src=\"https:\/\/mautic.sandsiv.com\/form\/generate.js?id=109\"><\/script>                                <\/div>\n                                                                                <\/div>\n\n\t\t\t\t\t<\/div>\n\n\n  \n            <\/div>\n        <\/div>\n    <\/div>\n<\/div>\n\n\r\n<div id=\"frames_section-block_55432d5f0422ac3e228973ae5eee4f40\" class=\"frames_section scroll-fade\">\r\n    <div class=\"module mt_0  mb_0\">  \r\n        <div class=\"bg_clr_section bg_clr_turquoise\">               \r\n            <div class=\"container\">\r\n                <div class=\"frames_section_inner\"> \r\n                                            <div class=\"heading\">\r\n                            <span style=\"color: #404040;\">Die CX-Anbieterlandschaft ist hart umk\u00e4mpft.<\/span>                        <\/div>\r\n                                                                <div class=\"text\">\r\n                            <p><span style=\"color: #404040;\">Die Wahl des richtigen Partners ist wichtig.<\/span><\/p>\n                        <\/div>\r\n                                                                <div class=\"button_section\">\r\n                            <a class=\"btn btn--white \" href=\"https:\/\/sandsiv.com\/de\/auszeichnungen-und-preise\/\" >\r\n                                Entdecken Sie unsere Auszeichnungen                            <\/a>\r\n                        <\/div>\r\n                                    <\/div>\r\n            <\/div>\r\n        <\/div>\r\n    <\/div>\r\n<\/div>\n\n\r\n<div id=\"frames_section-block_39f185c86d02e1d46113469d2d1e33ad\" class=\"frames_section scroll-fade\">\r\n    <div class=\"module mt_0  mb_0\">  \r\n        <div class=\"bg_clr_section bg_clr_red\">               \r\n            <div class=\"container\">\r\n                <div class=\"frames_section_inner\"> \r\n                                            <div class=\"heading\">\r\n                            Beginnen Sie noch heute mit sandsiv+ zu wachsen                        <\/div>\r\n                                                                                    <div class=\"button_section\">\r\n                            <a class=\"btn btn--white \" href=\"https:\/\/sandsiv.com\/de\/demo-anfordern\/\" >\r\n                                Demo anfordern                            <\/a>\r\n                        <\/div>\r\n                                    <\/div>\r\n            <\/div>\r\n        <\/div>\r\n    <\/div>\r\n<\/div>\n\n\n<p><\/p>\n","protected":false},"excerpt":{"rendered":"","protected":false},"author":5,"featured_media":0,"parent":0,"menu_order":0,"comment_status":"closed","ping_status":"closed","template":"","meta":{"content-type":"","footnotes":""},"class_list":["post-10445","page","type-page","status-publish","hentry"],"acf":[],"yoast_head":"<!-- This site is optimized with the Yoast SEO Premium plugin v26.9 (Yoast SEO v27.5) - https:\/\/yoast.com\/product\/yoast-seo-premium-wordpress\/ -->\n<title>Frost &amp; Sullivan 2022 Auszeichnung - sandsiv+<\/title>\n<meta name=\"description\" content=\"Frost &amp; Sullivan zeichnet SANDSIV 2022 als Produktf\u00fchrer f\u00fcr die europ\u00e4ische Voice of the Customer (VoC) Softwarel\u00f6sungsbranche aus.\" \/>\n<meta name=\"robots\" content=\"index, follow, max-snippet:-1, max-image-preview:large, max-video-preview:-1\" \/>\n<link rel=\"canonical\" href=\"https:\/\/sandsiv.com\/de\/frost-sullivan-2022-auszeichnung\/\" \/>\n<meta property=\"og:locale\" content=\"de_DE\" \/>\n<meta property=\"og:type\" content=\"article\" \/>\n<meta property=\"og:title\" content=\"Frost &amp; Sullivan 2022 Auszeichnung\" \/>\n<meta property=\"og:description\" content=\"Frost &amp; Sullivan zeichnet SANDSIV 2022 als Produktf\u00fchrer f\u00fcr die europ\u00e4ische Voice of the Customer (VoC) Softwarel\u00f6sungsbranche aus.\" \/>\n<meta property=\"og:url\" content=\"https:\/\/sandsiv.com\/de\/frost-sullivan-2022-auszeichnung\/\" \/>\n<meta property=\"og:site_name\" content=\"sandsiv+\" \/>\n<meta property=\"article:modified_time\" content=\"2023-08-28T14:35:02+00:00\" \/>\n<meta name=\"twitter:card\" content=\"summary_large_image\" \/>\n<script type=\"application\/ld+json\" class=\"yoast-schema-graph\">{\"@context\":\"https:\\\/\\\/schema.org\",\"@graph\":[{\"@type\":\"WebPage\",\"@id\":\"https:\\\/\\\/sandsiv.com\\\/de\\\/frost-sullivan-2022-auszeichnung\\\/\",\"url\":\"https:\\\/\\\/sandsiv.com\\\/de\\\/frost-sullivan-2022-auszeichnung\\\/\",\"name\":\"Frost & Sullivan 2022 Auszeichnung - sandsiv+\",\"isPartOf\":{\"@id\":\"https:\\\/\\\/sandsiv.com\\\/#website\"},\"datePublished\":\"2022-12-14T12:59:21+00:00\",\"dateModified\":\"2023-08-28T14:35:02+00:00\",\"description\":\"Frost & Sullivan zeichnet SANDSIV 2022 als Produktf\u00fchrer f\u00fcr die europ\u00e4ische Voice of the Customer (VoC) Softwarel\u00f6sungsbranche aus.\",\"breadcrumb\":{\"@id\":\"https:\\\/\\\/sandsiv.com\\\/de\\\/frost-sullivan-2022-auszeichnung\\\/#breadcrumb\"},\"inLanguage\":\"de-DE\",\"potentialAction\":[{\"@type\":\"ReadAction\",\"target\":[\"https:\\\/\\\/sandsiv.com\\\/de\\\/frost-sullivan-2022-auszeichnung\\\/\"]}]},{\"@type\":\"BreadcrumbList\",\"@id\":\"https:\\\/\\\/sandsiv.com\\\/de\\\/frost-sullivan-2022-auszeichnung\\\/#breadcrumb\",\"itemListElement\":[{\"@type\":\"ListItem\",\"position\":1,\"name\":\"Home\",\"item\":\"https:\\\/\\\/sandsiv.com\\\/de\\\/\"},{\"@type\":\"ListItem\",\"position\":2,\"name\":\"Frost &#038; Sullivan 2022 Auszeichnung\"}]},{\"@type\":\"WebSite\",\"@id\":\"https:\\\/\\\/sandsiv.com\\\/#website\",\"url\":\"https:\\\/\\\/sandsiv.com\\\/\",\"name\":\"sandsiv+\",\"description\":\"Customer Intelligence Made In Switzerland\",\"publisher\":{\"@id\":\"https:\\\/\\\/sandsiv.com\\\/#organization\"},\"potentialAction\":[{\"@type\":\"SearchAction\",\"target\":{\"@type\":\"EntryPoint\",\"urlTemplate\":\"https:\\\/\\\/sandsiv.com\\\/?s={search_term_string}\"},\"query-input\":{\"@type\":\"PropertyValueSpecification\",\"valueRequired\":true,\"valueName\":\"search_term_string\"}}],\"inLanguage\":\"de-DE\"},{\"@type\":\"Organization\",\"@id\":\"https:\\\/\\\/sandsiv.com\\\/#organization\",\"name\":\"sandsiv+\",\"url\":\"https:\\\/\\\/sandsiv.com\\\/\",\"logo\":{\"@type\":\"ImageObject\",\"inLanguage\":\"de-DE\",\"@id\":\"https:\\\/\\\/sandsiv.com\\\/#\\\/schema\\\/logo\\\/image\\\/\",\"url\":\"https:\\\/\\\/sandsiv.com\\\/wp-content\\\/uploads\\\/2021\\\/08\\\/logo-light-normal.svg\",\"contentUrl\":\"https:\\\/\\\/sandsiv.com\\\/wp-content\\\/uploads\\\/2021\\\/08\\\/logo-light-normal.svg\",\"width\":376,\"height\":67,\"caption\":\"sandsiv+\"},\"image\":{\"@id\":\"https:\\\/\\\/sandsiv.com\\\/#\\\/schema\\\/logo\\\/image\\\/\"}}]}<\/script>\n<!-- \/ Yoast SEO Premium plugin. -->","yoast_head_json":{"title":"Frost & Sullivan 2022 Auszeichnung - sandsiv+","description":"Frost & Sullivan zeichnet SANDSIV 2022 als Produktf\u00fchrer f\u00fcr die europ\u00e4ische Voice of the Customer (VoC) Softwarel\u00f6sungsbranche aus.","robots":{"index":"index","follow":"follow","max-snippet":"max-snippet:-1","max-image-preview":"max-image-preview:large","max-video-preview":"max-video-preview:-1"},"canonical":"https:\/\/sandsiv.com\/de\/frost-sullivan-2022-auszeichnung\/","og_locale":"de_DE","og_type":"article","og_title":"Frost & Sullivan 2022 Auszeichnung","og_description":"Frost & Sullivan zeichnet SANDSIV 2022 als Produktf\u00fchrer f\u00fcr die europ\u00e4ische Voice of the Customer (VoC) Softwarel\u00f6sungsbranche aus.","og_url":"https:\/\/sandsiv.com\/de\/frost-sullivan-2022-auszeichnung\/","og_site_name":"sandsiv+","article_modified_time":"2023-08-28T14:35:02+00:00","twitter_card":"summary_large_image","schema":{"@context":"https:\/\/schema.org","@graph":[{"@type":"WebPage","@id":"https:\/\/sandsiv.com\/de\/frost-sullivan-2022-auszeichnung\/","url":"https:\/\/sandsiv.com\/de\/frost-sullivan-2022-auszeichnung\/","name":"Frost & Sullivan 2022 Auszeichnung - sandsiv+","isPartOf":{"@id":"https:\/\/sandsiv.com\/#website"},"datePublished":"2022-12-14T12:59:21+00:00","dateModified":"2023-08-28T14:35:02+00:00","description":"Frost & Sullivan zeichnet SANDSIV 2022 als Produktf\u00fchrer f\u00fcr die europ\u00e4ische Voice of the Customer (VoC) Softwarel\u00f6sungsbranche aus.","breadcrumb":{"@id":"https:\/\/sandsiv.com\/de\/frost-sullivan-2022-auszeichnung\/#breadcrumb"},"inLanguage":"de-DE","potentialAction":[{"@type":"ReadAction","target":["https:\/\/sandsiv.com\/de\/frost-sullivan-2022-auszeichnung\/"]}]},{"@type":"BreadcrumbList","@id":"https:\/\/sandsiv.com\/de\/frost-sullivan-2022-auszeichnung\/#breadcrumb","itemListElement":[{"@type":"ListItem","position":1,"name":"Home","item":"https:\/\/sandsiv.com\/de\/"},{"@type":"ListItem","position":2,"name":"Frost &#038; Sullivan 2022 Auszeichnung"}]},{"@type":"WebSite","@id":"https:\/\/sandsiv.com\/#website","url":"https:\/\/sandsiv.com\/","name":"sandsiv+","description":"Customer Intelligence Made In Switzerland","publisher":{"@id":"https:\/\/sandsiv.com\/#organization"},"potentialAction":[{"@type":"SearchAction","target":{"@type":"EntryPoint","urlTemplate":"https:\/\/sandsiv.com\/?s={search_term_string}"},"query-input":{"@type":"PropertyValueSpecification","valueRequired":true,"valueName":"search_term_string"}}],"inLanguage":"de-DE"},{"@type":"Organization","@id":"https:\/\/sandsiv.com\/#organization","name":"sandsiv+","url":"https:\/\/sandsiv.com\/","logo":{"@type":"ImageObject","inLanguage":"de-DE","@id":"https:\/\/sandsiv.com\/#\/schema\/logo\/image\/","url":"https:\/\/sandsiv.com\/wp-content\/uploads\/2021\/08\/logo-light-normal.svg","contentUrl":"https:\/\/sandsiv.com\/wp-content\/uploads\/2021\/08\/logo-light-normal.svg","width":376,"height":67,"caption":"sandsiv+"},"image":{"@id":"https:\/\/sandsiv.com\/#\/schema\/logo\/image\/"}}]}},"_links":{"self":[{"href":"https:\/\/sandsiv.com\/de\/wp-json\/wp\/v2\/pages\/10445","targetHints":{"allow":["GET"]}}],"collection":[{"href":"https:\/\/sandsiv.com\/de\/wp-json\/wp\/v2\/pages"}],"about":[{"href":"https:\/\/sandsiv.com\/de\/wp-json\/wp\/v2\/types\/page"}],"author":[{"embeddable":true,"href":"https:\/\/sandsiv.com\/de\/wp-json\/wp\/v2\/users\/5"}],"replies":[{"embeddable":true,"href":"https:\/\/sandsiv.com\/de\/wp-json\/wp\/v2\/comments?post=10445"}],"version-history":[{"count":0,"href":"https:\/\/sandsiv.com\/de\/wp-json\/wp\/v2\/pages\/10445\/revisions"}],"wp:attachment":[{"href":"https:\/\/sandsiv.com\/de\/wp-json\/wp\/v2\/media?parent=10445"}],"curies":[{"name":"wp","href":"https:\/\/api.w.org\/{rel}","templated":true}]}}