
{"id":10434,"date":"2023-07-20T14:53:03","date_gmt":"2023-07-20T14:53:03","guid":{"rendered":"https:\/\/sandsiv.com\/voice-of-the-customer-leader-by-spark-matrix-2023\/"},"modified":"2023-08-28T12:48:57","modified_gmt":"2023-08-28T12:48:57","slug":"spark-matrix-bericht","status":"publish","type":"page","link":"https:\/\/sandsiv.com\/de\/spark-matrix-bericht\/","title":{"rendered":"SPARK Matrix\u2122 Bericht"},"content":{"rendered":"<div id=\"banner-block_2d1b9b140d8f4e85b67fba99b5542e61\"\r\n    class=\"banner scroll-fade\">\r\n    <div\r\n        class=\"module mt_0  mb_0\">\r\n        <div class=\"container\">\r\n            <div class=\"banner__inner\">\r\n                <div class=\"banner__data\">\r\n                                        <h1 class=\"heading\">SPARK Matrix\u2122 f\u00fcr die Stimme des Kunden <strong\r\n                            class=\"heading_red\">Weltweiter Leader 2023<\/strong>                    <\/h1>\r\n                                                            <div class=\"description\">SANDSIV wurde im globalen Bericht &#8220;SPARK Matrix\u2122&#8221; von Quadrant Knowledge Solutions als Leader ausgezeichnet.                    <\/div>                                                            <div class=\"banner__button\">\r\n                        <a href=\"https:\/\/sandsiv.com\/de\/demo-anfordern\/\"\r\n                            class=\"btn\" _self                            >Demo anfordern<\/a>\r\n                    <\/div>\r\n                                                                            <\/div>\r\n                <div class=\"banner__media\">\r\n                                        <div class=\"banner__image\">\r\n                        <picture class=\"image\">\r\n                            <source srcset=\"https:\/\/sandsiv.com\/wp-content\/uploads\/2023\/07\/SPARK-Matrix_Voice-of-the-Customer-VoC_2023-01-scaled.jpg\">\r\n                            <img decoding=\"async\" src=\"https:\/\/sandsiv.com\/wp-content\/uploads\/2023\/07\/SPARK-Matrix_Voice-of-the-Customer-VoC_2023-01-scaled.jpg\"\r\n                                alt=\"\" \/>\r\n                        <\/picture>\r\n                    <\/div>\r\n                                                                            <\/div>\r\n            <\/div>\r\n        <\/div>\r\n    <\/div>\r\n<\/div>\n\n\n<div id=\"post_content_with_download_link_two_columns-block_a223808b06003e39674d3f4678f5edff\" class=\"post_content_with_download_link_two_columns scroll-fade\">\n    <div class=\"module \">                \n        <div class=\"container\">\n            <div class=\"post_content_with_download_link_two_columns_inner\"> \n                \t\t\t\t\t<div class=\"content_section\">\n\t\t\t\t\t\t\t\t\t\t\t\t\t<div class=\"content_section_inner\">\n                                                                    <div class=\"heading_text\">\n                                        Herunterladen                                    <\/div>\n                                                                                                    <div class=\"content\">\n                                        <p>Erhalten Sie exklusiven Zugang zum SPARK Matrix\u2122 2023 Bericht von Quadrant Knowledge Solutions und erfahren Sie, warum die sandsiv+ Plattform von SANDSIV als Technologief\u00fchrer im Voice of the Customer (VoC) Markt anerkannt wurde.<\/p>\n<p><strong>Nutzen Sie erweiterte CX-Insights:<\/strong> Erleben Sie die Leistungsf\u00e4higkeit von sandsiv+, wie es Unternehmen mit KI-gesteuerten Einblicken bef\u00e4higt, Kundenfeedback in umsetzbare Intelligenz zu verwandeln, um die Zufriedenheit und Loyalit\u00e4t zu erh\u00f6hen und einen Wettbewerbsvorteil auf dem heutigen dynamischen Markt zu erzielen.<\/p>\n<p><strong>Verbessern Sie Ihr Kundenerlebnis:<\/strong> Schlie\u00dfen Sie sich den weltweit f\u00fchrenden Unternehmen an, die auf die hochmodernen VoC-L\u00f6sungen von SANDSIV vertrauen, um Kundeninteraktionen zu revolutionieren und au\u00dfergew\u00f6hnliche Erfolge zu erzielen.<\/p>\n<p>Verpassen Sie nicht diese au\u00dfergew\u00f6hnliche Gelegenheit! Laden Sie den Bericht jetzt herunter und erschlie\u00dfen Sie das Potenzial von SANDSIVs VoC-Exzellenz.<\/p>\n<p><strong>Was ist die SPARK Matrix\u2122?<\/strong><br \/>\nSPARK Matrix\u2122 von Quadrant Knowledge Solutions ist eine Bewertung, die Top-Anbieter auf der Grundlage ihrer technologischen F\u00e4higkeiten und ihrer Kundenwirkung analysiert und positioniert. Die Bewertung bietet eine eingehende Analyse der Marktdynamik von Customer Experience Management (CXM), der wichtigsten Trends, der Anbieterlandschaft und der Wettbewerbsposition. In der SPARK Matrix\u2122 2023 wurden 21 f\u00fchrende VoC-Anbieter bewertet.<\/p>\n                                    <\/div>\n                                \t\t\t\t\t\t\t<\/div>\n\t\t\t\t\t\t\t\t\t\t\t<\/div>\n                                <div class=\"download_link_section\">\n                    <div class=\"download_link_section_inner\">\n                                                                                                                                                                                                                <div class=\"contact_form_section\">\n                                    <script type=\"text\/javascript\" src=\"https:\/\/mautic.sandsiv.com\/form\/generate.js?id=106\"><\/script>                                <\/div>\n                                                                                <\/div>\n\n\t\t\t\t\t<\/div>\n\n\n  \n            <\/div>\n        <\/div>\n    <\/div>\n<\/div>\n\n\r\n<div id=\"frames_section-block_3cbaefeeb96ecf966b755eedc46b6e45\" class=\"frames_section scroll-fade\">\r\n    <div class=\"module mt_0  mb_0\">  \r\n        <div class=\"bg_clr_section bg_clr_turquoise\">               \r\n            <div class=\"container\">\r\n                <div class=\"frames_section_inner\"> \r\n                                            <div class=\"heading\">\r\n                            <span style=\"color: #404040;\">Die CX-Anbieterlandschaft ist stark umk\u00e4mpft.<\/span>                        <\/div>\r\n                                                                <div class=\"text\">\r\n                            <p><span style=\"color: #404040;\">Die Wahl des richtigen Partners ist wichtig.<\/span><\/p>\n                        <\/div>\r\n                                                                <div class=\"button_section\">\r\n                            <a class=\"btn btn--white \" href=\"https:\/\/sandsiv.com\/de\/auszeichnungen-und-preise\/\" >\r\n                                Auszeichnungen und Preise                            <\/a>\r\n                        <\/div>\r\n                                    <\/div>\r\n            <\/div>\r\n        <\/div>\r\n    <\/div>\r\n<\/div>\n\n\r\n<div id=\"frames_section-block_b18fb55d8736ed00414a9c9a812127c7\" class=\"frames_section scroll-fade\">\r\n    <div class=\"module mt_0  mb_0\">  \r\n        <div class=\"bg_clr_section bg_clr_red\">               \r\n            <div class=\"container\">\r\n                <div class=\"frames_section_inner\"> \r\n                                            <div class=\"heading\">\r\n                            Beginnen Sie noch heute mit sandsiv+ zu wachsen                        <\/div>\r\n                                                                                    <div class=\"button_section\">\r\n                            <a class=\"btn btn--white \" href=\"https:\/\/sandsiv.com\/de\/demo-anfordern\/\" >\r\n                                Demo anfordern                            <\/a>\r\n                        <\/div>\r\n                                    <\/div>\r\n            <\/div>\r\n        <\/div>\r\n    <\/div>\r\n<\/div>\n\n\n<p><\/p>\n","protected":false},"excerpt":{"rendered":"","protected":false},"author":5,"featured_media":0,"parent":0,"menu_order":0,"comment_status":"closed","ping_status":"closed","template":"","meta":{"content-type":"","footnotes":""},"class_list":["post-10434","page","type-page","status-publish","hentry"],"acf":[],"yoast_head":"<!-- This site is optimized with the Yoast SEO Premium plugin v26.9 (Yoast SEO v27.4) - https:\/\/yoast.com\/product\/yoast-seo-premium-wordpress\/ -->\n<title>CXM Global report 2023 SPARK Matrix\u2122 Bericht - sandsiv+<\/title>\n<meta name=\"description\" content=\"SANDSIV wurde im globalen Bericht &quot;SPARK Matrix\u2122&quot; von Quadrant Knowledge Solutions als Leader ausgezeichnet.\" \/>\n<meta name=\"robots\" content=\"index, follow, max-snippet:-1, max-image-preview:large, max-video-preview:-1\" \/>\n<link rel=\"canonical\" href=\"https:\/\/sandsiv.com\/de\/spark-matrix-bericht\/\" \/>\n<meta property=\"og:locale\" content=\"de_DE\" \/>\n<meta property=\"og:type\" content=\"article\" \/>\n<meta property=\"og:title\" content=\"SPARK Matrix\u2122 Bericht\" \/>\n<meta property=\"og:description\" content=\"SANDSIV wurde im globalen Bericht &quot;SPARK Matrix\u2122&quot; von Quadrant Knowledge Solutions als Leader ausgezeichnet.\" \/>\n<meta property=\"og:url\" content=\"https:\/\/sandsiv.com\/de\/spark-matrix-bericht\/\" \/>\n<meta property=\"og:site_name\" content=\"sandsiv+\" \/>\n<meta property=\"article:modified_time\" content=\"2023-08-28T12:48:57+00:00\" \/>\n<meta name=\"twitter:card\" content=\"summary_large_image\" \/>\n<script type=\"application\/ld+json\" class=\"yoast-schema-graph\">{\"@context\":\"https:\\\/\\\/schema.org\",\"@graph\":[{\"@type\":\"WebPage\",\"@id\":\"https:\\\/\\\/sandsiv.com\\\/de\\\/spark-matrix-bericht\\\/\",\"url\":\"https:\\\/\\\/sandsiv.com\\\/de\\\/spark-matrix-bericht\\\/\",\"name\":\"CXM Global report 2023 SPARK Matrix\u2122 Bericht - sandsiv+\",\"isPartOf\":{\"@id\":\"https:\\\/\\\/sandsiv.com\\\/#website\"},\"datePublished\":\"2023-07-20T14:53:03+00:00\",\"dateModified\":\"2023-08-28T12:48:57+00:00\",\"description\":\"SANDSIV wurde im globalen Bericht \\\"SPARK Matrix\u2122\\\" von Quadrant Knowledge Solutions als Leader ausgezeichnet.\",\"breadcrumb\":{\"@id\":\"https:\\\/\\\/sandsiv.com\\\/de\\\/spark-matrix-bericht\\\/#breadcrumb\"},\"inLanguage\":\"de-DE\",\"potentialAction\":[{\"@type\":\"ReadAction\",\"target\":[\"https:\\\/\\\/sandsiv.com\\\/de\\\/spark-matrix-bericht\\\/\"]}]},{\"@type\":\"BreadcrumbList\",\"@id\":\"https:\\\/\\\/sandsiv.com\\\/de\\\/spark-matrix-bericht\\\/#breadcrumb\",\"itemListElement\":[{\"@type\":\"ListItem\",\"position\":1,\"name\":\"Home\",\"item\":\"https:\\\/\\\/sandsiv.com\\\/de\\\/\"},{\"@type\":\"ListItem\",\"position\":2,\"name\":\"SPARK Matrix\u2122 Bericht\"}]},{\"@type\":\"WebSite\",\"@id\":\"https:\\\/\\\/sandsiv.com\\\/#website\",\"url\":\"https:\\\/\\\/sandsiv.com\\\/\",\"name\":\"sandsiv+\",\"description\":\"Customer Intelligence Made In Switzerland\",\"publisher\":{\"@id\":\"https:\\\/\\\/sandsiv.com\\\/#organization\"},\"potentialAction\":[{\"@type\":\"SearchAction\",\"target\":{\"@type\":\"EntryPoint\",\"urlTemplate\":\"https:\\\/\\\/sandsiv.com\\\/?s={search_term_string}\"},\"query-input\":{\"@type\":\"PropertyValueSpecification\",\"valueRequired\":true,\"valueName\":\"search_term_string\"}}],\"inLanguage\":\"de-DE\"},{\"@type\":\"Organization\",\"@id\":\"https:\\\/\\\/sandsiv.com\\\/#organization\",\"name\":\"sandsiv+\",\"url\":\"https:\\\/\\\/sandsiv.com\\\/\",\"logo\":{\"@type\":\"ImageObject\",\"inLanguage\":\"de-DE\",\"@id\":\"https:\\\/\\\/sandsiv.com\\\/#\\\/schema\\\/logo\\\/image\\\/\",\"url\":\"https:\\\/\\\/sandsiv.com\\\/wp-content\\\/uploads\\\/2021\\\/08\\\/logo-light-normal.svg\",\"contentUrl\":\"https:\\\/\\\/sandsiv.com\\\/wp-content\\\/uploads\\\/2021\\\/08\\\/logo-light-normal.svg\",\"width\":376,\"height\":67,\"caption\":\"sandsiv+\"},\"image\":{\"@id\":\"https:\\\/\\\/sandsiv.com\\\/#\\\/schema\\\/logo\\\/image\\\/\"}}]}<\/script>\n<!-- \/ Yoast SEO Premium plugin. -->","yoast_head_json":{"title":"CXM Global report 2023 SPARK Matrix\u2122 Bericht - sandsiv+","description":"SANDSIV wurde im globalen Bericht \"SPARK Matrix\u2122\" von Quadrant Knowledge Solutions als Leader ausgezeichnet.","robots":{"index":"index","follow":"follow","max-snippet":"max-snippet:-1","max-image-preview":"max-image-preview:large","max-video-preview":"max-video-preview:-1"},"canonical":"https:\/\/sandsiv.com\/de\/spark-matrix-bericht\/","og_locale":"de_DE","og_type":"article","og_title":"SPARK Matrix\u2122 Bericht","og_description":"SANDSIV wurde im globalen Bericht \"SPARK Matrix\u2122\" von Quadrant Knowledge Solutions als Leader ausgezeichnet.","og_url":"https:\/\/sandsiv.com\/de\/spark-matrix-bericht\/","og_site_name":"sandsiv+","article_modified_time":"2023-08-28T12:48:57+00:00","twitter_card":"summary_large_image","schema":{"@context":"https:\/\/schema.org","@graph":[{"@type":"WebPage","@id":"https:\/\/sandsiv.com\/de\/spark-matrix-bericht\/","url":"https:\/\/sandsiv.com\/de\/spark-matrix-bericht\/","name":"CXM Global report 2023 SPARK Matrix\u2122 Bericht - sandsiv+","isPartOf":{"@id":"https:\/\/sandsiv.com\/#website"},"datePublished":"2023-07-20T14:53:03+00:00","dateModified":"2023-08-28T12:48:57+00:00","description":"SANDSIV wurde im globalen Bericht \"SPARK Matrix\u2122\" von Quadrant Knowledge Solutions als Leader ausgezeichnet.","breadcrumb":{"@id":"https:\/\/sandsiv.com\/de\/spark-matrix-bericht\/#breadcrumb"},"inLanguage":"de-DE","potentialAction":[{"@type":"ReadAction","target":["https:\/\/sandsiv.com\/de\/spark-matrix-bericht\/"]}]},{"@type":"BreadcrumbList","@id":"https:\/\/sandsiv.com\/de\/spark-matrix-bericht\/#breadcrumb","itemListElement":[{"@type":"ListItem","position":1,"name":"Home","item":"https:\/\/sandsiv.com\/de\/"},{"@type":"ListItem","position":2,"name":"SPARK Matrix\u2122 Bericht"}]},{"@type":"WebSite","@id":"https:\/\/sandsiv.com\/#website","url":"https:\/\/sandsiv.com\/","name":"sandsiv+","description":"Customer Intelligence Made In Switzerland","publisher":{"@id":"https:\/\/sandsiv.com\/#organization"},"potentialAction":[{"@type":"SearchAction","target":{"@type":"EntryPoint","urlTemplate":"https:\/\/sandsiv.com\/?s={search_term_string}"},"query-input":{"@type":"PropertyValueSpecification","valueRequired":true,"valueName":"search_term_string"}}],"inLanguage":"de-DE"},{"@type":"Organization","@id":"https:\/\/sandsiv.com\/#organization","name":"sandsiv+","url":"https:\/\/sandsiv.com\/","logo":{"@type":"ImageObject","inLanguage":"de-DE","@id":"https:\/\/sandsiv.com\/#\/schema\/logo\/image\/","url":"https:\/\/sandsiv.com\/wp-content\/uploads\/2021\/08\/logo-light-normal.svg","contentUrl":"https:\/\/sandsiv.com\/wp-content\/uploads\/2021\/08\/logo-light-normal.svg","width":376,"height":67,"caption":"sandsiv+"},"image":{"@id":"https:\/\/sandsiv.com\/#\/schema\/logo\/image\/"}}]}},"_links":{"self":[{"href":"https:\/\/sandsiv.com\/de\/wp-json\/wp\/v2\/pages\/10434","targetHints":{"allow":["GET"]}}],"collection":[{"href":"https:\/\/sandsiv.com\/de\/wp-json\/wp\/v2\/pages"}],"about":[{"href":"https:\/\/sandsiv.com\/de\/wp-json\/wp\/v2\/types\/page"}],"author":[{"embeddable":true,"href":"https:\/\/sandsiv.com\/de\/wp-json\/wp\/v2\/users\/5"}],"replies":[{"embeddable":true,"href":"https:\/\/sandsiv.com\/de\/wp-json\/wp\/v2\/comments?post=10434"}],"version-history":[{"count":0,"href":"https:\/\/sandsiv.com\/de\/wp-json\/wp\/v2\/pages\/10434\/revisions"}],"wp:attachment":[{"href":"https:\/\/sandsiv.com\/de\/wp-json\/wp\/v2\/media?parent=10434"}],"curies":[{"name":"wp","href":"https:\/\/api.w.org\/{rel}","templated":true}]}}