
{"id":10280,"date":"2021-08-12T07:43:14","date_gmt":"2021-08-12T07:43:14","guid":{"rendered":"https:\/\/sandsiv.com\/terms-of-use\/"},"modified":"2023-08-11T12:53:23","modified_gmt":"2023-08-11T12:53:23","slug":"nutzungsbedingungen","status":"publish","type":"page","link":"https:\/\/sandsiv.com\/de\/nutzungsbedingungen\/","title":{"rendered":"Nutzungsbedingungen"},"content":{"rendered":"\r\n<div id=\"blog_post_content-block_73b6f33695032b071e26750c3b57b8de\" class=\"blog_post_content scroll-fade\">\r\n    <div class=\"module \">\r\n\r\n                    <div class=\"container\">\r\n                                \r\n            <div class=\"blog_post_content_inner\"> \r\n                                    <div class=\"heading_section\">\r\n                        <div class=\"heading_text h1\">\r\n                            Nutzungsbedingungen                        <\/div>\r\n                    <\/div>\r\n                                                    <div class=\"content_section\">\r\n                        <p><strong>Einleitung<\/strong><\/p>\n<p>Die &#8216;Nutzungsbedingungen&#8217;, die Ihre Nutzung dieser Website (die &#8220;SANDSIV-Website&#8221;) regeln, gelten ab sofort; durch die Nutzung der SandSIV-Website akzeptieren Sie die Nutzungsbedingungen in vollem Umfang. Wenn Sie mit den Nutzungsbedingungen oder einem Teil der Nutzungsbedingungen nicht einverstanden sind, d\u00fcrfen Sie diese Website nicht nutzen.<\/p>\n<p><strong>Lizenz zur Nutzung der Website<\/strong><\/p>\n<p>Sofern nicht anders angegeben, sind SandSIV Website und\/oder seine Lizenzgeber Eigent\u00fcmer der geistigen Eigentumsrechte an der Website und dem Material auf der Website. Vorbehaltlich der nachstehenden Lizenz sind alle diese geistigen Eigentumsrechte vorbehalten.<\/p>\n<p>Es ist nicht gestattet, Material von dieser Website erneut zu ver\u00f6ffentlichen (einschlie\u00dflich der Wiederver\u00f6ffentlichung auf einer anderen Website), Material von der Website zu verkaufen, zu vermieten oder in Unterlizenz zu vergeben, Material von der Website \u00f6ffentlich zu zeigen, Material von dieser Website zu reproduzieren, zu vervielf\u00e4ltigen, zu kopieren oder anderweitig f\u00fcr einen kommerziellen Zweck zu nutzen, Material von der Website zu bearbeiten oder anderweitig zu ver\u00e4ndern oder Material von dieser Website weiterzugeben [mit Ausnahme von Inhalten, die speziell und ausdr\u00fccklich f\u00fcr die Weitergabe zur Verf\u00fcgung gestellt werden.<\/p>\n<p><strong>Zul\u00e4ssige Nutzung<\/strong><\/p>\n<p>Sie d\u00fcrfen diese Website nicht auf eine Art und Weise nutzen, die Sch\u00e4den an der Website oder eine Beeintr\u00e4chtigung der Verf\u00fcgbarkeit oder Zug\u00e4nglichkeit der Website verursacht oder verursachen kann, oder auf eine Art und Weise, die ungesetzlich, illegal, betr\u00fcgerisch oder sch\u00e4dlich ist, oder in Verbindung mit einem ungesetzlichen, illegalen, betr\u00fcgerischen oder sch\u00e4dlichen Zweck oder einer Aktivit\u00e4t.<\/p>\n<p>Sie d\u00fcrfen diese Website nicht nutzen, um Material zu kopieren, zu speichern, zu hosten, zu \u00fcbertragen, zu senden, zu verwenden, zu ver\u00f6ffentlichen oder zu verteilen, das aus Spyware, Computerviren, Trojanern, W\u00fcrmern, Keystroke-Loggern, Rootkits oder anderer b\u00f6sartiger Computersoftware besteht (oder damit verbunden ist).<\/p>\n<p>Sie d\u00fcrfen ohne die ausdr\u00fcckliche schriftliche Zustimmung von SandSIV keine systematischen oder automatisierten Datenerfassungsaktivit\u00e4ten (einschlie\u00dflich, aber nicht beschr\u00e4nkt auf Scraping, Data Mining, Datenextraktion und Data Harvesting) auf oder in Verbindung mit dieser Website durchf\u00fchren.<\/p>\n<p>Sie d\u00fcrfen diese Website nicht f\u00fcr die \u00dcbertragung oder den Versand unaufgeforderter kommerzieller Mitteilungen nutzen.<\/p>\n<p>Ohne die ausdr\u00fcckliche schriftliche Zustimmung von SandSIV d\u00fcrfen Sie diese Website nicht f\u00fcr Marketingzwecke nutzen.<\/p>\n<p><strong>Eingeschr\u00e4nkter Zugang<\/strong><\/p>\n<p>Der Zugang zu bestimmten Bereichen dieser Website ist beschr\u00e4nkt. Die SandSIV-Website beh\u00e4lt sich das Recht vor, den Zugang zu bestimmten Bereichen dieser Website oder sogar zur gesamten Website nach Ermessen von SandSIV zu beschr\u00e4nken.<\/p>\n<p>Wenn die SandSIV-Website Ihnen eine Benutzer-ID und ein Passwort zur Verf\u00fcgung stellt, um Ihnen den Zugang zu eingeschr\u00e4nkten Bereichen dieser Website oder zu anderen Inhalten oder Dienstleistungen zu erm\u00f6glichen, m\u00fcssen Sie sicherstellen, dass die Benutzer-ID und das Passwort vertraulich behandelt werden.<\/p>\n<p>Die SandSIV-Website kann Ihre Benutzer-ID und Ihr Passwort nach eigenem Ermessen ohne Vorank\u00fcndigung oder Erkl\u00e4rung sperren.<\/p>\n<p><strong>Benutzerinhalte<\/strong><\/p>\n<p>In den Nutzungsbedingungen bezeichnet der Begriff &#8220;Ihre Benutzerinhalte&#8221; Material (einschlie\u00dflich, aber nicht beschr\u00e4nkt auf Text, Bilder, Audiomaterial, Videomaterial und audiovisuelles Material), das Sie zu irgendeinem Zweck an diese Website \u00fcbermitteln.<\/p>\n<p>Sie gew\u00e4hren der SandSIV-Website eine weltweite, unwiderrufliche, nicht-exklusive, geb\u00fchrenfreie Lizenz zur Nutzung, Reproduktion, Anpassung, Ver\u00f6ffentlichung, \u00dcbersetzung und Verbreitung Ihrer Benutzerinhalte in allen bestehenden oder zuk\u00fcnftigen Medien. Sie gew\u00e4hren der SandSIV-Website auch das Recht, Unterlizenzen f\u00fcr diese Rechte zu vergeben, sowie das Recht, eine Klage wegen Verletzung dieser Rechte einzureichen.<\/p>\n<p>Ihre Benutzerinhalte d\u00fcrfen nicht illegal oder ungesetzlich sein, d\u00fcrfen nicht die Rechte Dritter verletzen und d\u00fcrfen keine rechtlichen Schritte gegen Sie, die SandSIV-Website oder Dritte nach sich ziehen (in jedem Fall nach geltendem Recht).<\/p>\n<p>Sie d\u00fcrfen keine Benutzerinhalte auf die Website stellen, die Gegenstand eines angedrohten oder tats\u00e4chlichen Gerichtsverfahrens oder einer \u00e4hnlichen Beschwerde sind oder waren.<\/p>\n<p>Die SandSIV-Website beh\u00e4lt sich das Recht vor, jegliches Material zu bearbeiten oder zu entfernen, das an diese Website \u00fcbermittelt oder auf den Servern von SandSIV gespeichert oder auf dieser Website gehostet oder ver\u00f6ffentlicht wird.<\/p>\n<p>Ungeachtet der Rechte von SandSIV im Rahmen der Nutzungsbedingungen in Bezug auf Benutzerinhalte verpflichtet sich die SandSIV-Website nicht, die \u00dcbermittlung solcher Inhalte an diese Website oder die Ver\u00f6ffentlichung solcher Inhalte auf dieser Website zu \u00fcberwachen.<\/p>\n<p><strong>Keine Garantie<\/strong><\/p>\n<p>Diese Website wird ohne jegliche Zusicherungen oder Garantien, weder ausdr\u00fccklich noch stillschweigend, zur Verf\u00fcgung gestellt. SandSIV Website gibt keine Zusicherungen oder Gew\u00e4hrleistungen in Bezug auf diese Website oder die auf dieser Website bereitgestellten Informationen und Materialien.<\/p>\n<p>Unbeschadet der Allgemeing\u00fcltigkeit des vorstehenden Absatzes garantiert die SandSIV-Website nicht, dass diese Website st\u00e4ndig oder \u00fcberhaupt zur Verf\u00fcgung steht oder dass die Informationen auf dieser Website vollst\u00e4ndig, wahr, genau oder nicht irref\u00fchrend sind.<\/p>\n<p>Nichts auf dieser Website stellt eine Beratung irgendeiner Art dar oder soll eine solche darstellen.<\/p>\n<p><strong>Beschr\u00e4nkung der Haftung<\/strong><\/p>\n<p>Die SandSIV-Website haftet Ihnen gegen\u00fcber (ob nach dem Kontaktrecht, dem Recht der unerlaubten Handlungen oder anderweitig) in Bezug auf den Inhalt oder die Nutzung oder anderweitig in Verbindung mit dieser Website, soweit die Website kostenlos zur Verf\u00fcgung gestellt wird, nicht f\u00fcr direkte Verluste, indirekte, besondere oder Folgesch\u00e4den oder f\u00fcr gesch\u00e4ftliche Verluste, den Verlust von Einnahmen, Einkommen, Gewinnen oder erwarteten Einsparungen, den Verlust von Vertr\u00e4gen oder Gesch\u00e4ftsbeziehungen, den Verlust des Rufs oder des Firmenwerts oder den Verlust oder die Besch\u00e4digung von Informationen oder Daten.<\/p>\n<p>Diese Haftungsbeschr\u00e4nkungen gelten auch dann, wenn die SandSIV Website ausdr\u00fccklich auf den m\u00f6glichen Verlust hingewiesen wurde.<\/p>\n<p><strong>Schadloshaltung<\/strong><\/p>\n<p>Sie halten die SandSIV-Website schadlos und verpflichten sich, die SandSIV-Website von jeglichen Verlusten, Sch\u00e4den, Kosten, Verbindlichkeiten und Ausgaben (einschlie\u00dflich, aber nicht beschr\u00e4nkt auf Rechtskosten und Betr\u00e4ge, die von der SandSIV-Website an Dritte zur Beilegung eines Anspruchs oder Rechtsstreits auf Anraten der Rechtsberater von SandSIV gezahlt wurden) freizustellen, die der SandSIV-Website aufgrund eines Versto\u00dfes Ihrerseits gegen eine Bestimmung der Nutzungsbedingungen oder aufgrund einer Behauptung, dass Sie gegen eine Bestimmung der Nutzungsbedingungen versto\u00dfen haben, entstanden sind oder entstehen.<\/p>\n<p><strong>Verst\u00f6\u00dfe gegen die Nutzungsbedingungen<\/strong><\/p>\n<p>Unbeschadet der sonstigen Rechte von SandSIV im Rahmen der Nutzungsbedingungen kann SandSIV im Falle eines Versto\u00dfes gegen die Nutzungsbedingungen die Ma\u00dfnahmen ergreifen, die SandSIV f\u00fcr angemessen h\u00e4lt, um den Versto\u00df zu ahnden, einschlie\u00dflich der Aussetzung Ihres Zugriffs auf die Website, des Verbots des Zugriffs auf die Website, der Sperrung von Computern, die Ihre IP-Adresse verwenden, des Zugriffs auf die Website, der Kontaktaufnahme mit Ihrem Internet-Provider mit der Bitte, Ihren Zugriff auf die Website zu sperren und\/oder der Einleitung eines Gerichtsverfahrens gegen Sie.<\/p>\n<p><strong>\u00c4nderung<\/strong><\/p>\n<p>Die SandSIV-Website kann die Nutzungsbedingungen von Zeit zu Zeit \u00fcberarbeiten. Die \u00fcberarbeiteten Bedingungen gelten f\u00fcr die Nutzung dieser Website ab dem Datum der Ver\u00f6ffentlichung der \u00fcberarbeiteten Bedingungen auf dieser Website. Bitte \u00fcberpr\u00fcfen Sie diese Seite regelm\u00e4\u00dfig, um sicherzustellen, dass Sie mit der aktuellen Version vertraut sind.<\/p>\n<p><strong>Abtretung<\/strong><\/p>\n<p>Die SandSIV-Website kann die Rechte und\/oder Pflichten von SandSIV im Rahmen der Nutzungsbedingungen \u00fcbertragen, untervergeben oder anderweitig bearbeiten, ohne Sie dar\u00fcber zu informieren oder Ihre Zustimmung einzuholen.<\/p>\n<p>Sie sind nicht berechtigt, Ihre Rechte und\/oder Pflichten aus den Nutzungsbedingungen zu \u00fcbertragen, unterzuvergeben oder anderweitig damit umzugehen.<\/p>\n<p><strong>Gesamte Vereinbarung<\/strong><\/p>\n<p>Die Nutzungsbedingungen stellen die gesamte Vereinbarung zwischen Ihnen und der SandSIV-Website in Bezug auf Ihre Nutzung dieser Website dar und ersetzen alle vorherigen Vereinbarungen in Bezug auf Ihre Nutzung dieser Website.<\/p>\n<p><strong>Recht und Gerichtsbarkeit<\/strong><\/p>\n<p>Die Nutzungsbedingungen unterliegen dem Schweizerischen Recht und werden in \u00dcbereinstimmung mit diesem ausgelegt. F\u00fcr Streitigkeiten im Zusammenhang mit den Nutzungsbedingungen sind ausschlie\u00dflich die Gerichte in Z\u00fcrich, Schweiz, zust\u00e4ndig.<\/p>\n                    <\/div>\r\n                            <\/div>\r\n        <\/div>\r\n    <\/div>\r\n<\/div>","protected":false},"excerpt":{"rendered":"","protected":false},"author":5,"featured_media":0,"parent":0,"menu_order":0,"comment_status":"closed","ping_status":"closed","template":"","meta":{"content-type":"","footnotes":""},"class_list":["post-10280","page","type-page","status-publish","hentry"],"acf":[],"yoast_head":"<!-- This site is optimized with the Yoast SEO Premium plugin v26.9 (Yoast SEO v27.3) - https:\/\/yoast.com\/product\/yoast-seo-premium-wordpress\/ -->\n<title>Nutzungsbedingungen - sandsiv+<\/title>\n<meta name=\"description\" content=\"Die Nutzungsbedingungen gelten ab sofort; durch die Nutzung der SandSIV-Website akzeptieren Sie die Nutzungsbedingungen in vollem Umfang.\" \/>\n<meta name=\"robots\" content=\"index, follow, max-snippet:-1, max-image-preview:large, max-video-preview:-1\" \/>\n<link rel=\"canonical\" href=\"https:\/\/sandsiv.com\/de\/nutzungsbedingungen\/\" \/>\n<meta property=\"og:locale\" content=\"de_DE\" \/>\n<meta property=\"og:type\" content=\"article\" \/>\n<meta property=\"og:title\" content=\"Nutzungsbedingungen\" \/>\n<meta property=\"og:description\" content=\"Die Nutzungsbedingungen gelten ab sofort; durch die Nutzung der SandSIV-Website akzeptieren Sie die Nutzungsbedingungen in vollem Umfang.\" \/>\n<meta property=\"og:url\" content=\"https:\/\/sandsiv.com\/de\/nutzungsbedingungen\/\" \/>\n<meta property=\"og:site_name\" content=\"sandsiv+\" \/>\n<meta property=\"article:modified_time\" content=\"2023-08-11T12:53:23+00:00\" \/>\n<meta name=\"twitter:card\" content=\"summary_large_image\" \/>\n<script type=\"application\/ld+json\" class=\"yoast-schema-graph\">{\"@context\":\"https:\\\/\\\/schema.org\",\"@graph\":[{\"@type\":\"WebPage\",\"@id\":\"https:\\\/\\\/sandsiv.com\\\/de\\\/nutzungsbedingungen\\\/\",\"url\":\"https:\\\/\\\/sandsiv.com\\\/de\\\/nutzungsbedingungen\\\/\",\"name\":\"Nutzungsbedingungen - sandsiv+\",\"isPartOf\":{\"@id\":\"https:\\\/\\\/sandsiv.com\\\/#website\"},\"datePublished\":\"2021-08-12T07:43:14+00:00\",\"dateModified\":\"2023-08-11T12:53:23+00:00\",\"description\":\"Die Nutzungsbedingungen gelten ab sofort; durch die Nutzung der SandSIV-Website akzeptieren Sie die Nutzungsbedingungen in vollem Umfang.\",\"breadcrumb\":{\"@id\":\"https:\\\/\\\/sandsiv.com\\\/de\\\/nutzungsbedingungen\\\/#breadcrumb\"},\"inLanguage\":\"de-DE\",\"potentialAction\":[{\"@type\":\"ReadAction\",\"target\":[\"https:\\\/\\\/sandsiv.com\\\/de\\\/nutzungsbedingungen\\\/\"]}]},{\"@type\":\"BreadcrumbList\",\"@id\":\"https:\\\/\\\/sandsiv.com\\\/de\\\/nutzungsbedingungen\\\/#breadcrumb\",\"itemListElement\":[{\"@type\":\"ListItem\",\"position\":1,\"name\":\"Home\",\"item\":\"https:\\\/\\\/sandsiv.com\\\/de\\\/\"},{\"@type\":\"ListItem\",\"position\":2,\"name\":\"Nutzungsbedingungen\"}]},{\"@type\":\"WebSite\",\"@id\":\"https:\\\/\\\/sandsiv.com\\\/#website\",\"url\":\"https:\\\/\\\/sandsiv.com\\\/\",\"name\":\"sandsiv+\",\"description\":\"Customer Intelligence Made In Switzerland\",\"publisher\":{\"@id\":\"https:\\\/\\\/sandsiv.com\\\/#organization\"},\"potentialAction\":[{\"@type\":\"SearchAction\",\"target\":{\"@type\":\"EntryPoint\",\"urlTemplate\":\"https:\\\/\\\/sandsiv.com\\\/?s={search_term_string}\"},\"query-input\":{\"@type\":\"PropertyValueSpecification\",\"valueRequired\":true,\"valueName\":\"search_term_string\"}}],\"inLanguage\":\"de-DE\"},{\"@type\":\"Organization\",\"@id\":\"https:\\\/\\\/sandsiv.com\\\/#organization\",\"name\":\"sandsiv+\",\"url\":\"https:\\\/\\\/sandsiv.com\\\/\",\"logo\":{\"@type\":\"ImageObject\",\"inLanguage\":\"de-DE\",\"@id\":\"https:\\\/\\\/sandsiv.com\\\/#\\\/schema\\\/logo\\\/image\\\/\",\"url\":\"https:\\\/\\\/sandsiv.com\\\/wp-content\\\/uploads\\\/2021\\\/08\\\/logo-light-normal.svg\",\"contentUrl\":\"https:\\\/\\\/sandsiv.com\\\/wp-content\\\/uploads\\\/2021\\\/08\\\/logo-light-normal.svg\",\"width\":376,\"height\":67,\"caption\":\"sandsiv+\"},\"image\":{\"@id\":\"https:\\\/\\\/sandsiv.com\\\/#\\\/schema\\\/logo\\\/image\\\/\"}}]}<\/script>\n<!-- \/ Yoast SEO Premium plugin. -->","yoast_head_json":{"title":"Nutzungsbedingungen - sandsiv+","description":"Die Nutzungsbedingungen gelten ab sofort; durch die Nutzung der SandSIV-Website akzeptieren Sie die Nutzungsbedingungen in vollem Umfang.","robots":{"index":"index","follow":"follow","max-snippet":"max-snippet:-1","max-image-preview":"max-image-preview:large","max-video-preview":"max-video-preview:-1"},"canonical":"https:\/\/sandsiv.com\/de\/nutzungsbedingungen\/","og_locale":"de_DE","og_type":"article","og_title":"Nutzungsbedingungen","og_description":"Die Nutzungsbedingungen gelten ab sofort; durch die Nutzung der SandSIV-Website akzeptieren Sie die Nutzungsbedingungen in vollem Umfang.","og_url":"https:\/\/sandsiv.com\/de\/nutzungsbedingungen\/","og_site_name":"sandsiv+","article_modified_time":"2023-08-11T12:53:23+00:00","twitter_card":"summary_large_image","schema":{"@context":"https:\/\/schema.org","@graph":[{"@type":"WebPage","@id":"https:\/\/sandsiv.com\/de\/nutzungsbedingungen\/","url":"https:\/\/sandsiv.com\/de\/nutzungsbedingungen\/","name":"Nutzungsbedingungen - sandsiv+","isPartOf":{"@id":"https:\/\/sandsiv.com\/#website"},"datePublished":"2021-08-12T07:43:14+00:00","dateModified":"2023-08-11T12:53:23+00:00","description":"Die Nutzungsbedingungen gelten ab sofort; durch die Nutzung der SandSIV-Website akzeptieren Sie die Nutzungsbedingungen in vollem Umfang.","breadcrumb":{"@id":"https:\/\/sandsiv.com\/de\/nutzungsbedingungen\/#breadcrumb"},"inLanguage":"de-DE","potentialAction":[{"@type":"ReadAction","target":["https:\/\/sandsiv.com\/de\/nutzungsbedingungen\/"]}]},{"@type":"BreadcrumbList","@id":"https:\/\/sandsiv.com\/de\/nutzungsbedingungen\/#breadcrumb","itemListElement":[{"@type":"ListItem","position":1,"name":"Home","item":"https:\/\/sandsiv.com\/de\/"},{"@type":"ListItem","position":2,"name":"Nutzungsbedingungen"}]},{"@type":"WebSite","@id":"https:\/\/sandsiv.com\/#website","url":"https:\/\/sandsiv.com\/","name":"sandsiv+","description":"Customer Intelligence Made In Switzerland","publisher":{"@id":"https:\/\/sandsiv.com\/#organization"},"potentialAction":[{"@type":"SearchAction","target":{"@type":"EntryPoint","urlTemplate":"https:\/\/sandsiv.com\/?s={search_term_string}"},"query-input":{"@type":"PropertyValueSpecification","valueRequired":true,"valueName":"search_term_string"}}],"inLanguage":"de-DE"},{"@type":"Organization","@id":"https:\/\/sandsiv.com\/#organization","name":"sandsiv+","url":"https:\/\/sandsiv.com\/","logo":{"@type":"ImageObject","inLanguage":"de-DE","@id":"https:\/\/sandsiv.com\/#\/schema\/logo\/image\/","url":"https:\/\/sandsiv.com\/wp-content\/uploads\/2021\/08\/logo-light-normal.svg","contentUrl":"https:\/\/sandsiv.com\/wp-content\/uploads\/2021\/08\/logo-light-normal.svg","width":376,"height":67,"caption":"sandsiv+"},"image":{"@id":"https:\/\/sandsiv.com\/#\/schema\/logo\/image\/"}}]}},"_links":{"self":[{"href":"https:\/\/sandsiv.com\/de\/wp-json\/wp\/v2\/pages\/10280","targetHints":{"allow":["GET"]}}],"collection":[{"href":"https:\/\/sandsiv.com\/de\/wp-json\/wp\/v2\/pages"}],"about":[{"href":"https:\/\/sandsiv.com\/de\/wp-json\/wp\/v2\/types\/page"}],"author":[{"embeddable":true,"href":"https:\/\/sandsiv.com\/de\/wp-json\/wp\/v2\/users\/5"}],"replies":[{"embeddable":true,"href":"https:\/\/sandsiv.com\/de\/wp-json\/wp\/v2\/comments?post=10280"}],"version-history":[{"count":0,"href":"https:\/\/sandsiv.com\/de\/wp-json\/wp\/v2\/pages\/10280\/revisions"}],"wp:attachment":[{"href":"https:\/\/sandsiv.com\/de\/wp-json\/wp\/v2\/media?parent=10280"}],"curies":[{"name":"wp","href":"https:\/\/api.w.org\/{rel}","templated":true}]}}