
{"id":10278,"date":"2021-08-12T07:41:23","date_gmt":"2021-08-12T07:41:23","guid":{"rendered":"https:\/\/sandsiv.com\/cookie-policy\/"},"modified":"2023-08-11T12:46:04","modified_gmt":"2023-08-11T12:46:04","slug":"cookies-richtlinie","status":"publish","type":"page","link":"https:\/\/sandsiv.com\/de\/cookies-richtlinie\/","title":{"rendered":"Cookies-Richtlinie"},"content":{"rendered":"\r\n<div id=\"blog_post_content-block_c8aaee6d383834983a920cf79b008787\" class=\"blog_post_content scroll-fade\">\r\n    <div class=\"module \">\r\n\r\n                    <div class=\"container\">\r\n                                \r\n            <div class=\"blog_post_content_inner\"> \r\n                                    <div class=\"heading_section\">\r\n                        <div class=\"heading_text h1\">\r\n                            Cookies-Richtlinie                        <\/div>\r\n                    <\/div>\r\n                                                    <div class=\"content_section\">\r\n                        <h3><span style=\"color: #bf2025;\">Einf\u00fchrung<\/span><\/h3>\n<p>Diese Website verwendet Cookies &#8211; kleine Textdateien, die auf Ihrem Computer gespeichert werden, um die Website f\u00fcr den Benutzer angenehmer zu gestalten. Im Allgemeinen werden Cookies verwendet, um Benutzereinstellungen zu speichern, Informationen f\u00fcr Dinge wie Warenk\u00f6rbe zu speichern und anonymisierte Tracking-Daten f\u00fcr Drittanwendungen wie Google Analytics bereitzustellen. In der Regel verbessern Cookies Ihr Surferlebnis. Sie k\u00f6nnen es jedoch vorziehen, Cookies auf dieser und anderen Websites zu deaktivieren. Am effektivsten ist es, wenn Sie die Cookies in Ihrem Browser deaktivieren oder die gew\u00fcnschten \u00c4nderungen unter &#8220;Cookie-Einstellungen&#8221; unten vornehmen.<\/p>\n<h3><span style=\"color: #bf2025;\">Informationen<\/span><\/h3>\n<p><strong>Streng notwendige Cookies<\/strong><\/p>\n<p>Diese Cookies sind f\u00fcr das Funktionieren der Website erforderlich und k\u00f6nnen in unseren Systemen nicht abgeschaltet werden. Sie werden in der Regel nur als Reaktion auf von Ihnen durchgef\u00fchrte Aktionen gesetzt, die einer Anforderung von Diensten gleichkommen, wie z. B. die Einstellung Ihrer Datenschutzpr\u00e4ferenzen, das Einloggen oder das Ausf\u00fcllen von Formularen. Sie k\u00f6nnen Ihren Browser so einstellen, dass er diese Cookies blockiert oder Sie darauf hinweist, aber einige Teile der Website werden dann nicht funktionieren. Diese Cookies speichern keine pers\u00f6nlich identifizierbaren Informationen.<\/p>\n<p><strong>Leistungs-Cookies<\/strong><\/p>\n<p>Diese Cookies erm\u00f6glichen es uns, Besuche und Verkehrsquellen zu z\u00e4hlen, damit wir die Leistung unserer Website messen und verbessern k\u00f6nnen. Sie helfen uns zu wissen, welche Seiten am beliebtesten und welche am unbeliebtesten sind und wie sich die Besucher auf der Website bewegen. Alle Informationen, die diese Cookies sammeln, sind aggregiert und daher anonym. Wenn Sie diese Cookies nicht zulassen, wissen wir nicht, wann Sie unsere Website besucht haben, und k\u00f6nnen ihre Leistung nicht \u00fcberwachen.<\/p>\n<p><strong>Funktionelle Cookies<\/strong><\/p>\n<p>Diese Cookies erm\u00f6glichen es der Website, eine verbesserte Funktionalit\u00e4t und Personalisierung zu bieten. Sie k\u00f6nnen von uns oder von Drittanbietern gesetzt werden, deren Dienste wir unseren Seiten hinzugef\u00fcgt haben. Wenn Sie diese Cookies nicht zulassen, kann es sein, dass einige oder alle dieser Dienste nicht richtig funktionieren.<\/p>\n<p><strong>Zielgerichtete Cookies<\/strong><\/p>\n<p>Diese Cookies k\u00f6nnen von unseren Werbepartnern auf unserer Website gesetzt werden. Sie k\u00f6nnen von diesen Unternehmen verwendet werden, um ein Profil Ihrer Interessen zu erstellen und Ihnen relevante Werbung auf anderen Websites anzuzeigen. Sie speichern keine direkten pers\u00f6nlichen Informationen, sondern basieren auf der eindeutigen Identifizierung Ihres Browsers und Internetger\u00e4ts. Wenn Sie diese Cookies nicht zulassen, werden Sie weniger gezielte Werbung sehen.<\/p>\n                    <\/div>\r\n                            <\/div>\r\n        <\/div>\r\n    <\/div>\r\n<\/div>","protected":false},"excerpt":{"rendered":"","protected":false},"author":5,"featured_media":0,"parent":0,"menu_order":0,"comment_status":"closed","ping_status":"closed","template":"","meta":{"content-type":"","footnotes":""},"class_list":["post-10278","page","type-page","status-publish","hentry"],"acf":[],"yoast_head":"<!-- This site is optimized with the Yoast SEO Premium plugin v26.9 (Yoast SEO v27.6) - https:\/\/yoast.com\/product\/yoast-seo-premium-wordpress\/ -->\n<title>Cookies-Richtlinie - sandsiv+<\/title>\n<meta name=\"description\" content=\"Cookies-Richtlinie: Diese Website verwendet Cookies, um die Website f\u00fcr den Benutzer angenehmer zu gestalten.\" \/>\n<meta name=\"robots\" content=\"index, follow, max-snippet:-1, max-image-preview:large, max-video-preview:-1\" \/>\n<link rel=\"canonical\" href=\"https:\/\/sandsiv.com\/de\/cookies-richtlinie\/\" \/>\n<meta property=\"og:locale\" content=\"de_DE\" \/>\n<meta property=\"og:type\" content=\"article\" \/>\n<meta property=\"og:title\" content=\"Cookies-Richtlinie\" \/>\n<meta property=\"og:description\" content=\"Cookies-Richtlinie: Diese Website verwendet Cookies, um die Website f\u00fcr den Benutzer angenehmer zu gestalten.\" \/>\n<meta property=\"og:url\" content=\"https:\/\/sandsiv.com\/de\/cookies-richtlinie\/\" \/>\n<meta property=\"og:site_name\" content=\"sandsiv+\" \/>\n<meta property=\"article:modified_time\" content=\"2023-08-11T12:46:04+00:00\" \/>\n<meta name=\"twitter:card\" content=\"summary_large_image\" \/>\n<script type=\"application\/ld+json\" class=\"yoast-schema-graph\">{\"@context\":\"https:\\\/\\\/schema.org\",\"@graph\":[{\"@type\":\"WebPage\",\"@id\":\"https:\\\/\\\/sandsiv.com\\\/de\\\/cookies-richtlinie\\\/\",\"url\":\"https:\\\/\\\/sandsiv.com\\\/de\\\/cookies-richtlinie\\\/\",\"name\":\"Cookies-Richtlinie - sandsiv+\",\"isPartOf\":{\"@id\":\"https:\\\/\\\/sandsiv.com\\\/#website\"},\"datePublished\":\"2021-08-12T07:41:23+00:00\",\"dateModified\":\"2023-08-11T12:46:04+00:00\",\"description\":\"Cookies-Richtlinie: Diese Website verwendet Cookies, um die Website f\u00fcr den Benutzer angenehmer zu gestalten.\",\"breadcrumb\":{\"@id\":\"https:\\\/\\\/sandsiv.com\\\/de\\\/cookies-richtlinie\\\/#breadcrumb\"},\"inLanguage\":\"de-DE\",\"potentialAction\":[{\"@type\":\"ReadAction\",\"target\":[\"https:\\\/\\\/sandsiv.com\\\/de\\\/cookies-richtlinie\\\/\"]}]},{\"@type\":\"BreadcrumbList\",\"@id\":\"https:\\\/\\\/sandsiv.com\\\/de\\\/cookies-richtlinie\\\/#breadcrumb\",\"itemListElement\":[{\"@type\":\"ListItem\",\"position\":1,\"name\":\"Home\",\"item\":\"https:\\\/\\\/sandsiv.com\\\/de\\\/\"},{\"@type\":\"ListItem\",\"position\":2,\"name\":\"Cookies-Richtlinie\"}]},{\"@type\":\"WebSite\",\"@id\":\"https:\\\/\\\/sandsiv.com\\\/#website\",\"url\":\"https:\\\/\\\/sandsiv.com\\\/\",\"name\":\"sandsiv+\",\"description\":\"Customer Intelligence Made In Switzerland\",\"publisher\":{\"@id\":\"https:\\\/\\\/sandsiv.com\\\/#organization\"},\"potentialAction\":[{\"@type\":\"SearchAction\",\"target\":{\"@type\":\"EntryPoint\",\"urlTemplate\":\"https:\\\/\\\/sandsiv.com\\\/?s={search_term_string}\"},\"query-input\":{\"@type\":\"PropertyValueSpecification\",\"valueRequired\":true,\"valueName\":\"search_term_string\"}}],\"inLanguage\":\"de-DE\"},{\"@type\":\"Organization\",\"@id\":\"https:\\\/\\\/sandsiv.com\\\/#organization\",\"name\":\"sandsiv+\",\"url\":\"https:\\\/\\\/sandsiv.com\\\/\",\"logo\":{\"@type\":\"ImageObject\",\"inLanguage\":\"de-DE\",\"@id\":\"https:\\\/\\\/sandsiv.com\\\/#\\\/schema\\\/logo\\\/image\\\/\",\"url\":\"https:\\\/\\\/sandsiv.com\\\/wp-content\\\/uploads\\\/2021\\\/08\\\/logo-light-normal.svg\",\"contentUrl\":\"https:\\\/\\\/sandsiv.com\\\/wp-content\\\/uploads\\\/2021\\\/08\\\/logo-light-normal.svg\",\"width\":376,\"height\":67,\"caption\":\"sandsiv+\"},\"image\":{\"@id\":\"https:\\\/\\\/sandsiv.com\\\/#\\\/schema\\\/logo\\\/image\\\/\"}}]}<\/script>\n<!-- \/ Yoast SEO Premium plugin. -->","yoast_head_json":{"title":"Cookies-Richtlinie - sandsiv+","description":"Cookies-Richtlinie: Diese Website verwendet Cookies, um die Website f\u00fcr den Benutzer angenehmer zu gestalten.","robots":{"index":"index","follow":"follow","max-snippet":"max-snippet:-1","max-image-preview":"max-image-preview:large","max-video-preview":"max-video-preview:-1"},"canonical":"https:\/\/sandsiv.com\/de\/cookies-richtlinie\/","og_locale":"de_DE","og_type":"article","og_title":"Cookies-Richtlinie","og_description":"Cookies-Richtlinie: Diese Website verwendet Cookies, um die Website f\u00fcr den Benutzer angenehmer zu gestalten.","og_url":"https:\/\/sandsiv.com\/de\/cookies-richtlinie\/","og_site_name":"sandsiv+","article_modified_time":"2023-08-11T12:46:04+00:00","twitter_card":"summary_large_image","schema":{"@context":"https:\/\/schema.org","@graph":[{"@type":"WebPage","@id":"https:\/\/sandsiv.com\/de\/cookies-richtlinie\/","url":"https:\/\/sandsiv.com\/de\/cookies-richtlinie\/","name":"Cookies-Richtlinie - sandsiv+","isPartOf":{"@id":"https:\/\/sandsiv.com\/#website"},"datePublished":"2021-08-12T07:41:23+00:00","dateModified":"2023-08-11T12:46:04+00:00","description":"Cookies-Richtlinie: Diese Website verwendet Cookies, um die Website f\u00fcr den Benutzer angenehmer zu gestalten.","breadcrumb":{"@id":"https:\/\/sandsiv.com\/de\/cookies-richtlinie\/#breadcrumb"},"inLanguage":"de-DE","potentialAction":[{"@type":"ReadAction","target":["https:\/\/sandsiv.com\/de\/cookies-richtlinie\/"]}]},{"@type":"BreadcrumbList","@id":"https:\/\/sandsiv.com\/de\/cookies-richtlinie\/#breadcrumb","itemListElement":[{"@type":"ListItem","position":1,"name":"Home","item":"https:\/\/sandsiv.com\/de\/"},{"@type":"ListItem","position":2,"name":"Cookies-Richtlinie"}]},{"@type":"WebSite","@id":"https:\/\/sandsiv.com\/#website","url":"https:\/\/sandsiv.com\/","name":"sandsiv+","description":"Customer Intelligence Made In Switzerland","publisher":{"@id":"https:\/\/sandsiv.com\/#organization"},"potentialAction":[{"@type":"SearchAction","target":{"@type":"EntryPoint","urlTemplate":"https:\/\/sandsiv.com\/?s={search_term_string}"},"query-input":{"@type":"PropertyValueSpecification","valueRequired":true,"valueName":"search_term_string"}}],"inLanguage":"de-DE"},{"@type":"Organization","@id":"https:\/\/sandsiv.com\/#organization","name":"sandsiv+","url":"https:\/\/sandsiv.com\/","logo":{"@type":"ImageObject","inLanguage":"de-DE","@id":"https:\/\/sandsiv.com\/#\/schema\/logo\/image\/","url":"https:\/\/sandsiv.com\/wp-content\/uploads\/2021\/08\/logo-light-normal.svg","contentUrl":"https:\/\/sandsiv.com\/wp-content\/uploads\/2021\/08\/logo-light-normal.svg","width":376,"height":67,"caption":"sandsiv+"},"image":{"@id":"https:\/\/sandsiv.com\/#\/schema\/logo\/image\/"}}]}},"_links":{"self":[{"href":"https:\/\/sandsiv.com\/de\/wp-json\/wp\/v2\/pages\/10278","targetHints":{"allow":["GET"]}}],"collection":[{"href":"https:\/\/sandsiv.com\/de\/wp-json\/wp\/v2\/pages"}],"about":[{"href":"https:\/\/sandsiv.com\/de\/wp-json\/wp\/v2\/types\/page"}],"author":[{"embeddable":true,"href":"https:\/\/sandsiv.com\/de\/wp-json\/wp\/v2\/users\/5"}],"replies":[{"embeddable":true,"href":"https:\/\/sandsiv.com\/de\/wp-json\/wp\/v2\/comments?post=10278"}],"version-history":[{"count":0,"href":"https:\/\/sandsiv.com\/de\/wp-json\/wp\/v2\/pages\/10278\/revisions"}],"wp:attachment":[{"href":"https:\/\/sandsiv.com\/de\/wp-json\/wp\/v2\/media?parent=10278"}],"curies":[{"name":"wp","href":"https:\/\/api.w.org\/{rel}","templated":true}]}}