
{"id":10236,"date":"2022-07-25T14:54:19","date_gmt":"2022-07-25T14:54:19","guid":{"rendered":"https:\/\/sandsiv.com\/tag-managers\/"},"modified":"2023-08-10T13:01:43","modified_gmt":"2023-08-10T13:01:43","slug":"tagmanager","status":"publish","type":"page","link":"https:\/\/sandsiv.com\/de\/tagmanager\/","title":{"rendered":"Tagmanager"},"content":{"rendered":"<div id=\"banner-block_a713228e445f2968532c36001fb1999c\"\r\n    class=\"banner scroll-fade\">\r\n    <div\r\n        class=\"module mt_0  mb_0\">\r\n        <div class=\"container\">\r\n            <div class=\"banner__inner\">\r\n                <div class=\"banner__data\">\r\n                                        <h1 class=\"heading\">Der einfachste Weg zur <strong\r\n                            class=\"heading_red\">Integration<\/strong>                    <\/h1>\r\n                                                            <div class=\"description\">Eine schnelle und einfache M\u00f6glichkeit, Ihre Tags und Kunden zu vernetzen.                    <\/div>                                                            <div class=\"banner__button\">\r\n                        <a href=\"https:\/\/mautic.sandsiv.com\/asset\/108:sandsiv-tag-managerpdf\"\r\n                            class=\"btn\" _self                            >Laden Sie die Anleitung herunter<\/a>\r\n                    <\/div>\r\n                                                                            <\/div>\r\n                <div class=\"banner__media\">\r\n                                        <div class=\"banner__image\">\r\n                        <picture class=\"image\">\r\n                            <source srcset=\"https:\/\/sandsiv.com\/wp-content\/uploads\/2022\/07\/sandsiv-social-LI-22.png\">\r\n                            <img decoding=\"async\" src=\"https:\/\/sandsiv.com\/wp-content\/uploads\/2022\/07\/sandsiv-social-LI-22.png\"\r\n                                alt=\"\" \/>\r\n                        <\/picture>\r\n                    <\/div>\r\n                                                                            <\/div>\r\n            <\/div>\r\n        <\/div>\r\n    <\/div>\r\n<\/div>\n\n\r\n<div id=\"frames_section-block_131c5aba5315cc6a2e09fa42b7fd3eea\" class=\"frames_section scroll-fade\">\r\n    <div class=\"module mt_0  mb_0\">  \r\n        <div class=\"bg_clr_section bg_clr_turquoise\">               \r\n            <div class=\"container\">\r\n                <div class=\"frames_section_inner\"> \r\n                                            <div class=\"heading\">\r\n                            <span style=\"color: #404040;\">sandsiv+ Integration mit Tag Manager<\/span>                        <\/div>\r\n                                                                <div class=\"text\">\r\n                            <p><span data-sheets-value=\"{&quot;1&quot;:2,&quot;2&quot;:&quot;Mit einem einfachen Aufruf Ihres Tag Managers k\u00f6nnen Sie jetzt schnell jede Seite Ihrer Website mit sandsiv+ verbinden. Dies macht Sie unabh\u00e4ngig von IT-Entwicklungszyklen, beschleunigt die Einf\u00fchrung neuer datengesteuerter Initiativen und CX-Kampagnen und verbessert das digitale Erlebnis erheblich.&quot;}\" data-sheets-userformat=\"{&quot;2&quot;:14593,&quot;3&quot;:{&quot;1&quot;:0,&quot;3&quot;:1},&quot;11&quot;:4,&quot;14&quot;:{&quot;1&quot;:2,&quot;2&quot;:0},&quot;15&quot;:&quot;Arial&quot;,&quot;16&quot;:10}\">Mit einem einfachen Aufruf Ihres Tag Managers k\u00f6nnen Sie jetzt schnell jede Seite Ihrer Website mit sandsiv+ verbinden. Dies macht Sie unabh\u00e4ngig von IT-Entwicklungszyklen, beschleunigt die Einf\u00fchrung neuer datengesteuerter Initiativen und CX-Kampagnen und verbessert das digitale Erlebnis erheblich.<\/span><\/p>\n                        <\/div>\r\n                                                        <\/div>\r\n            <\/div>\r\n        <\/div>\r\n    <\/div>\r\n<\/div>\n\n<div id=\"card-block_211a97a99f755ee98b853a3192c1f650\"\n    class=\"card scroll-fade\">\n    <div\n        class=\"module  mb_0\">\n        <div class=\"container\">\n            <div class=\"card__inner\">\n                <div class=\"card__header\">\n                                                                                <\/div>\n                                <div\n                    class=\"card__news_list custom_list list_column3_icon\">\n                                        <div class=\"newsItem\">\n                        <div\n                            class=\"newsItem__inner isIcon\">\n                                                        <div class=\"icon\"\n                                >\n                                <img decoding=\"async\" src=\"https:\/\/sandsiv.com\/wp-content\/uploads\/2022\/07\/clock.png\"\n                                    alt=\"\" \/>\n                            <\/div>\n                                                        <div class=\"contant\">\n                                                                <h2 class=\"title\">Gewinnen Sie Flexibilit\u00e4t und Geschwindigkeit                                <\/h2>                                                                <div class=\"short_description\">\n                                    Vereinfachen Sie die Verwaltung digitaler Umfragen f\u00fcr Ihre eigenen Projekte. Sofortige Integrationen bedeuten weniger Einschr\u00e4nkungen f\u00fcr Ihre Analysen und Ihr Marketing. Beschleunigen Sie die Ladezeiten Ihrer Website f\u00fcr ein optimales Nutzererlebnis.                                                                <\/div>\n                                                                                                                                                            <\/div>\n                        <\/div>\n                    <\/div>\n                                        <div class=\"newsItem\">\n                        <div\n                            class=\"newsItem__inner isIcon\">\n                                                        <div class=\"icon\"\n                                >\n                                <img decoding=\"async\" src=\"https:\/\/sandsiv.com\/wp-content\/uploads\/2022\/07\/analysis.png\"\n                                    alt=\"\" \/>\n                            <\/div>\n                                                        <div class=\"contant\">\n                                                                <h2 class=\"title\">Optimieren Sie die Datenerfassung                                <\/h2>                                                                <div class=\"short_description\">\n                                    Beenden Sie das Chaos bei der Verwaltung von Umfragen und bringen Sie Ihre Analyse- und Marketingprogramme in Schwung. Verbringen Sie weniger Zeit mit dem Code und mehr Zeit mit Innovationen.\r\n                                                                <\/div>\n                                                                                                                                                            <\/div>\n                        <\/div>\n                    <\/div>\n                                        <div class=\"newsItem\">\n                        <div\n                            class=\"newsItem__inner isIcon\">\n                                                        <div class=\"icon\"\n                                >\n                                <img decoding=\"async\" src=\"https:\/\/sandsiv.com\/wp-content\/uploads\/2022\/07\/convergence-1.png\"\n                                    alt=\"\" \/>\n                            <\/div>\n                                                        <div class=\"contant\">\n                                                                <h2 class=\"title\">Innovation nach Ihrem eigenen Zeitplan                                <\/h2>                                                                <div class=\"short_description\">\n                                    Konfigurieren und aktualisieren Sie Umfragen in Sekundenschnelle. L\u00f6sen Sie sich vom IT-Entwicklungszyklus und verwalten Sie Umfragen nach Ihrem eigenen Zeitplan. Erstellen Sie im Handumdrehen ein Umfrage-Tag, das Sie bei Bedarf in der Vorschau anzeigen, aktivieren und deaktivieren k\u00f6nnen.                                                                <\/div>\n                                                                                                                                                            <\/div>\n                        <\/div>\n                    <\/div>\n                                    <\/div>\n                                                                <div class=\"card__button\">\n                    <a href=\"https:\/\/mautic.sandsiv.com\/asset\/108:sandsiv-tag-managerpdf\"\n                        class=\"btn\"                         >Laden Sie die Anleitung herunter<\/a>\n                <\/div>\n                \n            <\/div>\n        <\/div>\n    <\/div>\n<\/div>\n\n\r\n<div id=\"frames_section-block_a5b5a7cf2629f024f3f46d634ca18d85\" class=\"frames_section scroll-fade\">\r\n    <div class=\"module \">  \r\n        <div class=\"bg_clr_section bg_clr_red\">               \r\n            <div class=\"container\">\r\n                <div class=\"frames_section_inner\"> \r\n                                            <div class=\"heading\">\r\n                            Beginnen Sie noch heute mit sandsiv+ zu wachsen                        <\/div>\r\n                                                                                    <div class=\"button_section\">\r\n                            <a class=\"btn btn--white \" href=\"https:\/\/sandsiv.com\/de\/demo-anfordern\/\" >\r\n                                Demo anfordern                            <\/a>\r\n                        <\/div>\r\n                                    <\/div>\r\n            <\/div>\r\n        <\/div>\r\n    <\/div>\r\n<\/div>","protected":false},"excerpt":{"rendered":"","protected":false},"author":9,"featured_media":0,"parent":0,"menu_order":0,"comment_status":"closed","ping_status":"closed","template":"","meta":{"content-type":"","footnotes":""},"class_list":["post-10236","page","type-page","status-publish","hentry"],"acf":[],"yoast_head":"<!-- This site is optimized with the Yoast SEO Premium plugin v26.9 (Yoast SEO v27.5) - https:\/\/yoast.com\/product\/yoast-seo-premium-wordpress\/ -->\n<title>Tagmanager - sandsiv+<\/title>\n<meta name=\"description\" content=\"Mit einem einfachen Aufruf Ihres Tagmanager k\u00f6nnen Sie jetzt schnell jede Seite Ihrer Website mit sandsiv+ verbinden.\" \/>\n<meta name=\"robots\" content=\"index, follow, max-snippet:-1, max-image-preview:large, max-video-preview:-1\" \/>\n<link rel=\"canonical\" href=\"https:\/\/sandsiv.com\/de\/tagmanager\/\" \/>\n<meta property=\"og:locale\" content=\"de_DE\" \/>\n<meta property=\"og:type\" content=\"article\" \/>\n<meta property=\"og:title\" content=\"Tagmanager\" \/>\n<meta property=\"og:description\" content=\"Mit einem einfachen Aufruf Ihres Tagmanager k\u00f6nnen Sie jetzt schnell jede Seite Ihrer Website mit sandsiv+ verbinden.\" \/>\n<meta property=\"og:url\" content=\"https:\/\/sandsiv.com\/de\/tagmanager\/\" \/>\n<meta property=\"og:site_name\" content=\"sandsiv+\" \/>\n<meta property=\"article:modified_time\" content=\"2023-08-10T13:01:43+00:00\" \/>\n<meta name=\"twitter:card\" content=\"summary_large_image\" \/>\n<script type=\"application\/ld+json\" class=\"yoast-schema-graph\">{\"@context\":\"https:\\\/\\\/schema.org\",\"@graph\":[{\"@type\":\"WebPage\",\"@id\":\"https:\\\/\\\/sandsiv.com\\\/de\\\/tagmanager\\\/\",\"url\":\"https:\\\/\\\/sandsiv.com\\\/de\\\/tagmanager\\\/\",\"name\":\"Tagmanager - sandsiv+\",\"isPartOf\":{\"@id\":\"https:\\\/\\\/sandsiv.com\\\/#website\"},\"datePublished\":\"2022-07-25T14:54:19+00:00\",\"dateModified\":\"2023-08-10T13:01:43+00:00\",\"description\":\"Mit einem einfachen Aufruf Ihres Tagmanager k\u00f6nnen Sie jetzt schnell jede Seite Ihrer Website mit sandsiv+ verbinden.\",\"breadcrumb\":{\"@id\":\"https:\\\/\\\/sandsiv.com\\\/de\\\/tagmanager\\\/#breadcrumb\"},\"inLanguage\":\"de-DE\",\"potentialAction\":[{\"@type\":\"ReadAction\",\"target\":[\"https:\\\/\\\/sandsiv.com\\\/de\\\/tagmanager\\\/\"]}]},{\"@type\":\"BreadcrumbList\",\"@id\":\"https:\\\/\\\/sandsiv.com\\\/de\\\/tagmanager\\\/#breadcrumb\",\"itemListElement\":[{\"@type\":\"ListItem\",\"position\":1,\"name\":\"Home\",\"item\":\"https:\\\/\\\/sandsiv.com\\\/de\\\/\"},{\"@type\":\"ListItem\",\"position\":2,\"name\":\"Tagmanager\"}]},{\"@type\":\"WebSite\",\"@id\":\"https:\\\/\\\/sandsiv.com\\\/#website\",\"url\":\"https:\\\/\\\/sandsiv.com\\\/\",\"name\":\"sandsiv+\",\"description\":\"Customer Intelligence Made In Switzerland\",\"publisher\":{\"@id\":\"https:\\\/\\\/sandsiv.com\\\/#organization\"},\"potentialAction\":[{\"@type\":\"SearchAction\",\"target\":{\"@type\":\"EntryPoint\",\"urlTemplate\":\"https:\\\/\\\/sandsiv.com\\\/?s={search_term_string}\"},\"query-input\":{\"@type\":\"PropertyValueSpecification\",\"valueRequired\":true,\"valueName\":\"search_term_string\"}}],\"inLanguage\":\"de-DE\"},{\"@type\":\"Organization\",\"@id\":\"https:\\\/\\\/sandsiv.com\\\/#organization\",\"name\":\"sandsiv+\",\"url\":\"https:\\\/\\\/sandsiv.com\\\/\",\"logo\":{\"@type\":\"ImageObject\",\"inLanguage\":\"de-DE\",\"@id\":\"https:\\\/\\\/sandsiv.com\\\/#\\\/schema\\\/logo\\\/image\\\/\",\"url\":\"https:\\\/\\\/sandsiv.com\\\/wp-content\\\/uploads\\\/2021\\\/08\\\/logo-light-normal.svg\",\"contentUrl\":\"https:\\\/\\\/sandsiv.com\\\/wp-content\\\/uploads\\\/2021\\\/08\\\/logo-light-normal.svg\",\"width\":376,\"height\":67,\"caption\":\"sandsiv+\"},\"image\":{\"@id\":\"https:\\\/\\\/sandsiv.com\\\/#\\\/schema\\\/logo\\\/image\\\/\"}}]}<\/script>\n<!-- \/ Yoast SEO Premium plugin. -->","yoast_head_json":{"title":"Tagmanager - sandsiv+","description":"Mit einem einfachen Aufruf Ihres Tagmanager k\u00f6nnen Sie jetzt schnell jede Seite Ihrer Website mit sandsiv+ verbinden.","robots":{"index":"index","follow":"follow","max-snippet":"max-snippet:-1","max-image-preview":"max-image-preview:large","max-video-preview":"max-video-preview:-1"},"canonical":"https:\/\/sandsiv.com\/de\/tagmanager\/","og_locale":"de_DE","og_type":"article","og_title":"Tagmanager","og_description":"Mit einem einfachen Aufruf Ihres Tagmanager k\u00f6nnen Sie jetzt schnell jede Seite Ihrer Website mit sandsiv+ verbinden.","og_url":"https:\/\/sandsiv.com\/de\/tagmanager\/","og_site_name":"sandsiv+","article_modified_time":"2023-08-10T13:01:43+00:00","twitter_card":"summary_large_image","schema":{"@context":"https:\/\/schema.org","@graph":[{"@type":"WebPage","@id":"https:\/\/sandsiv.com\/de\/tagmanager\/","url":"https:\/\/sandsiv.com\/de\/tagmanager\/","name":"Tagmanager - sandsiv+","isPartOf":{"@id":"https:\/\/sandsiv.com\/#website"},"datePublished":"2022-07-25T14:54:19+00:00","dateModified":"2023-08-10T13:01:43+00:00","description":"Mit einem einfachen Aufruf Ihres Tagmanager k\u00f6nnen Sie jetzt schnell jede Seite Ihrer Website mit sandsiv+ verbinden.","breadcrumb":{"@id":"https:\/\/sandsiv.com\/de\/tagmanager\/#breadcrumb"},"inLanguage":"de-DE","potentialAction":[{"@type":"ReadAction","target":["https:\/\/sandsiv.com\/de\/tagmanager\/"]}]},{"@type":"BreadcrumbList","@id":"https:\/\/sandsiv.com\/de\/tagmanager\/#breadcrumb","itemListElement":[{"@type":"ListItem","position":1,"name":"Home","item":"https:\/\/sandsiv.com\/de\/"},{"@type":"ListItem","position":2,"name":"Tagmanager"}]},{"@type":"WebSite","@id":"https:\/\/sandsiv.com\/#website","url":"https:\/\/sandsiv.com\/","name":"sandsiv+","description":"Customer Intelligence Made In Switzerland","publisher":{"@id":"https:\/\/sandsiv.com\/#organization"},"potentialAction":[{"@type":"SearchAction","target":{"@type":"EntryPoint","urlTemplate":"https:\/\/sandsiv.com\/?s={search_term_string}"},"query-input":{"@type":"PropertyValueSpecification","valueRequired":true,"valueName":"search_term_string"}}],"inLanguage":"de-DE"},{"@type":"Organization","@id":"https:\/\/sandsiv.com\/#organization","name":"sandsiv+","url":"https:\/\/sandsiv.com\/","logo":{"@type":"ImageObject","inLanguage":"de-DE","@id":"https:\/\/sandsiv.com\/#\/schema\/logo\/image\/","url":"https:\/\/sandsiv.com\/wp-content\/uploads\/2021\/08\/logo-light-normal.svg","contentUrl":"https:\/\/sandsiv.com\/wp-content\/uploads\/2021\/08\/logo-light-normal.svg","width":376,"height":67,"caption":"sandsiv+"},"image":{"@id":"https:\/\/sandsiv.com\/#\/schema\/logo\/image\/"}}]}},"_links":{"self":[{"href":"https:\/\/sandsiv.com\/de\/wp-json\/wp\/v2\/pages\/10236","targetHints":{"allow":["GET"]}}],"collection":[{"href":"https:\/\/sandsiv.com\/de\/wp-json\/wp\/v2\/pages"}],"about":[{"href":"https:\/\/sandsiv.com\/de\/wp-json\/wp\/v2\/types\/page"}],"author":[{"embeddable":true,"href":"https:\/\/sandsiv.com\/de\/wp-json\/wp\/v2\/users\/9"}],"replies":[{"embeddable":true,"href":"https:\/\/sandsiv.com\/de\/wp-json\/wp\/v2\/comments?post=10236"}],"version-history":[{"count":0,"href":"https:\/\/sandsiv.com\/de\/wp-json\/wp\/v2\/pages\/10236\/revisions"}],"wp:attachment":[{"href":"https:\/\/sandsiv.com\/de\/wp-json\/wp\/v2\/media?parent=10236"}],"curies":[{"name":"wp","href":"https:\/\/api.w.org\/{rel}","templated":true}]}}